{"id":25899,"date":"2023-02-28T16:08:00","date_gmt":"2023-02-28T15:08:00","guid":{"rendered":"https:\/\/www.blackgoodies.ch\/?page_id=25899"},"modified":"2025-06-17T16:08:32","modified_gmt":"2025-06-17T14:08:32","slug":"schlusselanhanger-mit-flammen","status":"publish","type":"page","link":"https:\/\/www.blackgoodies.ch\/en\/schlusselanhanger-mit-flammen\/","title":{"rendered":"KEYHOLDERS WITH FLAMES"},"content":{"rendered":"<h2 class=\"wp-block-heading alignwide has-text-align-center\">ORIGIN OF FLAME \u201cREMOVE BEFORE FLIGHT\u201d<\/h2>\n\n\n\n<p class=\"has-text-align-center\">Today, companies use them as \u201cgoodies\u201d for their marketing operations by customizing the original slogan and key ring colours.<\/p>\n\n\n\n<p class=\"has-text-align-center\"><strong>Remove before flight<\/strong> Remove before flight is a removable safety warning commonly seen on aircraft and spacecraft, usually in the form of a red ribbon (called a flame). This device prevents the movement of mechanical parts (for example control surfaces against wind gusts) or protects a device such as a pitot tube (from obstruction).<\/p>\n\n\n\n<p class=\"has-text-align-center\">This system is only used when the aircraft is on the ground (parked or taxiing).<\/p>\n\n\n\n<p class=\"has-text-align-center\">It is common to see key chains or bag tags with this ribbon, especially among people passionate about aviation.<\/p>\n\n\n\n<figure class=\"wp-block-image aligncenter size-large\"><img decoding=\"async\" width=\"1024\" height=\"512\" src=\"https:\/\/www.blackgoodies.ch\/wp-content\/uploads\/2025\/06\/promo-site-BG-CH-25-1024x512.png\" alt=\"\" class=\"wp-image-27229\" srcset=\"https:\/\/www.blackgoodies.ch\/wp-content\/uploads\/2025\/06\/promo-site-BG-CH-25-1024x512.png 1024w, https:\/\/www.blackgoodies.ch\/wp-content\/uploads\/2025\/06\/promo-site-BG-CH-25-300x150.png 300w, https:\/\/www.blackgoodies.ch\/wp-content\/uploads\/2025\/06\/promo-site-BG-CH-25-150x75.png 150w, https:\/\/www.blackgoodies.ch\/wp-content\/uploads\/2025\/06\/promo-site-BG-CH-25-768x384.png 768w, https:\/\/www.blackgoodies.ch\/wp-content\/uploads\/2025\/06\/promo-site-BG-CH-25-18x9.png 18w, https:\/\/www.blackgoodies.ch\/wp-content\/uploads\/2025\/06\/promo-site-BG-CH-25-416x208.png 416w, https:\/\/www.blackgoodies.ch\/wp-content\/uploads\/2025\/06\/promo-site-BG-CH-25.png 1123w\" sizes=\"(max-width: 1024px) 100vw, 1024px\" \/><\/figure>","protected":false},"excerpt":{"rendered":"<p>Ursprung der Flamme \u201eREMOVE BEFORE FLIGHT\u201c Heute verwenden Unternehmen sie als \u201eGoodies\u201c f\u00fcr Ihre Marketingaktivit\u00e4ten, indem sie den urspr\u00fcnglichen Remove before flight (auf Deutsch: \u201eVor dem Flug entfernen\u201c) ist eine abnehmbare Sicherheitswarnung, die h\u00e4ufig bei Flugzeugen und Raumfahrzeugen beobachtet wird. Normalerweise in Form eines roten Bandes (sogenannte \u201eFlamme\u201c) Mit dieser Vorrichtung kann die Bewegung mechanischer [&hellip;]<\/p>","protected":false},"author":1,"featured_media":26072,"parent":0,"menu_order":0,"comment_status":"closed","ping_status":"closed","template":"template-page-produit.php","meta":{"_acf_changed":false,"footnotes":""},"class_list":["post-25899","page","type-page","status-publish","has-post-thumbnail","hentry"],"acf":[],"yoast_head":"<!-- This site is optimized with the Yoast SEO plugin v22.0 - https:\/\/yoast.com\/wordpress\/plugins\/seo\/ -->\n<title>Schl\u00fcsselanh\u00e4nger mit Flammen - blackgoodies.ch<\/title>\n<meta name=\"description\" content=\"les entreprises utilisent les Porte-cl\u00e9s Flammes en tant que \u201cgoodies\u201d pour leurs op\u00e9rations marketing les personnalisant\" \/>\n<meta name=\"robots\" content=\"index, follow, max-snippet:-1, max-image-preview:large, max-video-preview:-1\" \/>\n<link rel=\"canonical\" href=\"https:\/\/www.blackgoodies.ch\/en\/schlusselanhanger-mit-flammen\/\" \/>\n<meta property=\"og:locale\" content=\"en_GB\" \/>\n<meta property=\"og:type\" content=\"article\" \/>\n<meta property=\"og:title\" content=\"Schl\u00fcsselanh\u00e4nger mit Flammen - blackgoodies.ch\" \/>\n<meta property=\"og:description\" content=\"les entreprises utilisent les Porte-cl\u00e9s Flammes en tant que \u201cgoodies\u201d pour leurs op\u00e9rations marketing les personnalisant\" \/>\n<meta property=\"og:url\" content=\"https:\/\/www.blackgoodies.ch\/en\/schlusselanhanger-mit-flammen\/\" \/>\n<meta property=\"og:site_name\" content=\"blackgoodies.ch\" \/>\n<meta property=\"article:publisher\" content=\"https:\/\/www.facebook.com\/profile.php?id=100089695582463\" \/>\n<meta property=\"article:modified_time\" content=\"2025-06-17T14:08:32+00:00\" \/>\n<meta property=\"og:image\" content=\"https:\/\/www.blackgoodies.ch\/wp-content\/uploads\/2023\/03\/Flammes1b-scaled.jpg\" \/>\n\t<meta property=\"og:image:width\" content=\"2560\" \/>\n\t<meta property=\"og:image:height\" content=\"888\" \/>\n\t<meta property=\"og:image:type\" content=\"image\/jpeg\" \/>\n<meta name=\"twitter:card\" content=\"summary_large_image\" \/>\n<meta name=\"twitter:label1\" content=\"Estimated reading time\" \/>\n\t<meta name=\"twitter:data1\" content=\"1 minute\" \/>\n<script type=\"application\/ld+json\" class=\"yoast-schema-graph\">{\"@context\":\"https:\/\/schema.org\",\"@graph\":[{\"@type\":\"WebPage\",\"@id\":\"https:\/\/www.blackgoodies.ch\/schlusselanhanger-mit-flammen\/\",\"url\":\"https:\/\/www.blackgoodies.ch\/schlusselanhanger-mit-flammen\/\",\"name\":\"Schl\u00fcsselanh\u00e4nger mit Flammen - blackgoodies.ch\",\"isPartOf\":{\"@id\":\"https:\/\/www.blackgoodies.ch\/#website\"},\"datePublished\":\"2023-02-28T15:08:00+00:00\",\"dateModified\":\"2025-06-17T14:08:32+00:00\",\"description\":\"les entreprises utilisent les Porte-cl\u00e9s Flammes en tant que \u201cgoodies\u201d pour leurs op\u00e9rations marketing les personnalisant\",\"inLanguage\":\"en-GB\",\"potentialAction\":[{\"@type\":\"ReadAction\",\"target\":[\"https:\/\/www.blackgoodies.ch\/schlusselanhanger-mit-flammen\/\"]}]},{\"@type\":\"WebSite\",\"@id\":\"https:\/\/www.blackgoodies.ch\/#website\",\"url\":\"https:\/\/www.blackgoodies.ch\/\",\"name\":\"blackgoodies\",\"description\":\"Emblemen - Flammen - Merchandising\",\"publisher\":{\"@id\":\"https:\/\/www.blackgoodies.ch\/#organization\"},\"potentialAction\":[{\"@type\":\"SearchAction\",\"target\":{\"@type\":\"EntryPoint\",\"urlTemplate\":\"https:\/\/www.blackgoodies.ch\/?s={search_term_string}\"},\"query-input\":\"required name=search_term_string\"}],\"inLanguage\":\"en-GB\"},{\"@type\":\"Organization\",\"@id\":\"https:\/\/www.blackgoodies.ch\/#organization\",\"name\":\"Blackgoodies\",\"url\":\"https:\/\/www.blackgoodies.ch\/\",\"logo\":{\"@type\":\"ImageObject\",\"inLanguage\":\"en-GB\",\"@id\":\"https:\/\/www.blackgoodies.ch\/#\/schema\/logo\/image\/\",\"url\":\"https:\/\/www.blackgoodies.ch\/wp-content\/uploads\/2023\/03\/favicon.png\",\"contentUrl\":\"https:\/\/www.blackgoodies.ch\/wp-content\/uploads\/2023\/03\/favicon.png\",\"width\":209,\"height\":209,\"caption\":\"Blackgoodies\"},\"image\":{\"@id\":\"https:\/\/www.blackgoodies.ch\/#\/schema\/logo\/image\/\"},\"sameAs\":[\"https:\/\/www.facebook.com\/profile.php?id=100089695582463\",\"https:\/\/www.instagram.com\/blackgoodiesFR\/\"]}]}<\/script>\n<!-- \/ Yoast SEO plugin. -->","yoast_head_json":{"title":"Schl\u00fcsselanh\u00e4nger mit Flammen - blackgoodies.ch","description":"les entreprises utilisent les Porte-cl\u00e9s Flammes en tant que \u201cgoodies\u201d pour leurs op\u00e9rations marketing les personnalisant","robots":{"index":"index","follow":"follow","max-snippet":"max-snippet:-1","max-image-preview":"max-image-preview:large","max-video-preview":"max-video-preview:-1"},"canonical":"https:\/\/www.blackgoodies.ch\/en\/schlusselanhanger-mit-flammen\/","og_locale":"en_GB","og_type":"article","og_title":"Schl\u00fcsselanh\u00e4nger mit Flammen - blackgoodies.ch","og_description":"les entreprises utilisent les Porte-cl\u00e9s Flammes en tant que \u201cgoodies\u201d pour leurs op\u00e9rations marketing les personnalisant","og_url":"https:\/\/www.blackgoodies.ch\/en\/schlusselanhanger-mit-flammen\/","og_site_name":"blackgoodies.ch","article_publisher":"https:\/\/www.facebook.com\/profile.php?id=100089695582463","article_modified_time":"2025-06-17T14:08:32+00:00","og_image":[{"width":2560,"height":888,"url":"https:\/\/www.blackgoodies.ch\/wp-content\/uploads\/2023\/03\/Flammes1b-scaled.jpg","type":"image\/jpeg"}],"twitter_card":"summary_large_image","twitter_misc":{"Estimated reading time":"1 minute"},"schema":{"@context":"https:\/\/schema.org","@graph":[{"@type":"WebPage","@id":"https:\/\/www.blackgoodies.ch\/schlusselanhanger-mit-flammen\/","url":"https:\/\/www.blackgoodies.ch\/schlusselanhanger-mit-flammen\/","name":"Schl\u00fcsselanh\u00e4nger mit Flammen - blackgoodies.ch","isPartOf":{"@id":"https:\/\/www.blackgoodies.ch\/#website"},"datePublished":"2023-02-28T15:08:00+00:00","dateModified":"2025-06-17T14:08:32+00:00","description":"les entreprises utilisent les Porte-cl\u00e9s Flammes en tant que \u201cgoodies\u201d pour leurs op\u00e9rations marketing les personnalisant","inLanguage":"en-GB","potentialAction":[{"@type":"ReadAction","target":["https:\/\/www.blackgoodies.ch\/schlusselanhanger-mit-flammen\/"]}]},{"@type":"WebSite","@id":"https:\/\/www.blackgoodies.ch\/#website","url":"https:\/\/www.blackgoodies.ch\/","name":"blackgoodies","description":"Emblemen - Flammen - Merchandising","publisher":{"@id":"https:\/\/www.blackgoodies.ch\/#organization"},"potentialAction":[{"@type":"SearchAction","target":{"@type":"EntryPoint","urlTemplate":"https:\/\/www.blackgoodies.ch\/?s={search_term_string}"},"query-input":"required name=search_term_string"}],"inLanguage":"en-GB"},{"@type":"Organization","@id":"https:\/\/www.blackgoodies.ch\/#organization","name":"Blackgoodies","url":"https:\/\/www.blackgoodies.ch\/","logo":{"@type":"ImageObject","inLanguage":"en-GB","@id":"https:\/\/www.blackgoodies.ch\/#\/schema\/logo\/image\/","url":"https:\/\/www.blackgoodies.ch\/wp-content\/uploads\/2023\/03\/favicon.png","contentUrl":"https:\/\/www.blackgoodies.ch\/wp-content\/uploads\/2023\/03\/favicon.png","width":209,"height":209,"caption":"Blackgoodies"},"image":{"@id":"https:\/\/www.blackgoodies.ch\/#\/schema\/logo\/image\/"},"sameAs":["https:\/\/www.facebook.com\/profile.php?id=100089695582463","https:\/\/www.instagram.com\/blackgoodiesFR\/"]}]}},"_links":{"self":[{"href":"https:\/\/www.blackgoodies.ch\/en\/wp-json\/wp\/v2\/pages\/25899"}],"collection":[{"href":"https:\/\/www.blackgoodies.ch\/en\/wp-json\/wp\/v2\/pages"}],"about":[{"href":"https:\/\/www.blackgoodies.ch\/en\/wp-json\/wp\/v2\/types\/page"}],"author":[{"embeddable":true,"href":"https:\/\/www.blackgoodies.ch\/en\/wp-json\/wp\/v2\/users\/1"}],"replies":[{"embeddable":true,"href":"https:\/\/www.blackgoodies.ch\/en\/wp-json\/wp\/v2\/comments?post=25899"}],"version-history":[{"count":0,"href":"https:\/\/www.blackgoodies.ch\/en\/wp-json\/wp\/v2\/pages\/25899\/revisions"}],"wp:featuredmedia":[{"embeddable":true,"href":"https:\/\/www.blackgoodies.ch\/en\/wp-json\/wp\/v2\/media\/26072"}],"wp:attachment":[{"href":"https:\/\/www.blackgoodies.ch\/en\/wp-json\/wp\/v2\/media?parent=25899"}],"curies":[{"name":"wp","href":"https:\/\/api.w.org\/{rel}","templated":true}]}}