{"id":45,"date":"2019-02-18T10:39:20","date_gmt":"2019-02-18T09:39:20","guid":{"rendered":"https:\/\/www.blackgoodies.ch\/?page_id=45"},"modified":"2024-11-05T17:12:00","modified_gmt":"2024-11-05T16:12:00","slug":"faq","status":"publish","type":"page","link":"https:\/\/www.blackgoodies.ch\/en\/faq\/","title":{"rendered":"FAQ"},"content":{"rendered":"<div class=\"wp-block-columns has-2-columns is-layout-flex wp-container-core-columns-is-layout-1 wp-block-columns-is-layout-flex\">\n<div class=\"wp-block-column is-layout-flow wp-block-column-is-layout-flow\" style=\"flex-basis:33.33%\">\n<p class=\"mb-1\">Klicken Sie auf eine der Fragen, um weitere Einzelheiten zu erfahren.<\/p>\n\n\n\n<ol class=\"wp-block-list\">\n<li><a href=\"#q2\">Wie werden die verschiedenen Abzeichen hergestellt?<\/a><\/li>\n\n\n\n<li><a href=\"#q3\">Was ist die Lieferfrist der Abzeichen?<\/a><\/li>\n\n\n\n<li><a href=\"#q4\">Was kostet mein Abzeichen?<\/a><\/li>\n\n\n\n<li><a href=\"#q5\">Wie kann ich bestellen?<\/a><\/li>\n\n\n\n<li><a href=\"#q6\">Welches Format braucht mein Logo?<\/a><\/li>\n\n\n\n<li><a href=\"#q7\">Wie w\u00e4hlen wir die Farben Ihres Wappens aus?<\/a><\/li>\n\n\n\n<li><a href=\"#q8\">Sie k\u00f6nnen Ihr Logo nicht \u00fcber die Website senden..<\/a><\/li>\n\n\n\n<li><a href=\"#q9\">Zahlungsart f\u00fcr Ihre Bestellungen?<\/a><\/li>\n\n\n\n<li><a href=\"#q10\">Welche Menge und Gr\u00f6\u00dfe kann ich bestellen ?<\/a><\/li>\n\n\n\n<li><a href=\"#q11\">Wie werde ich Wiederverk\u00e4ufer?<\/a><\/li>\n\n\n\n<li><a href=\"http:\/\/q12\">Um uns zu kontaktieren oder wenn Sie weitere Fragen haben ?<\/a><\/li>\n<\/ol>\n<\/div>\n\n\n\n<div class=\"wp-block-column is-layout-flow wp-block-column-is-layout-flow\">\n<h3 class=\"wp-block-heading\" id=\"q1\"><strong>1. WIE WERDEN DIE EINZELNEN ABZEICHEN HERGESTELLT ?<\/strong><\/h3>\n\n\n\n<p>Die gestickten Aufn\u00e4her sind:<\/p>\n\n\n\n<ul class=\"wp-block-list\">\n<li>Die verwendeten Gewebe und Garne sind Garne garantiert ISO 105 C06. Die gestickten Aufn\u00e4her sind bis 40\u00b0C waschbar und werden mit umweltfreundlichen Produkten und Farben hergestellt.<\/li>\n<\/ul>\n\n\n\n<p>Die gewebten Abzeichen sind:<\/p>\n\n\n\n<ul class=\"wp-block-list\">\n<li>Basis aus halbgl\u00e4nzenden Polyestergarnen, unsere verwendeten Garne sind Oeko-Tex Standard 100, waschbar bis 40\u00b0C<\/li>\n<\/ul>\n\n\n\n<p>Die sublimierten\/gemischten Abzeichen:<\/p>\n\n\n\n<ul class=\"wp-block-list\">\n<li>Basis Satin, waschbar bei 40\u00b0C, hergestellt mit umweltfreundlichen Farben und Produkten.<\/li>\n<\/ul>\n\n\n\n<p>Die PVC-Abzeichen sind:<\/p>\n\n\n\n<ul class=\"wp-block-list\">\n<li>Auf der Basis von Polyvinylchlorid werden PVC-Abzeichen mit Kunststoffspritzgie\u00dfmaschinen hergestellt: Das Kunststoffmaterial wird durch W\u00e4rme erweicht, dann in eine Form gespritzt und dann abgek\u00fchlt.<\/li>\n<\/ul>\n\n\n\n<h3 class=\"wp-block-heading\" id=\"q3\"><strong>2.&nbsp;WELCHE LIEFERZEIT F\u00dcR UNSERE ABZEICHEN?<\/strong><\/h3>\n\n\n\n<p>Bei bestickten, gewebten und sublimierten Aufn\u00e4hern dauert es zwischen der Best\u00e4tigung Ihrer Bestellung auf der Website www.blackgoodies.ch&nbsp; und der Lieferung Ihrer Aufn\u00e4her an Sie je nach gew\u00e4hltem Material 2 bis 3 Wochen. F\u00fcr PVC-Abzeichen ben\u00f6tigen Sie 4 bis 6 Wochen Herstellungszeit.<\/p>\n\n\n\n<p>Diese Frist beinhaltet das sogenannte B.A.T. (Gut zum Druck), das Ihnen in der Regel innerhalb von 6 Tagen nach Ihrer Bestellung per E-Mail zugesandt wird. Wenn \u00c4nderungen vorgenommen werden m\u00fcssen oder Sie Zeit ben\u00f6tigen, um das BAT zu validieren, kann sich die Zeit nat\u00fcrlich verl\u00e4ngern.<\/p>\n\n\n\n<p>Dauer je nach Art des Schildes:<\/p>\n\n\n\n<ul class=\"wp-block-list\">\n<li>Ca. 2-3 Wochen f\u00fcr gestickte, gewebte, gemischte\/sublimierte<\/li>\n<\/ul>\n\n\n\n<ul class=\"wp-block-list\">\n<li>Etwa 4 bis 6 Wochen f\u00fcr PVC.<\/li>\n<\/ul>\n\n\n\n<p>Wir informieren Sie regelm\u00e4\u00dfig \u00fcber Ihre Bestellung.<\/p>\n\n\n\n<h3 class=\"wp-block-heading\" id=\"q4\"><strong>3. WIEVIEL KOSTET MEIN ABZEICHEN?<\/strong><\/h3>\n\n\n\n<p>Die Preise sind ohne Steuern und Mehrwertsteuer angegeben. Keine technischen Kosten und Versandkosten sind kostenlos. Sie werden angezeigt, wenn Sie Ihr Angebot\/ Ihre Bestellung auf der Grundlage der Art des Schildes und der ausgew\u00e4hlten Menge machen.<\/p>\n\n\n\n<p>Die Preise \u00e4ndern sich je nach Menge, Material w\u00e4hlen, Abmessungen und Ausf\u00fchrungen und Optionen.<\/p>\n\n\n\n<h3 class=\"wp-block-heading\" id=\"q5\"><strong>4. WIE MACHE ICH EIN ANGEBOT ODER WIE&nbsp; BESTELLE ICH?<\/strong><\/h3>\n\n\n\n<p>W\u00e4hlen Sie f\u00fcr ein Angebot das Material aus und simulieren Sie eine Bestellung, ohne eine Datei zu erstellen. Der Preis wird unten auf der Seite angezeigt. Sie k\u00f6nnen Ihr Angebot herunterladen oder ausdrucken (Symbol unten<\/p>\n\n\n\n<h3 class=\"wp-block-heading\" id=\"q6\"><strong>5. WELCHES FORMAT BRAUCHT MEIN LOGO?<\/strong><\/h3>\n\n\n\n<p>Eine JPG-Datei gen\u00fcgt. Andere Formate werden akzeptiert, wie GIF, BMP, PDF etc. Wenn Sie Zweifel an dem Format haben, das Sie haben, oder eine Frage, <a href=\"https:\/\/www.blackgoodies.ch\/en\/contact\/\">kontaktieren Sie uns<\/a>.<\/p>\n\n\n\n<p><em><a href=\"#top\">Zur\u00fcck zu den Fragen<\/a><\/em><\/p>\n\n\n\n<h3 class=\"wp-block-heading\" id=\"q7\"><strong>6. WIE W\u00c4HLEN WIR DIE FARBEN F\u00dcR IHR ABZEICHEN ?(auf der Seite).<\/strong><\/h3>\n\n\n\n<p>Wir w\u00e4hlen die Garnfarben nach Ihrer Datei aus. Die Farben auf unseren Displays dienen als Referenz. Falls Sie \u00abPantone\u00bb-Referenzen f\u00fcr Farben haben, geben Sie diese einfach bei Ihrer Bestellung im Abschnitt \u00abZus\u00e4tzliche Anweisungen\u00bb an.<\/p>\n\n\n\n<p><em><a href=\"#top\">Zur\u00fcck zu den Fragen<\/a><\/em><\/p>\n\n\n\n<h3 class=\"wp-block-heading\" id=\"q8\"><strong>7. K\u00d6NNEN SIE IHR LOGO NICHT \u00dcBER DIE WEBSITE SENDEN?<\/strong><\/h3>\n\n\n\n<p>Haben Sie ein Problem, Ihre Datei an die Bestellung anzuh\u00e4ngen? <a href=\"https:\/\/www.blackgoodies.ch\/en\/contact\/\">Kontaktieren Sie uns telefonisch oder per Mail<\/a> und wir erkl\u00e4ren Ihnen das weitere Vorgehen.<\/p>\n\n\n\n<p><em><a href=\"#top\">Zur\u00fcck zu den Fragen<\/a><\/em><\/p>\n\n\n\n<h3 class=\"wp-block-heading\" id=\"q9\"><strong>8. ZAHLUNGSART F\u00dcR IHRE BEFEHLE<\/strong> <strong>:<\/strong><\/h3>\n\n\n\n<p><strong>Wir akzeptieren keine Zahlungen per Scheck.<\/strong><\/p>\n\n\n\n<p><strong>1) mit Kreditkarte (Carte Bleue, Visa, Mastercard\/Eurocard, American Express), online<\/strong><\/p>\n\n\n\n<p>Payments are made by credit card; they are made via the secure system that uses the SSL protocol (Secure Socket Layer) uses such that the transmitted information is encrypted by software and no third parties can gain knowledge of it during transport in the network.<\/p>\n\n\n\n<p>The order will be automatically cancelled and the customer will be notified by email if the relevant bank payment centres have refused their consent.<\/p>\n\n\n\n<p>Dar\u00fcber hinaus beh\u00e4lt sich Blackgoodies das Recht vor, Zahlungen per Kreditkarte in H\u00f6he von \u00fcber 2.000 CHF abzulehnen.<\/p>\n\n\n\n<p><strong>2) Per PayPal-Zahlung bis maximal 2000 CHF<\/strong><\/p>\n\n\n\n<p><strong>3) Per \u00dcberweisung<\/strong><\/p>\n\n\n\n<h3 class=\"wp-block-heading\" id=\"q10\"><strong>9. WELCHE MENGE UND GR\u00d6SSE KANN ICH BESTELLEN?<\/strong><\/h3>\n\n\n\n<p>Die Mindestbestellmenge betr\u00e4gt 25 St\u00fcck. Die Preise sind ab 50 St\u00fcck g\u00fcnstiger. Auf der Website k\u00f6nnen Sie bis zu 750 St\u00fcck in Abmessungen von bis zu 12cm x 12cm bestellen. \u00dcber 750 St\u00fcck und wenn Ihr Wappen gr\u00f6\u00dfer als 12cm ist, kontaktieren Sie uns einfach. Bitte beachten Sie, dass bei gro\u00dfen Gr\u00f6ssen (bis 40cm) nur auf Kostenvoranschlag. R\u00fcckfragen<\/p>\n\n\n\n<p>F\u00fcr gestickte: Mindestbestellmenge 25 St\u00fcck.<\/p>\n\n\n\n<p>F\u00fcr Gewebe: Mindestbestellmenge 25 St\u00fcck.<\/p>\n\n\n\n<p>F\u00fcr gemischte\/sublimierte: Mindestbestellmenge 25 St\u00fcck.<\/p>\n\n\n\n<p>F\u00fcr PVC: Mindestbestellmenge betr\u00e4gt 25 St\u00fcck.<\/p>\n\n\n\n<h3 class=\"wp-block-heading\" id=\"q11\"><strong>10. WIE WERDE ICH WIEDERVERKA\u00dcFER?<\/strong><\/h3>\n\n\n\n<p>Haben Sie ein Problem, Ihre Datei an die Bestellung anzuh\u00e4ngen? <a href=\"https:\/\/www.blackgoodies.ch\/en\/contact\/\">Kontaktieren Sie uns telefonisch oder per Mail<\/a>, das weitere Vorgehen erkl\u00e4ren wir Ihnen R\u00fcckfragen<\/p>\n\n\n\n<p><em><a href=\"#top\">Zur\u00fcck zu den Fragen<\/a><\/em><\/p>\n\n\n\n<p>Um Wiederverk\u00e4ufer zu werden und von unseren \u00ab Wiederverk\u00e4ufer \u00bb Tarifen zu genie\u00dfen, m\u00fcssen Sie sich registrieren: daf\u00fcr klicken Sie auf den Button <a href=\"https:\/\/www.blackgoodies.ch\/en\/wiederverkaufer-werden\/\">\u00abKonto erstellen Pro\u00bb<\/a>.<\/p>\n\n\n\n<p>Sobald alle Felder des Formulars ausgef\u00fcllt sind, wird Ihre Kontoanfrage von uns \u00fcberpr\u00fcft und freigegeben. Nach der Freigabe \u00fcbersenden wir Ihnen unsere \u00abWiederverk\u00e4ufer\u00bb Preisliste.<\/p>\n\n\n\n<p><em><a href=\"#top\">Zur\u00fcck zu den Fragen<\/a><\/em><\/p>\n\n\n\n<h3 class=\"wp-block-heading\" id=\"q12\"><strong>11. WOLLEN SIE UNS&nbsp;&nbsp; KONTAKTIEREN ODER HABEN SIE BEI N\u00c4HERE FRAGEN?<\/strong><\/h3>\n\n\n\n<p>Haben Sie weitere Fragen? W\u00fcnschen Sie eine pers\u00f6nliche Beratung?&nbsp; <a href=\"https:\/\/www.blackgoodies.ch\/en\/contact\/\">Dann erreichen Sie uns per E-Mail<\/a>&nbsp;.<\/p>\n\n\n\n<p><em><a href=\"#top\">Zur\u00fcck zu den Fragen<\/a><\/em><br><\/p>\n<\/div>\n<\/div>","protected":false},"excerpt":{"rendered":"<p>Klicken Sie auf eine der Fragen, um weitere Einzelheiten zu erfahren. 1. WIE WERDEN DIE EINZELNEN ABZEICHEN HERGESTELLT ? Die gestickten Aufn\u00e4her sind: Die gewebten Abzeichen sind: Die sublimierten\/gemischten Abzeichen: Die PVC-Abzeichen sind: 2.&nbsp;WELCHE LIEFERZEIT F\u00dcR UNSERE ABZEICHEN? Bei bestickten, gewebten und sublimierten Aufn\u00e4hern dauert es zwischen der Best\u00e4tigung Ihrer Bestellung auf der Website www.blackgoodies.ch&nbsp; [&hellip;]<\/p>","protected":false},"author":1,"featured_media":0,"parent":0,"menu_order":0,"comment_status":"closed","ping_status":"closed","template":"","meta":{"_acf_changed":false,"footnotes":""},"class_list":["post-45","page","type-page","status-publish","hentry"],"acf":[],"yoast_head":"<!-- This site is optimized with the Yoast SEO plugin v22.0 - https:\/\/yoast.com\/wordpress\/plugins\/seo\/ -->\n<title>FAQ - blackgoodies.ch<\/title>\n<meta name=\"robots\" content=\"index, follow, max-snippet:-1, max-image-preview:large, max-video-preview:-1\" \/>\n<link rel=\"canonical\" href=\"https:\/\/www.blackgoodies.ch\/en\/faq\/\" \/>\n<meta property=\"og:locale\" content=\"en_GB\" \/>\n<meta property=\"og:type\" content=\"article\" \/>\n<meta property=\"og:title\" content=\"FAQ - blackgoodies.ch\" \/>\n<meta property=\"og:description\" content=\"Klicken Sie auf eine der Fragen, um weitere Einzelheiten zu erfahren. 1. WIE WERDEN DIE EINZELNEN ABZEICHEN HERGESTELLT ? Die gestickten Aufn\u00e4her sind: Die gewebten Abzeichen sind: Die sublimierten\/gemischten Abzeichen: Die PVC-Abzeichen sind: 2.&nbsp;WELCHE LIEFERZEIT F\u00dcR UNSERE ABZEICHEN? Bei bestickten, gewebten und sublimierten Aufn\u00e4hern dauert es zwischen der Best\u00e4tigung Ihrer Bestellung auf der Website www.blackgoodies.ch&nbsp; [&hellip;]\" \/>\n<meta property=\"og:url\" content=\"https:\/\/www.blackgoodies.ch\/en\/faq\/\" \/>\n<meta property=\"og:site_name\" content=\"blackgoodies.ch\" \/>\n<meta property=\"article:publisher\" content=\"https:\/\/www.facebook.com\/profile.php?id=100089695582463\" \/>\n<meta property=\"article:modified_time\" content=\"2024-11-05T16:12:00+00:00\" \/>\n<meta property=\"og:image\" content=\"https:\/\/www.blackgoodies.ch\/wp-content\/uploads\/2023\/03\/favicon.png\" \/>\n\t<meta property=\"og:image:width\" content=\"209\" \/>\n\t<meta property=\"og:image:height\" content=\"209\" \/>\n\t<meta property=\"og:image:type\" content=\"image\/png\" \/>\n<meta name=\"twitter:card\" content=\"summary_large_image\" \/>\n<meta name=\"twitter:label1\" content=\"Estimated reading time\" \/>\n\t<meta name=\"twitter:data1\" content=\"5 minutes\" \/>\n<script type=\"application\/ld+json\" class=\"yoast-schema-graph\">{\"@context\":\"https:\/\/schema.org\",\"@graph\":[{\"@type\":\"WebPage\",\"@id\":\"https:\/\/www.blackgoodies.ch\/faq\/\",\"url\":\"https:\/\/www.blackgoodies.ch\/faq\/\",\"name\":\"FAQ - blackgoodies.ch\",\"isPartOf\":{\"@id\":\"https:\/\/www.blackgoodies.ch\/#website\"},\"datePublished\":\"2019-02-18T09:39:20+00:00\",\"dateModified\":\"2024-11-05T16:12:00+00:00\",\"inLanguage\":\"en-GB\",\"potentialAction\":[{\"@type\":\"ReadAction\",\"target\":[\"https:\/\/www.blackgoodies.ch\/faq\/\"]}]},{\"@type\":\"WebSite\",\"@id\":\"https:\/\/www.blackgoodies.ch\/#website\",\"url\":\"https:\/\/www.blackgoodies.ch\/\",\"name\":\"blackgoodies\",\"description\":\"Emblemen - Flammen - Merchandising\",\"publisher\":{\"@id\":\"https:\/\/www.blackgoodies.ch\/#organization\"},\"potentialAction\":[{\"@type\":\"SearchAction\",\"target\":{\"@type\":\"EntryPoint\",\"urlTemplate\":\"https:\/\/www.blackgoodies.ch\/?s={search_term_string}\"},\"query-input\":\"required name=search_term_string\"}],\"inLanguage\":\"en-GB\"},{\"@type\":\"Organization\",\"@id\":\"https:\/\/www.blackgoodies.ch\/#organization\",\"name\":\"Blackgoodies\",\"url\":\"https:\/\/www.blackgoodies.ch\/\",\"logo\":{\"@type\":\"ImageObject\",\"inLanguage\":\"en-GB\",\"@id\":\"https:\/\/www.blackgoodies.ch\/#\/schema\/logo\/image\/\",\"url\":\"https:\/\/www.blackgoodies.ch\/wp-content\/uploads\/2023\/03\/favicon.png\",\"contentUrl\":\"https:\/\/www.blackgoodies.ch\/wp-content\/uploads\/2023\/03\/favicon.png\",\"width\":209,\"height\":209,\"caption\":\"Blackgoodies\"},\"image\":{\"@id\":\"https:\/\/www.blackgoodies.ch\/#\/schema\/logo\/image\/\"},\"sameAs\":[\"https:\/\/www.facebook.com\/profile.php?id=100089695582463\",\"https:\/\/www.instagram.com\/blackgoodiesFR\/\"]}]}<\/script>\n<!-- \/ Yoast SEO plugin. -->","yoast_head_json":{"title":"FAQ - blackgoodies.ch","robots":{"index":"index","follow":"follow","max-snippet":"max-snippet:-1","max-image-preview":"max-image-preview:large","max-video-preview":"max-video-preview:-1"},"canonical":"https:\/\/www.blackgoodies.ch\/en\/faq\/","og_locale":"en_GB","og_type":"article","og_title":"FAQ - blackgoodies.ch","og_description":"Klicken Sie auf eine der Fragen, um weitere Einzelheiten zu erfahren. 1. WIE WERDEN DIE EINZELNEN ABZEICHEN HERGESTELLT ? Die gestickten Aufn\u00e4her sind: Die gewebten Abzeichen sind: Die sublimierten\/gemischten Abzeichen: Die PVC-Abzeichen sind: 2.&nbsp;WELCHE LIEFERZEIT F\u00dcR UNSERE ABZEICHEN? Bei bestickten, gewebten und sublimierten Aufn\u00e4hern dauert es zwischen der Best\u00e4tigung Ihrer Bestellung auf der Website www.blackgoodies.ch&nbsp; [&hellip;]","og_url":"https:\/\/www.blackgoodies.ch\/en\/faq\/","og_site_name":"blackgoodies.ch","article_publisher":"https:\/\/www.facebook.com\/profile.php?id=100089695582463","article_modified_time":"2024-11-05T16:12:00+00:00","og_image":[{"width":209,"height":209,"url":"https:\/\/www.blackgoodies.ch\/wp-content\/uploads\/2023\/03\/favicon.png","type":"image\/png"}],"twitter_card":"summary_large_image","twitter_misc":{"Estimated reading time":"5 minutes"},"schema":{"@context":"https:\/\/schema.org","@graph":[{"@type":"WebPage","@id":"https:\/\/www.blackgoodies.ch\/faq\/","url":"https:\/\/www.blackgoodies.ch\/faq\/","name":"FAQ - blackgoodies.ch","isPartOf":{"@id":"https:\/\/www.blackgoodies.ch\/#website"},"datePublished":"2019-02-18T09:39:20+00:00","dateModified":"2024-11-05T16:12:00+00:00","inLanguage":"en-GB","potentialAction":[{"@type":"ReadAction","target":["https:\/\/www.blackgoodies.ch\/faq\/"]}]},{"@type":"WebSite","@id":"https:\/\/www.blackgoodies.ch\/#website","url":"https:\/\/www.blackgoodies.ch\/","name":"blackgoodies","description":"Emblemen - Flammen - Merchandising","publisher":{"@id":"https:\/\/www.blackgoodies.ch\/#organization"},"potentialAction":[{"@type":"SearchAction","target":{"@type":"EntryPoint","urlTemplate":"https:\/\/www.blackgoodies.ch\/?s={search_term_string}"},"query-input":"required name=search_term_string"}],"inLanguage":"en-GB"},{"@type":"Organization","@id":"https:\/\/www.blackgoodies.ch\/#organization","name":"Blackgoodies","url":"https:\/\/www.blackgoodies.ch\/","logo":{"@type":"ImageObject","inLanguage":"en-GB","@id":"https:\/\/www.blackgoodies.ch\/#\/schema\/logo\/image\/","url":"https:\/\/www.blackgoodies.ch\/wp-content\/uploads\/2023\/03\/favicon.png","contentUrl":"https:\/\/www.blackgoodies.ch\/wp-content\/uploads\/2023\/03\/favicon.png","width":209,"height":209,"caption":"Blackgoodies"},"image":{"@id":"https:\/\/www.blackgoodies.ch\/#\/schema\/logo\/image\/"},"sameAs":["https:\/\/www.facebook.com\/profile.php?id=100089695582463","https:\/\/www.instagram.com\/blackgoodiesFR\/"]}]}},"_links":{"self":[{"href":"https:\/\/www.blackgoodies.ch\/en\/wp-json\/wp\/v2\/pages\/45"}],"collection":[{"href":"https:\/\/www.blackgoodies.ch\/en\/wp-json\/wp\/v2\/pages"}],"about":[{"href":"https:\/\/www.blackgoodies.ch\/en\/wp-json\/wp\/v2\/types\/page"}],"author":[{"embeddable":true,"href":"https:\/\/www.blackgoodies.ch\/en\/wp-json\/wp\/v2\/users\/1"}],"replies":[{"embeddable":true,"href":"https:\/\/www.blackgoodies.ch\/en\/wp-json\/wp\/v2\/comments?post=45"}],"version-history":[{"count":0,"href":"https:\/\/www.blackgoodies.ch\/en\/wp-json\/wp\/v2\/pages\/45\/revisions"}],"wp:attachment":[{"href":"https:\/\/www.blackgoodies.ch\/en\/wp-json\/wp\/v2\/media?parent=45"}],"curies":[{"name":"wp","href":"https:\/\/api.w.org\/{rel}","templated":true}]}}