{"id":469,"date":"2019-03-08T17:22:57","date_gmt":"2019-03-08T16:22:57","guid":{"rendered":"https:\/\/www.blackgoodies.ch\/?page_id=469"},"modified":"2023-05-15T17:02:48","modified_gmt":"2023-05-15T15:02:48","slug":"wiederverkaufer-werden","status":"publish","type":"page","link":"https:\/\/www.blackgoodies.ch\/en\/wiederverkaufer-werden\/","title":{"rendered":"Become retailer"},"content":{"rendered":"<p>To benefit from our \u00abRetailer\u00bb rates you must send your request by filling in the form below.<\/p>\n\n\n\n<p>Once all the fields of the form are completed, your account request will be verified and validated by us. Once the validation is done, you will be informed of our \"retailer\" price list.<\/p>\n\n\n\n<div class=\"wpcf7 no-js\" id=\"wpcf7-f642-o1\" lang=\"fr-FR\" dir=\"ltr\">\n<div class=\"screen-reader-response\"><p role=\"status\" aria-live=\"polite\" aria-atomic=\"true\"><\/p> <ul><\/ul><\/div>\n<form action=\"\/en\/wp-json\/wp\/v2\/pages\/469#wpcf7-f642-o1\" method=\"post\" class=\"wpcf7-form init\" aria-label=\"Formulaire de contact\" novalidate=\"novalidate\" data-status=\"init\" data-trp-original-action=\"\/en\/wp-json\/wp\/v2\/pages\/469#wpcf7-f642-o1\">\n<div style=\"display: none;\">\n<input type=\"hidden\" name=\"_wpcf7\" value=\"642\" \/>\n<input type=\"hidden\" name=\"_wpcf7_version\" value=\"5.8.7\" \/>\n<input type=\"hidden\" name=\"_wpcf7_locale\" value=\"fr_FR\" \/>\n<input type=\"hidden\" name=\"_wpcf7_unit_tag\" value=\"wpcf7-f642-o1\" \/>\n<input type=\"hidden\" name=\"_wpcf7_container_post\" value=\"0\" \/>\n<input type=\"hidden\" name=\"_wpcf7_posted_data_hash\" value=\"\" \/>\n<input type=\"hidden\" name=\"_wpcf7_recaptcha_response\" value=\"\" \/>\n<\/div>\n<div class=\"form-container\">\n\t<div class=\"form-item\">\n\t\t<p><label> Company<br \/>\n<span class=\"wpcf7-form-control-wrap\" data-name=\"your-society\"><input size=\"40\" class=\"wpcf7-form-control wpcf7-text wpcf7-validates-as-required\" aria-required=\"true\" aria-invalid=\"false\" value=\"\" type=\"text\" name=\"your-society\" \/><\/span><br \/>\n<\/label>\n\t\t<\/p>\n\t<\/div>\n\t<div class=\"form-item\">\n\t\t<p><label> Name<br \/>\n<span class=\"wpcf7-form-control-wrap\" data-name=\"your-name\"><input size=\"40\" class=\"wpcf7-form-control wpcf7-text wpcf7-validates-as-required\" aria-required=\"true\" aria-invalid=\"false\" value=\"\" type=\"text\" name=\"your-name\" \/><\/span><br \/>\n<\/label>\n\t\t<\/p>\n\t<\/div>\n\t<div class=\"form-item\">\n\t\t<p><label> First Name<br \/>\n<span class=\"wpcf7-form-control-wrap\" data-name=\"your-firstname\"><input size=\"40\" class=\"wpcf7-form-control wpcf7-text wpcf7-validates-as-required\" aria-required=\"true\" aria-invalid=\"false\" value=\"\" type=\"text\" name=\"your-firstname\" \/><\/span><br \/>\n<\/label>\n\t\t<\/p>\n\t<\/div>\n\t<div class=\"form-item\">\n\t\t<p><label> Address<br \/>\n<span class=\"wpcf7-form-control-wrap\" data-name=\"your-adress\"><input size=\"40\" class=\"wpcf7-form-control wpcf7-text\" aria-invalid=\"false\" value=\"\" type=\"text\" name=\"your-adress\" \/><\/span><br \/>\n<\/label>\n\t\t<\/p>\n\t<\/div>\n\t<div class=\"form-item\">\n\t\t<p><label> Postal code<br \/>\n<span class=\"wpcf7-form-control-wrap\" data-name=\"your-postalcode\"><input size=\"40\" class=\"wpcf7-form-control wpcf7-text\" aria-invalid=\"false\" value=\"\" type=\"text\" name=\"your-postalcode\" \/><\/span><br \/>\n<\/label>\n\t\t<\/p>\n\t<\/div>\n\t<div class=\"form-item\">\n\t\t<p><label> City<br \/>\n<span class=\"wpcf7-form-control-wrap\" data-name=\"your-ville\"><input size=\"40\" class=\"wpcf7-form-control wpcf7-text\" aria-invalid=\"false\" value=\"\" type=\"text\" name=\"your-ville\" \/><\/span><br \/>\n<\/label>\n\t\t<\/p>\n\t<\/div>\n\t<div class=\"form-item\">\n\t\t<p><label> Phone<br \/>\n<span class=\"wpcf7-form-control-wrap\" data-name=\"your-phone\"><input size=\"40\" class=\"wpcf7-form-control wpcf7-tel wpcf7-validates-as-required wpcf7-text wpcf7-validates-as-tel\" aria-required=\"true\" aria-invalid=\"false\" value=\"\" type=\"tel\" name=\"your-phone\" \/><\/span><br \/>\n<\/label>\n\t\t<\/p>\n\t<\/div>\n\t<div class=\"form-item\">\n\t\t<p><label> E-Mail<br \/>\n<span class=\"wpcf7-form-control-wrap\" data-name=\"your-email\"><input size=\"40\" class=\"wpcf7-form-control wpcf7-email wpcf7-validates-as-required wpcf7-text wpcf7-validates-as-email\" aria-required=\"true\" aria-invalid=\"false\" value=\"\" type=\"email\" name=\"your-email\" \/><\/span><br \/>\n<\/label>\n\t\t<\/p>\n\t<\/div>\n\t<div class=\"form-item\">\n\t\t<p><label> Fiscal code<br \/>\n<span class=\"wpcf7-form-control-wrap\" data-name=\"your-siret\"><input size=\"40\" class=\"wpcf7-form-control wpcf7-text\" aria-invalid=\"false\" value=\"\" type=\"text\" name=\"your-siret\" \/><\/span><br \/>\n<\/label>\n\t\t<\/p>\n\t<\/div>\n\t<div class=\"form-item\">\n\t\t<p><label> Register nr<br \/>\n<span class=\"wpcf7-form-control-wrap\" data-name=\"your-ape\"><input size=\"40\" class=\"wpcf7-form-control wpcf7-text\" aria-invalid=\"false\" value=\"\" type=\"text\" name=\"your-ape\" \/><\/span><br \/>\n<\/label>\n\t\t<\/p>\n\t<\/div>\n\t<div class=\"form-item\">\n\t\t<p><label> Message<br \/>\n<span class=\"wpcf7-form-control-wrap\" data-name=\"your-message\"><textarea cols=\"40\" rows=\"10\" class=\"wpcf7-form-control wpcf7-textarea wpcf7-validates-as-required\" aria-required=\"true\" aria-invalid=\"false\" name=\"your-message\"><\/textarea><\/span><br \/>\n<\/label>\n\t\t<\/p>\n\t<\/div>\n<\/div>\n<p><span class=\"wpcf7-form-control-wrap\" data-name=\"acceptance\"><span class=\"wpcf7-form-control wpcf7-acceptance\"><span class=\"wpcf7-list-item\"><label><input type=\"checkbox\" name=\"acceptance\" value=\"1\" aria-invalid=\"false\" \/><span class=\"wpcf7-list-item-label\">By submitting this form, I authorize the use of the information entered to contact me or send the newsletter, and I accept the <a href=\"\/en\/politique-de-confidentialite\/\" target=\"_blank\">Privacy Policy<\/a> of the website.<\/span><\/label><\/span><\/span><\/span>[\/acceptance]\n<\/p>\n<div class=\"submit-container\">\n\t<p><input class=\"wpcf7-form-control wpcf7-submit has-spinner\" type=\"submit\" value=\"Envoyer\" \/>\n\t<\/p>\n<\/div><div class=\"wpcf7-response-output\" aria-hidden=\"true\"><\/div>\n<input type=\"hidden\" name=\"trp-form-language\" value=\"en\"\/><\/form>\n<\/div>","protected":false},"excerpt":{"rendered":"<p>Genie\u00dfen Sie unseren \u00abWiederverk\u00e4ufer\u00bb Tarifen durch Ausf\u00fcllen Ihrer Anfrage im untenstehenden Formular und senden Sie es uns. Sobald alle Felder des Formulars ausgef\u00fcllt sind, wird Ihre Kontoanfrage von uns \u00fcberpr\u00fcft und freigegeben. Nach der Freigabe werden wir Ihnen unsere \u00abWiederverk\u00e4ufer\u00bb Preisliste zukommen lassen.<\/p>","protected":false},"author":1,"featured_media":0,"parent":0,"menu_order":0,"comment_status":"closed","ping_status":"closed","template":"","meta":{"_acf_changed":false,"footnotes":""},"class_list":["post-469","page","type-page","status-publish","hentry"],"acf":[],"yoast_head":"<!-- This site is optimized with the Yoast SEO plugin v22.0 - https:\/\/yoast.com\/wordpress\/plugins\/seo\/ -->\n<title>Wiederverk\u00e4ufer werden - blackgoodies.ch<\/title>\n<meta name=\"robots\" content=\"index, follow, max-snippet:-1, max-image-preview:large, max-video-preview:-1\" \/>\n<link rel=\"canonical\" href=\"https:\/\/www.blackgoodies.ch\/en\/wiederverkaufer-werden\/\" \/>\n<meta property=\"og:locale\" content=\"en_GB\" \/>\n<meta property=\"og:type\" content=\"article\" \/>\n<meta property=\"og:title\" content=\"Wiederverk\u00e4ufer werden - blackgoodies.ch\" \/>\n<meta property=\"og:description\" content=\"Genie\u00dfen Sie unseren \u00abWiederverk\u00e4ufer\u00bb Tarifen durch Ausf\u00fcllen Ihrer Anfrage im untenstehenden Formular und senden Sie es uns. Sobald alle Felder des Formulars ausgef\u00fcllt sind, wird Ihre Kontoanfrage von uns \u00fcberpr\u00fcft und freigegeben. Nach der Freigabe werden wir Ihnen unsere \u00abWiederverk\u00e4ufer\u00bb Preisliste zukommen lassen.\" \/>\n<meta property=\"og:url\" content=\"https:\/\/www.blackgoodies.ch\/en\/wiederverkaufer-werden\/\" \/>\n<meta property=\"og:site_name\" content=\"blackgoodies.ch\" \/>\n<meta property=\"article:publisher\" content=\"https:\/\/www.facebook.com\/profile.php?id=100089695582463\" \/>\n<meta property=\"article:modified_time\" content=\"2023-05-15T15:02:48+00:00\" \/>\n<meta property=\"og:image\" content=\"https:\/\/www.blackgoodies.ch\/wp-content\/uploads\/2023\/03\/favicon.png\" \/>\n\t<meta property=\"og:image:width\" content=\"209\" \/>\n\t<meta property=\"og:image:height\" content=\"209\" \/>\n\t<meta property=\"og:image:type\" content=\"image\/png\" \/>\n<meta name=\"twitter:card\" content=\"summary_large_image\" \/>\n<meta name=\"twitter:label1\" content=\"Estimated reading time\" \/>\n\t<meta name=\"twitter:data1\" content=\"1 minute\" \/>\n<script type=\"application\/ld+json\" class=\"yoast-schema-graph\">{\"@context\":\"https:\/\/schema.org\",\"@graph\":[{\"@type\":\"WebPage\",\"@id\":\"https:\/\/www.blackgoodies.ch\/wiederverkaufer-werden\/\",\"url\":\"https:\/\/www.blackgoodies.ch\/wiederverkaufer-werden\/\",\"name\":\"Wiederverk\u00e4ufer werden - blackgoodies.ch\",\"isPartOf\":{\"@id\":\"https:\/\/www.blackgoodies.ch\/#website\"},\"datePublished\":\"2019-03-08T16:22:57+00:00\",\"dateModified\":\"2023-05-15T15:02:48+00:00\",\"inLanguage\":\"en-GB\",\"potentialAction\":[{\"@type\":\"ReadAction\",\"target\":[\"https:\/\/www.blackgoodies.ch\/wiederverkaufer-werden\/\"]}]},{\"@type\":\"WebSite\",\"@id\":\"https:\/\/www.blackgoodies.ch\/#website\",\"url\":\"https:\/\/www.blackgoodies.ch\/\",\"name\":\"blackgoodies\",\"description\":\"Emblemen - Flammen - Merchandising\",\"publisher\":{\"@id\":\"https:\/\/www.blackgoodies.ch\/#organization\"},\"potentialAction\":[{\"@type\":\"SearchAction\",\"target\":{\"@type\":\"EntryPoint\",\"urlTemplate\":\"https:\/\/www.blackgoodies.ch\/?s={search_term_string}\"},\"query-input\":\"required name=search_term_string\"}],\"inLanguage\":\"en-GB\"},{\"@type\":\"Organization\",\"@id\":\"https:\/\/www.blackgoodies.ch\/#organization\",\"name\":\"Blackgoodies\",\"url\":\"https:\/\/www.blackgoodies.ch\/\",\"logo\":{\"@type\":\"ImageObject\",\"inLanguage\":\"en-GB\",\"@id\":\"https:\/\/www.blackgoodies.ch\/#\/schema\/logo\/image\/\",\"url\":\"https:\/\/www.blackgoodies.ch\/wp-content\/uploads\/2023\/03\/favicon.png\",\"contentUrl\":\"https:\/\/www.blackgoodies.ch\/wp-content\/uploads\/2023\/03\/favicon.png\",\"width\":209,\"height\":209,\"caption\":\"Blackgoodies\"},\"image\":{\"@id\":\"https:\/\/www.blackgoodies.ch\/#\/schema\/logo\/image\/\"},\"sameAs\":[\"https:\/\/www.facebook.com\/profile.php?id=100089695582463\",\"https:\/\/www.instagram.com\/blackgoodiesFR\/\"]}]}<\/script>\n<!-- \/ Yoast SEO plugin. -->","yoast_head_json":{"title":"Wiederverk\u00e4ufer werden - blackgoodies.ch","robots":{"index":"index","follow":"follow","max-snippet":"max-snippet:-1","max-image-preview":"max-image-preview:large","max-video-preview":"max-video-preview:-1"},"canonical":"https:\/\/www.blackgoodies.ch\/en\/wiederverkaufer-werden\/","og_locale":"en_GB","og_type":"article","og_title":"Wiederverk\u00e4ufer werden - blackgoodies.ch","og_description":"Genie\u00dfen Sie unseren \u00abWiederverk\u00e4ufer\u00bb Tarifen durch Ausf\u00fcllen Ihrer Anfrage im untenstehenden Formular und senden Sie es uns. Sobald alle Felder des Formulars ausgef\u00fcllt sind, wird Ihre Kontoanfrage von uns \u00fcberpr\u00fcft und freigegeben. Nach der Freigabe werden wir Ihnen unsere \u00abWiederverk\u00e4ufer\u00bb Preisliste zukommen lassen.","og_url":"https:\/\/www.blackgoodies.ch\/en\/wiederverkaufer-werden\/","og_site_name":"blackgoodies.ch","article_publisher":"https:\/\/www.facebook.com\/profile.php?id=100089695582463","article_modified_time":"2023-05-15T15:02:48+00:00","og_image":[{"width":209,"height":209,"url":"https:\/\/www.blackgoodies.ch\/wp-content\/uploads\/2023\/03\/favicon.png","type":"image\/png"}],"twitter_card":"summary_large_image","twitter_misc":{"Estimated reading time":"1 minute"},"schema":{"@context":"https:\/\/schema.org","@graph":[{"@type":"WebPage","@id":"https:\/\/www.blackgoodies.ch\/wiederverkaufer-werden\/","url":"https:\/\/www.blackgoodies.ch\/wiederverkaufer-werden\/","name":"Wiederverk\u00e4ufer werden - blackgoodies.ch","isPartOf":{"@id":"https:\/\/www.blackgoodies.ch\/#website"},"datePublished":"2019-03-08T16:22:57+00:00","dateModified":"2023-05-15T15:02:48+00:00","inLanguage":"en-GB","potentialAction":[{"@type":"ReadAction","target":["https:\/\/www.blackgoodies.ch\/wiederverkaufer-werden\/"]}]},{"@type":"WebSite","@id":"https:\/\/www.blackgoodies.ch\/#website","url":"https:\/\/www.blackgoodies.ch\/","name":"blackgoodies","description":"Emblemen - Flammen - Merchandising","publisher":{"@id":"https:\/\/www.blackgoodies.ch\/#organization"},"potentialAction":[{"@type":"SearchAction","target":{"@type":"EntryPoint","urlTemplate":"https:\/\/www.blackgoodies.ch\/?s={search_term_string}"},"query-input":"required name=search_term_string"}],"inLanguage":"en-GB"},{"@type":"Organization","@id":"https:\/\/www.blackgoodies.ch\/#organization","name":"Blackgoodies","url":"https:\/\/www.blackgoodies.ch\/","logo":{"@type":"ImageObject","inLanguage":"en-GB","@id":"https:\/\/www.blackgoodies.ch\/#\/schema\/logo\/image\/","url":"https:\/\/www.blackgoodies.ch\/wp-content\/uploads\/2023\/03\/favicon.png","contentUrl":"https:\/\/www.blackgoodies.ch\/wp-content\/uploads\/2023\/03\/favicon.png","width":209,"height":209,"caption":"Blackgoodies"},"image":{"@id":"https:\/\/www.blackgoodies.ch\/#\/schema\/logo\/image\/"},"sameAs":["https:\/\/www.facebook.com\/profile.php?id=100089695582463","https:\/\/www.instagram.com\/blackgoodiesFR\/"]}]}},"_links":{"self":[{"href":"https:\/\/www.blackgoodies.ch\/en\/wp-json\/wp\/v2\/pages\/469"}],"collection":[{"href":"https:\/\/www.blackgoodies.ch\/en\/wp-json\/wp\/v2\/pages"}],"about":[{"href":"https:\/\/www.blackgoodies.ch\/en\/wp-json\/wp\/v2\/types\/page"}],"author":[{"embeddable":true,"href":"https:\/\/www.blackgoodies.ch\/en\/wp-json\/wp\/v2\/users\/1"}],"replies":[{"embeddable":true,"href":"https:\/\/www.blackgoodies.ch\/en\/wp-json\/wp\/v2\/comments?post=469"}],"version-history":[{"count":0,"href":"https:\/\/www.blackgoodies.ch\/en\/wp-json\/wp\/v2\/pages\/469\/revisions"}],"wp:attachment":[{"href":"https:\/\/www.blackgoodies.ch\/en\/wp-json\/wp\/v2\/media?parent=469"}],"curies":[{"name":"wp","href":"https:\/\/api.w.org\/{rel}","templated":true}]}}