{"id":14,"date":"2019-02-15T14:29:15","date_gmt":"2019-02-15T13:29:15","guid":{"rendered":"https:\/\/www.blackgoodies.ch\/?page_id=14"},"modified":"2023-06-15T14:39:23","modified_gmt":"2023-06-15T12:39:23","slug":"startseite","status":"publish","type":"page","link":"https:\/\/www.blackgoodies.ch\/fr\/","title":{"rendered":"Bienvenue chez Blackgoodies"},"content":{"rendered":"<p class=\"has-text-align-center\">La soci\u00e9t\u00e9 Blackgoodies est sp\u00e9cialis\u00e9e dans la r\u00e9alisation d\u2019\u00e9cussons, de porte-cl\u00e9s flammes et dans le Merchandising.<\/p>\n\n\n\n<p class=\"has-text-align-center\">De A \u00e0 Z nous nous occupons de tout jusqu\u2019\u00e0 la livraison (gratuite) de vos produits.<\/p>\n\n\n\n<p class=\"has-text-align-center\">Tout \u00e0 la carte selon vos besoins et vos moyens. Nos produits sont adapt\u00e9s \u00e0 tout les budgets. Confiez-nous vos projets et nous les mettrons en forme.<\/p>","protected":false},"excerpt":{"rendered":"<p>Die Firma Black Goodies ist auf die Herstellung von Emblemen, Flammenschl\u00fcsselanh\u00e4ngern und Merchandising spezialisiert. Von A bis Z k\u00fcmmern wir uns um alles bis zur (kostenlosen) Lieferung Ihrer Produkte. Alles \u00e0 la carte nach Ihren Bed\u00fcrfnissen und Mitteln. Unsere Produkte sind f\u00fcr jedes Budget geeignet. Vertrauen Sie uns Ihre Projekte an und wir werden sie [&hellip;]<\/p>","protected":false},"author":1,"featured_media":0,"parent":0,"menu_order":0,"comment_status":"closed","ping_status":"closed","template":"template-homepage.php","meta":{"_acf_changed":false,"footnotes":""},"class_list":["post-14","page","type-page","status-publish","hentry"],"acf":[],"yoast_head":"<!-- This site is optimized with the Yoast SEO plugin v22.0 - https:\/\/yoast.com\/wordpress\/plugins\/seo\/ -->\n<title>Personalisierte Abzeichen - Flammen - Merchandising<\/title>\n<meta name=\"description\" content=\"Diese Website ist auf die auf Personalisierung und Herstellung von Abzeichen &quot;Flammen&quot; Schl\u00fcsselanh\u00e4nger und im Merchandising spezialisiert\" \/>\n<meta name=\"robots\" content=\"index, follow, max-snippet:-1, max-image-preview:large, max-video-preview:-1\" \/>\n<link rel=\"canonical\" href=\"https:\/\/www.blackgoodies.ch\/fr\/\" \/>\n<meta property=\"og:locale\" content=\"fr_FR\" \/>\n<meta property=\"og:type\" content=\"article\" \/>\n<meta property=\"og:title\" content=\"Personalisierte Abzeichen - Flammen - Merchandising\" \/>\n<meta property=\"og:description\" content=\"Diese Website ist auf die auf Personalisierung und Herstellung von Abzeichen &quot;Flammen&quot; Schl\u00fcsselanh\u00e4nger und im Merchandising spezialisiert\" \/>\n<meta property=\"og:url\" content=\"https:\/\/www.blackgoodies.ch\/fr\/\" \/>\n<meta property=\"og:site_name\" content=\"blackgoodies.ch\" \/>\n<meta property=\"article:publisher\" content=\"https:\/\/www.facebook.com\/profile.php?id=100089695582463\" \/>\n<meta property=\"article:modified_time\" content=\"2023-06-15T12:39:23+00:00\" \/>\n<meta property=\"og:image\" content=\"https:\/\/www.blackgoodies.ch\/wp-content\/uploads\/2023\/03\/favicon.png\" \/>\n\t<meta property=\"og:image:width\" content=\"209\" \/>\n\t<meta property=\"og:image:height\" content=\"209\" \/>\n\t<meta property=\"og:image:type\" content=\"image\/png\" \/>\n<meta name=\"twitter:card\" content=\"summary_large_image\" \/>\n<meta name=\"twitter:label1\" content=\"Dur\u00e9e de lecture estim\u00e9e\" \/>\n\t<meta name=\"twitter:data1\" content=\"1 minute\" \/>\n<script type=\"application\/ld+json\" class=\"yoast-schema-graph\">{\"@context\":\"https:\/\/schema.org\",\"@graph\":[{\"@type\":\"WebPage\",\"@id\":\"https:\/\/www.blackgoodies.ch\/\",\"url\":\"https:\/\/www.blackgoodies.ch\/\",\"name\":\"Personalisierte Abzeichen - Flammen - Merchandising\",\"isPartOf\":{\"@id\":\"https:\/\/www.blackgoodies.ch\/#website\"},\"datePublished\":\"2019-02-15T13:29:15+00:00\",\"dateModified\":\"2023-06-15T12:39:23+00:00\",\"description\":\"Diese Website ist auf die auf Personalisierung und Herstellung von Abzeichen \\\"Flammen\\\" Schl\u00fcsselanh\u00e4nger und im Merchandising spezialisiert\",\"inLanguage\":\"fr-FR\",\"potentialAction\":[{\"@type\":\"ReadAction\",\"target\":[\"https:\/\/www.blackgoodies.ch\/\"]}]},{\"@type\":\"WebSite\",\"@id\":\"https:\/\/www.blackgoodies.ch\/#website\",\"url\":\"https:\/\/www.blackgoodies.ch\/\",\"name\":\"blackgoodies\",\"description\":\"Emblemen - Flammen - Merchandising\",\"publisher\":{\"@id\":\"https:\/\/www.blackgoodies.ch\/#organization\"},\"potentialAction\":[{\"@type\":\"SearchAction\",\"target\":{\"@type\":\"EntryPoint\",\"urlTemplate\":\"https:\/\/www.blackgoodies.ch\/?s={search_term_string}\"},\"query-input\":\"required name=search_term_string\"}],\"inLanguage\":\"fr-FR\"},{\"@type\":\"Organization\",\"@id\":\"https:\/\/www.blackgoodies.ch\/#organization\",\"name\":\"Blackgoodies\",\"url\":\"https:\/\/www.blackgoodies.ch\/\",\"logo\":{\"@type\":\"ImageObject\",\"inLanguage\":\"fr-FR\",\"@id\":\"https:\/\/www.blackgoodies.ch\/#\/schema\/logo\/image\/\",\"url\":\"https:\/\/www.blackgoodies.ch\/wp-content\/uploads\/2023\/03\/favicon.png\",\"contentUrl\":\"https:\/\/www.blackgoodies.ch\/wp-content\/uploads\/2023\/03\/favicon.png\",\"width\":209,\"height\":209,\"caption\":\"Blackgoodies\"},\"image\":{\"@id\":\"https:\/\/www.blackgoodies.ch\/#\/schema\/logo\/image\/\"},\"sameAs\":[\"https:\/\/www.facebook.com\/profile.php?id=100089695582463\",\"https:\/\/www.instagram.com\/blackgoodiesFR\/\"]}]}<\/script>\n<!-- \/ Yoast SEO plugin. -->","yoast_head_json":{"title":"Personalisierte Abzeichen - Flammen - Merchandising","description":"Diese Website ist auf die auf Personalisierung und Herstellung von Abzeichen \"Flammen\" Schl\u00fcsselanh\u00e4nger und im Merchandising spezialisiert","robots":{"index":"index","follow":"follow","max-snippet":"max-snippet:-1","max-image-preview":"max-image-preview:large","max-video-preview":"max-video-preview:-1"},"canonical":"https:\/\/www.blackgoodies.ch\/fr\/","og_locale":"fr_FR","og_type":"article","og_title":"Personalisierte Abzeichen - Flammen - Merchandising","og_description":"Diese Website ist auf die auf Personalisierung und Herstellung von Abzeichen \"Flammen\" Schl\u00fcsselanh\u00e4nger und im Merchandising spezialisiert","og_url":"https:\/\/www.blackgoodies.ch\/fr\/","og_site_name":"blackgoodies.ch","article_publisher":"https:\/\/www.facebook.com\/profile.php?id=100089695582463","article_modified_time":"2023-06-15T12:39:23+00:00","og_image":[{"width":209,"height":209,"url":"https:\/\/www.blackgoodies.ch\/wp-content\/uploads\/2023\/03\/favicon.png","type":"image\/png"}],"twitter_card":"summary_large_image","twitter_misc":{"Dur\u00e9e de lecture estim\u00e9e":"1 minute"},"schema":{"@context":"https:\/\/schema.org","@graph":[{"@type":"WebPage","@id":"https:\/\/www.blackgoodies.ch\/","url":"https:\/\/www.blackgoodies.ch\/","name":"Personalisierte Abzeichen - Flammen - Merchandising","isPartOf":{"@id":"https:\/\/www.blackgoodies.ch\/#website"},"datePublished":"2019-02-15T13:29:15+00:00","dateModified":"2023-06-15T12:39:23+00:00","description":"Diese Website ist auf die auf Personalisierung und Herstellung von Abzeichen \"Flammen\" Schl\u00fcsselanh\u00e4nger und im Merchandising spezialisiert","inLanguage":"fr-FR","potentialAction":[{"@type":"ReadAction","target":["https:\/\/www.blackgoodies.ch\/"]}]},{"@type":"WebSite","@id":"https:\/\/www.blackgoodies.ch\/#website","url":"https:\/\/www.blackgoodies.ch\/","name":"blackgoodies","description":"Emblemen - Flammen - Merchandising","publisher":{"@id":"https:\/\/www.blackgoodies.ch\/#organization"},"potentialAction":[{"@type":"SearchAction","target":{"@type":"EntryPoint","urlTemplate":"https:\/\/www.blackgoodies.ch\/?s={search_term_string}"},"query-input":"required name=search_term_string"}],"inLanguage":"fr-FR"},{"@type":"Organization","@id":"https:\/\/www.blackgoodies.ch\/#organization","name":"Blackgoodies","url":"https:\/\/www.blackgoodies.ch\/","logo":{"@type":"ImageObject","inLanguage":"fr-FR","@id":"https:\/\/www.blackgoodies.ch\/#\/schema\/logo\/image\/","url":"https:\/\/www.blackgoodies.ch\/wp-content\/uploads\/2023\/03\/favicon.png","contentUrl":"https:\/\/www.blackgoodies.ch\/wp-content\/uploads\/2023\/03\/favicon.png","width":209,"height":209,"caption":"Blackgoodies"},"image":{"@id":"https:\/\/www.blackgoodies.ch\/#\/schema\/logo\/image\/"},"sameAs":["https:\/\/www.facebook.com\/profile.php?id=100089695582463","https:\/\/www.instagram.com\/blackgoodiesFR\/"]}]}},"_links":{"self":[{"href":"https:\/\/www.blackgoodies.ch\/fr\/wp-json\/wp\/v2\/pages\/14"}],"collection":[{"href":"https:\/\/www.blackgoodies.ch\/fr\/wp-json\/wp\/v2\/pages"}],"about":[{"href":"https:\/\/www.blackgoodies.ch\/fr\/wp-json\/wp\/v2\/types\/page"}],"author":[{"embeddable":true,"href":"https:\/\/www.blackgoodies.ch\/fr\/wp-json\/wp\/v2\/users\/1"}],"replies":[{"embeddable":true,"href":"https:\/\/www.blackgoodies.ch\/fr\/wp-json\/wp\/v2\/comments?post=14"}],"version-history":[{"count":0,"href":"https:\/\/www.blackgoodies.ch\/fr\/wp-json\/wp\/v2\/pages\/14\/revisions"}],"wp:attachment":[{"href":"https:\/\/www.blackgoodies.ch\/fr\/wp-json\/wp\/v2\/media?parent=14"}],"curies":[{"name":"wp","href":"https:\/\/api.w.org\/{rel}","templated":true}]}}