{"id":25893,"date":"2023-02-26T17:51:41","date_gmt":"2023-02-26T16:51:41","guid":{"rendered":"https:\/\/www.blackgoodies.ch\/?page_id=25893"},"modified":"2023-05-12T15:10:20","modified_gmt":"2023-05-12T13:10:20","slug":"merchandising","status":"publish","type":"page","link":"https:\/\/www.blackgoodies.ch\/fr\/merchandising\/","title":{"rendered":"Merchandising"},"content":{"rendered":"<p>Merchandising gilt nicht mehr als Weg, um Farbe in die Stadien zu bringen. Heute haben die Clubs eine echte Business-Orientierung angenommen und denken \u00abMarke\u00bb und \u00abZiel\u00bb. Dies ist ein wichtiger Weg, um Geld in einen Club zu bringen, ebenso wie die Einnahmen aus Sponsoring oder Ticketing.<\/p>\n\n\n\n<p>Unterst\u00fctzer und Lizenznehmer zu binden, Fans in Verbraucher zu verwandeln, zus\u00e4tzliche Einnahmequellen zu finden, sind die Herausforderungen f\u00fcr Sportakteure.<\/p>","protected":false},"excerpt":{"rendered":"<p>Merchandising gilt nicht mehr als Weg, um Farbe in die Stadien zu bringen. Heute haben die Clubs eine echte Business-Orientierung angenommen und denken \u00abMarke\u00bb und \u00abZiel\u00bb. Dies ist ein wichtiger Weg, um Geld in einen Club zu bringen, ebenso wie die Einnahmen aus Sponsoring oder Ticketing. Unterst\u00fctzer und Lizenznehmer zu binden, Fans in Verbraucher zu [&hellip;]<\/p>","protected":false},"author":1,"featured_media":26009,"parent":0,"menu_order":0,"comment_status":"closed","ping_status":"closed","template":"template-page-produit.php","meta":{"_acf_changed":false,"footnotes":""},"class_list":["post-25893","page","type-page","status-publish","has-post-thumbnail","hentry"],"acf":[],"yoast_head":"<!-- This site is optimized with the Yoast SEO plugin v22.0 - https:\/\/yoast.com\/wordpress\/plugins\/seo\/ -->\n<title>Merchandising - blackgoodies.ch<\/title>\n<meta name=\"description\" content=\"Echarpes Supporters, Casquettes, Bonnets et autres Goodies. De la cr\u00e9ation de maquettes jusqu\u2019\u00e0 la livraison de vos produits.\" \/>\n<meta name=\"robots\" content=\"index, follow, max-snippet:-1, max-image-preview:large, max-video-preview:-1\" \/>\n<link rel=\"canonical\" href=\"https:\/\/www.blackgoodies.ch\/fr\/merchandising\/\" \/>\n<meta property=\"og:locale\" content=\"fr_FR\" \/>\n<meta property=\"og:type\" content=\"article\" \/>\n<meta property=\"og:title\" content=\"Merchandising - blackgoodies.ch\" \/>\n<meta property=\"og:description\" content=\"Echarpes Supporters, Casquettes, Bonnets et autres Goodies. De la cr\u00e9ation de maquettes jusqu\u2019\u00e0 la livraison de vos produits.\" \/>\n<meta property=\"og:url\" content=\"https:\/\/www.blackgoodies.ch\/fr\/merchandising\/\" \/>\n<meta property=\"og:site_name\" content=\"blackgoodies.ch\" \/>\n<meta property=\"article:publisher\" content=\"https:\/\/www.facebook.com\/profile.php?id=100089695582463\" \/>\n<meta property=\"article:modified_time\" content=\"2023-05-12T13:10:20+00:00\" \/>\n<meta property=\"og:image\" content=\"https:\/\/www.blackgoodies.ch\/wp-content\/uploads\/2023\/03\/blackgoodies-merchandising-003.jpg\" \/>\n\t<meta property=\"og:image:width\" content=\"1600\" \/>\n\t<meta property=\"og:image:height\" content=\"1067\" \/>\n\t<meta property=\"og:image:type\" content=\"image\/jpeg\" \/>\n<meta name=\"twitter:card\" content=\"summary_large_image\" \/>\n<meta name=\"twitter:label1\" content=\"Dur\u00e9e de lecture estim\u00e9e\" \/>\n\t<meta name=\"twitter:data1\" content=\"1 minute\" \/>\n<script type=\"application\/ld+json\" class=\"yoast-schema-graph\">{\"@context\":\"https:\/\/schema.org\",\"@graph\":[{\"@type\":\"WebPage\",\"@id\":\"https:\/\/www.blackgoodies.ch\/fr\/merchandising\/\",\"url\":\"https:\/\/www.blackgoodies.ch\/fr\/merchandising\/\",\"name\":\"Merchandising - blackgoodies.ch\",\"isPartOf\":{\"@id\":\"https:\/\/www.blackgoodies.ch\/#website\"},\"datePublished\":\"2023-02-26T16:51:41+00:00\",\"dateModified\":\"2023-05-12T13:10:20+00:00\",\"description\":\"Echarpes Supporters, Casquettes, Bonnets et autres Goodies. De la cr\u00e9ation de maquettes jusqu\u2019\u00e0 la livraison de vos produits.\",\"inLanguage\":\"fr-FR\",\"potentialAction\":[{\"@type\":\"ReadAction\",\"target\":[\"https:\/\/www.blackgoodies.ch\/fr\/merchandising\/\"]}]},{\"@type\":\"WebSite\",\"@id\":\"https:\/\/www.blackgoodies.ch\/#website\",\"url\":\"https:\/\/www.blackgoodies.ch\/\",\"name\":\"blackgoodies\",\"description\":\"Emblemen - Flammen - Merchandising\",\"publisher\":{\"@id\":\"https:\/\/www.blackgoodies.ch\/#organization\"},\"potentialAction\":[{\"@type\":\"SearchAction\",\"target\":{\"@type\":\"EntryPoint\",\"urlTemplate\":\"https:\/\/www.blackgoodies.ch\/?s={search_term_string}\"},\"query-input\":\"required name=search_term_string\"}],\"inLanguage\":\"fr-FR\"},{\"@type\":\"Organization\",\"@id\":\"https:\/\/www.blackgoodies.ch\/#organization\",\"name\":\"Blackgoodies\",\"url\":\"https:\/\/www.blackgoodies.ch\/\",\"logo\":{\"@type\":\"ImageObject\",\"inLanguage\":\"fr-FR\",\"@id\":\"https:\/\/www.blackgoodies.ch\/#\/schema\/logo\/image\/\",\"url\":\"https:\/\/www.blackgoodies.ch\/wp-content\/uploads\/2023\/03\/favicon.png\",\"contentUrl\":\"https:\/\/www.blackgoodies.ch\/wp-content\/uploads\/2023\/03\/favicon.png\",\"width\":209,\"height\":209,\"caption\":\"Blackgoodies\"},\"image\":{\"@id\":\"https:\/\/www.blackgoodies.ch\/#\/schema\/logo\/image\/\"},\"sameAs\":[\"https:\/\/www.facebook.com\/profile.php?id=100089695582463\",\"https:\/\/www.instagram.com\/blackgoodiesFR\/\"]}]}<\/script>\n<!-- \/ Yoast SEO plugin. -->","yoast_head_json":{"title":"Merchandising - blackgoodies.ch","description":"Echarpes Supporters, Casquettes, Bonnets et autres Goodies. De la cr\u00e9ation de maquettes jusqu\u2019\u00e0 la livraison de vos produits.","robots":{"index":"index","follow":"follow","max-snippet":"max-snippet:-1","max-image-preview":"max-image-preview:large","max-video-preview":"max-video-preview:-1"},"canonical":"https:\/\/www.blackgoodies.ch\/fr\/merchandising\/","og_locale":"fr_FR","og_type":"article","og_title":"Merchandising - blackgoodies.ch","og_description":"Echarpes Supporters, Casquettes, Bonnets et autres Goodies. De la cr\u00e9ation de maquettes jusqu\u2019\u00e0 la livraison de vos produits.","og_url":"https:\/\/www.blackgoodies.ch\/fr\/merchandising\/","og_site_name":"blackgoodies.ch","article_publisher":"https:\/\/www.facebook.com\/profile.php?id=100089695582463","article_modified_time":"2023-05-12T13:10:20+00:00","og_image":[{"width":1600,"height":1067,"url":"https:\/\/www.blackgoodies.ch\/wp-content\/uploads\/2023\/03\/blackgoodies-merchandising-003.jpg","type":"image\/jpeg"}],"twitter_card":"summary_large_image","twitter_misc":{"Dur\u00e9e de lecture estim\u00e9e":"1 minute"},"schema":{"@context":"https:\/\/schema.org","@graph":[{"@type":"WebPage","@id":"https:\/\/www.blackgoodies.ch\/fr\/merchandising\/","url":"https:\/\/www.blackgoodies.ch\/fr\/merchandising\/","name":"Merchandising - blackgoodies.ch","isPartOf":{"@id":"https:\/\/www.blackgoodies.ch\/#website"},"datePublished":"2023-02-26T16:51:41+00:00","dateModified":"2023-05-12T13:10:20+00:00","description":"Echarpes Supporters, Casquettes, Bonnets et autres Goodies. De la cr\u00e9ation de maquettes jusqu\u2019\u00e0 la livraison de vos produits.","inLanguage":"fr-FR","potentialAction":[{"@type":"ReadAction","target":["https:\/\/www.blackgoodies.ch\/fr\/merchandising\/"]}]},{"@type":"WebSite","@id":"https:\/\/www.blackgoodies.ch\/#website","url":"https:\/\/www.blackgoodies.ch\/","name":"blackgoodies","description":"Emblemen - Flammen - Merchandising","publisher":{"@id":"https:\/\/www.blackgoodies.ch\/#organization"},"potentialAction":[{"@type":"SearchAction","target":{"@type":"EntryPoint","urlTemplate":"https:\/\/www.blackgoodies.ch\/?s={search_term_string}"},"query-input":"required name=search_term_string"}],"inLanguage":"fr-FR"},{"@type":"Organization","@id":"https:\/\/www.blackgoodies.ch\/#organization","name":"Blackgoodies","url":"https:\/\/www.blackgoodies.ch\/","logo":{"@type":"ImageObject","inLanguage":"fr-FR","@id":"https:\/\/www.blackgoodies.ch\/#\/schema\/logo\/image\/","url":"https:\/\/www.blackgoodies.ch\/wp-content\/uploads\/2023\/03\/favicon.png","contentUrl":"https:\/\/www.blackgoodies.ch\/wp-content\/uploads\/2023\/03\/favicon.png","width":209,"height":209,"caption":"Blackgoodies"},"image":{"@id":"https:\/\/www.blackgoodies.ch\/#\/schema\/logo\/image\/"},"sameAs":["https:\/\/www.facebook.com\/profile.php?id=100089695582463","https:\/\/www.instagram.com\/blackgoodiesFR\/"]}]}},"_links":{"self":[{"href":"https:\/\/www.blackgoodies.ch\/fr\/wp-json\/wp\/v2\/pages\/25893"}],"collection":[{"href":"https:\/\/www.blackgoodies.ch\/fr\/wp-json\/wp\/v2\/pages"}],"about":[{"href":"https:\/\/www.blackgoodies.ch\/fr\/wp-json\/wp\/v2\/types\/page"}],"author":[{"embeddable":true,"href":"https:\/\/www.blackgoodies.ch\/fr\/wp-json\/wp\/v2\/users\/1"}],"replies":[{"embeddable":true,"href":"https:\/\/www.blackgoodies.ch\/fr\/wp-json\/wp\/v2\/comments?post=25893"}],"version-history":[{"count":0,"href":"https:\/\/www.blackgoodies.ch\/fr\/wp-json\/wp\/v2\/pages\/25893\/revisions"}],"wp:featuredmedia":[{"embeddable":true,"href":"https:\/\/www.blackgoodies.ch\/fr\/wp-json\/wp\/v2\/media\/26009"}],"wp:attachment":[{"href":"https:\/\/www.blackgoodies.ch\/fr\/wp-json\/wp\/v2\/media?parent=25893"}],"curies":[{"name":"wp","href":"https:\/\/api.w.org\/{rel}","templated":true}]}}