{"id":289,"date":"2019-02-21T14:48:21","date_gmt":"2019-02-21T13:48:21","guid":{"rendered":"https:\/\/www.blackgoodies.ch\/?page_id=289"},"modified":"2024-11-05T17:14:48","modified_gmt":"2024-11-05T16:14:48","slug":"rechtliche-hinweise","status":"publish","type":"page","link":"https:\/\/www.blackgoodies.ch\/fr\/rechtliche-hinweise\/","title":{"rendered":"Mentions l\u00e9gales"},"content":{"rendered":"<h2 class=\"wp-block-heading\">PRODUCTION DU  SITE<\/h2>\n\n\n\n<p><a href=\"https:\/\/www.blackgoodies.ch\/fr\/\">www.blackgoodies.ch<\/a> ist eine Website der Firma Blacksheeps GMBH.<\/p>\n\n\n\n<p><\/p>\n\n\n\n<p>Direktor der Ver\u00f6ffentlichung: Herr ROZE.<\/p>\n\n\n\n<h2 class=\"wp-block-heading\">GEISTIGES EIGENTUM<\/h2>\n\n\n\n<p>Die gesamte Website unterliegt franz\u00f6sischem und internationalem Urheberrecht und geistigem Eigentum. Alle Reproduktionsrechte sind vorbehalten, einschlie\u00dflich ikonographischer und fotografischer Darstellungen. Die Vervielf\u00e4ltigung, Anpassung und\/oder \u00dcbersetzung der gesamten oder eines Teils dieser Website auf einem beliebigen Medium ist ohne ausdr\u00fcckliche Genehmigung des Herausgebers ausdr\u00fccklich untersagt.<\/p>\n\n\n\n<h2 class=\"wp-block-heading\">\u00c4NDERUNG DER WEBSITE<\/h2>\n\n\n\n<p>Das Redaktionsteam beh\u00e4lt sich das Recht vor, den Inhalt dieser Website und dieser Hinweise zu \u00e4ndern oder zu korrigieren<\/p>\n\n\n\n<p>jederzeit und ohne Vorank\u00fcndigung gesetzlich zul\u00e4ssig.<\/p>\n\n\n\n<h2 class=\"wp-block-heading\">HOSTER<\/h2>\n\n\n\n<p>Die Website wird von der Agentur GLC gehostet.<\/p>\n\n\n\n<p>Agence GLC<br>23C Rue de la Hardt<br>68390 SAUSHEIM<\/p>\n\n\n\n<hr class=\"wp-block-separator has-css-opacity\"\/>\n\n\n\n<p><br>Mail: <a href=\"mailto:info@blackgoodies.ch\">info@blackgoodies.ch<\/a><br>Gesellschaft mit einem Kapital von 1000 \u20ac &#8211; <\/p>\n\n\n\n<p><\/p>","protected":false},"excerpt":{"rendered":"<p>AUSGABE DER WEBSITE www.blackgoodies.ch ist eine Website der Firma Blacksheeps GMBH. Direktor der Ver\u00f6ffentlichung: Herr ROZE. GEISTIGES EIGENTUM Die gesamte Website unterliegt franz\u00f6sischem und internationalem Urheberrecht und geistigem Eigentum. Alle Reproduktionsrechte sind vorbehalten, einschlie\u00dflich ikonographischer und fotografischer Darstellungen. Die Vervielf\u00e4ltigung, Anpassung und\/oder \u00dcbersetzung der gesamten oder eines Teils dieser Website auf einem beliebigen Medium ist [&hellip;]<\/p>","protected":false},"author":1,"featured_media":0,"parent":0,"menu_order":0,"comment_status":"closed","ping_status":"closed","template":"","meta":{"_acf_changed":false,"footnotes":""},"class_list":["post-289","page","type-page","status-publish","hentry"],"acf":[],"yoast_head":"<!-- This site is optimized with the Yoast SEO plugin v22.0 - https:\/\/yoast.com\/wordpress\/plugins\/seo\/ -->\n<title>Rechtliche Hinweise - blackgoodies.ch<\/title>\n<meta name=\"robots\" content=\"index, follow, max-snippet:-1, max-image-preview:large, max-video-preview:-1\" \/>\n<link rel=\"canonical\" href=\"https:\/\/www.blackgoodies.ch\/fr\/rechtliche-hinweise\/\" \/>\n<meta property=\"og:locale\" content=\"fr_FR\" \/>\n<meta property=\"og:type\" content=\"article\" \/>\n<meta property=\"og:title\" content=\"Rechtliche Hinweise - blackgoodies.ch\" \/>\n<meta property=\"og:description\" content=\"AUSGABE DER WEBSITE www.blackgoodies.ch ist eine Website der Firma Blacksheeps GMBH. Direktor der Ver\u00f6ffentlichung: Herr ROZE. GEISTIGES EIGENTUM Die gesamte Website unterliegt franz\u00f6sischem und internationalem Urheberrecht und geistigem Eigentum. Alle Reproduktionsrechte sind vorbehalten, einschlie\u00dflich ikonographischer und fotografischer Darstellungen. Die Vervielf\u00e4ltigung, Anpassung und\/oder \u00dcbersetzung der gesamten oder eines Teils dieser Website auf einem beliebigen Medium ist [&hellip;]\" \/>\n<meta property=\"og:url\" content=\"https:\/\/www.blackgoodies.ch\/fr\/rechtliche-hinweise\/\" \/>\n<meta property=\"og:site_name\" content=\"blackgoodies.ch\" \/>\n<meta property=\"article:publisher\" content=\"https:\/\/www.facebook.com\/profile.php?id=100089695582463\" \/>\n<meta property=\"article:modified_time\" content=\"2024-11-05T16:14:48+00:00\" \/>\n<meta property=\"og:image\" content=\"https:\/\/www.blackgoodies.ch\/wp-content\/uploads\/2023\/03\/favicon.png\" \/>\n\t<meta property=\"og:image:width\" content=\"209\" \/>\n\t<meta property=\"og:image:height\" content=\"209\" \/>\n\t<meta property=\"og:image:type\" content=\"image\/png\" \/>\n<meta name=\"twitter:card\" content=\"summary_large_image\" \/>\n<meta name=\"twitter:label1\" content=\"Dur\u00e9e de lecture estim\u00e9e\" \/>\n\t<meta name=\"twitter:data1\" content=\"1 minute\" \/>\n<script type=\"application\/ld+json\" class=\"yoast-schema-graph\">{\"@context\":\"https:\/\/schema.org\",\"@graph\":[{\"@type\":\"WebPage\",\"@id\":\"https:\/\/www.blackgoodies.ch\/rechtliche-hinweise\/\",\"url\":\"https:\/\/www.blackgoodies.ch\/rechtliche-hinweise\/\",\"name\":\"Rechtliche Hinweise - blackgoodies.ch\",\"isPartOf\":{\"@id\":\"https:\/\/www.blackgoodies.ch\/#website\"},\"datePublished\":\"2019-02-21T13:48:21+00:00\",\"dateModified\":\"2024-11-05T16:14:48+00:00\",\"inLanguage\":\"fr-FR\",\"potentialAction\":[{\"@type\":\"ReadAction\",\"target\":[\"https:\/\/www.blackgoodies.ch\/rechtliche-hinweise\/\"]}]},{\"@type\":\"WebSite\",\"@id\":\"https:\/\/www.blackgoodies.ch\/#website\",\"url\":\"https:\/\/www.blackgoodies.ch\/\",\"name\":\"blackgoodies\",\"description\":\"Emblemen - Flammen - Merchandising\",\"publisher\":{\"@id\":\"https:\/\/www.blackgoodies.ch\/#organization\"},\"potentialAction\":[{\"@type\":\"SearchAction\",\"target\":{\"@type\":\"EntryPoint\",\"urlTemplate\":\"https:\/\/www.blackgoodies.ch\/?s={search_term_string}\"},\"query-input\":\"required name=search_term_string\"}],\"inLanguage\":\"fr-FR\"},{\"@type\":\"Organization\",\"@id\":\"https:\/\/www.blackgoodies.ch\/#organization\",\"name\":\"Blackgoodies\",\"url\":\"https:\/\/www.blackgoodies.ch\/\",\"logo\":{\"@type\":\"ImageObject\",\"inLanguage\":\"fr-FR\",\"@id\":\"https:\/\/www.blackgoodies.ch\/#\/schema\/logo\/image\/\",\"url\":\"https:\/\/www.blackgoodies.ch\/wp-content\/uploads\/2023\/03\/favicon.png\",\"contentUrl\":\"https:\/\/www.blackgoodies.ch\/wp-content\/uploads\/2023\/03\/favicon.png\",\"width\":209,\"height\":209,\"caption\":\"Blackgoodies\"},\"image\":{\"@id\":\"https:\/\/www.blackgoodies.ch\/#\/schema\/logo\/image\/\"},\"sameAs\":[\"https:\/\/www.facebook.com\/profile.php?id=100089695582463\",\"https:\/\/www.instagram.com\/blackgoodiesFR\/\"]}]}<\/script>\n<!-- \/ Yoast SEO plugin. -->","yoast_head_json":{"title":"Rechtliche Hinweise - blackgoodies.ch","robots":{"index":"index","follow":"follow","max-snippet":"max-snippet:-1","max-image-preview":"max-image-preview:large","max-video-preview":"max-video-preview:-1"},"canonical":"https:\/\/www.blackgoodies.ch\/fr\/rechtliche-hinweise\/","og_locale":"fr_FR","og_type":"article","og_title":"Rechtliche Hinweise - blackgoodies.ch","og_description":"AUSGABE DER WEBSITE www.blackgoodies.ch ist eine Website der Firma Blacksheeps GMBH. Direktor der Ver\u00f6ffentlichung: Herr ROZE. GEISTIGES EIGENTUM Die gesamte Website unterliegt franz\u00f6sischem und internationalem Urheberrecht und geistigem Eigentum. Alle Reproduktionsrechte sind vorbehalten, einschlie\u00dflich ikonographischer und fotografischer Darstellungen. Die Vervielf\u00e4ltigung, Anpassung und\/oder \u00dcbersetzung der gesamten oder eines Teils dieser Website auf einem beliebigen Medium ist [&hellip;]","og_url":"https:\/\/www.blackgoodies.ch\/fr\/rechtliche-hinweise\/","og_site_name":"blackgoodies.ch","article_publisher":"https:\/\/www.facebook.com\/profile.php?id=100089695582463","article_modified_time":"2024-11-05T16:14:48+00:00","og_image":[{"width":209,"height":209,"url":"https:\/\/www.blackgoodies.ch\/wp-content\/uploads\/2023\/03\/favicon.png","type":"image\/png"}],"twitter_card":"summary_large_image","twitter_misc":{"Dur\u00e9e de lecture estim\u00e9e":"1 minute"},"schema":{"@context":"https:\/\/schema.org","@graph":[{"@type":"WebPage","@id":"https:\/\/www.blackgoodies.ch\/rechtliche-hinweise\/","url":"https:\/\/www.blackgoodies.ch\/rechtliche-hinweise\/","name":"Rechtliche Hinweise - blackgoodies.ch","isPartOf":{"@id":"https:\/\/www.blackgoodies.ch\/#website"},"datePublished":"2019-02-21T13:48:21+00:00","dateModified":"2024-11-05T16:14:48+00:00","inLanguage":"fr-FR","potentialAction":[{"@type":"ReadAction","target":["https:\/\/www.blackgoodies.ch\/rechtliche-hinweise\/"]}]},{"@type":"WebSite","@id":"https:\/\/www.blackgoodies.ch\/#website","url":"https:\/\/www.blackgoodies.ch\/","name":"blackgoodies","description":"Emblemen - Flammen - Merchandising","publisher":{"@id":"https:\/\/www.blackgoodies.ch\/#organization"},"potentialAction":[{"@type":"SearchAction","target":{"@type":"EntryPoint","urlTemplate":"https:\/\/www.blackgoodies.ch\/?s={search_term_string}"},"query-input":"required name=search_term_string"}],"inLanguage":"fr-FR"},{"@type":"Organization","@id":"https:\/\/www.blackgoodies.ch\/#organization","name":"Blackgoodies","url":"https:\/\/www.blackgoodies.ch\/","logo":{"@type":"ImageObject","inLanguage":"fr-FR","@id":"https:\/\/www.blackgoodies.ch\/#\/schema\/logo\/image\/","url":"https:\/\/www.blackgoodies.ch\/wp-content\/uploads\/2023\/03\/favicon.png","contentUrl":"https:\/\/www.blackgoodies.ch\/wp-content\/uploads\/2023\/03\/favicon.png","width":209,"height":209,"caption":"Blackgoodies"},"image":{"@id":"https:\/\/www.blackgoodies.ch\/#\/schema\/logo\/image\/"},"sameAs":["https:\/\/www.facebook.com\/profile.php?id=100089695582463","https:\/\/www.instagram.com\/blackgoodiesFR\/"]}]}},"_links":{"self":[{"href":"https:\/\/www.blackgoodies.ch\/fr\/wp-json\/wp\/v2\/pages\/289"}],"collection":[{"href":"https:\/\/www.blackgoodies.ch\/fr\/wp-json\/wp\/v2\/pages"}],"about":[{"href":"https:\/\/www.blackgoodies.ch\/fr\/wp-json\/wp\/v2\/types\/page"}],"author":[{"embeddable":true,"href":"https:\/\/www.blackgoodies.ch\/fr\/wp-json\/wp\/v2\/users\/1"}],"replies":[{"embeddable":true,"href":"https:\/\/www.blackgoodies.ch\/fr\/wp-json\/wp\/v2\/comments?post=289"}],"version-history":[{"count":0,"href":"https:\/\/www.blackgoodies.ch\/fr\/wp-json\/wp\/v2\/pages\/289\/revisions"}],"wp:attachment":[{"href":"https:\/\/www.blackgoodies.ch\/fr\/wp-json\/wp\/v2\/media?parent=289"}],"curies":[{"name":"wp","href":"https:\/\/api.w.org\/{rel}","templated":true}]}}