{"id":279,"date":"2019-02-21T10:28:44","date_gmt":"2019-02-21T09:28:44","guid":{"rendered":"https:\/\/www.blackgoodies.ch\/?post_type=product&#038;p=279"},"modified":"2024-10-28T16:20:10","modified_gmt":"2024-10-28T15:20:10","slug":"gewebte-abzeichen","status":"publish","type":"product","link":"https:\/\/www.blackgoodies.ch\/fr\/produit\/gewebte-abzeichen\/","title":{"rendered":"Ecussons tiss\u00e9s"},"content":{"rendered":"<p>Gewebte Abzeichen sind flacher und glatter. Sie erfordern eine technischere Arbeit und erm\u00f6glichen pr\u00e4zisere Arbeiten. Sie werden f\u00fcr komplexere Designs verwendet und sind unter anderem f\u00fcr Sportkleidung gefragt, vor allem wegen ihrer Geschmeidigkeit und Feinheit. Diese k\u00f6nnen maximal 10 verschiedene Farben enthalten und sind bis 40 \u00b0C waschbar.<\/p>\n<p>Eine Bestellung von &#171;gewebten&#187; Aufn\u00e4hern muss mindestens 25 St\u00fcck umfassen, damit sie ausgef\u00fchrt werden kann.<\/p>","protected":false},"excerpt":{"rendered":"<p>Gewebte Abzeichen sind flacher und glatter. Sie erfordern eine technischere Arbeit und erm\u00f6glichen pr\u00e4zisere Arbeiten. Sie werden f\u00fcr komplexere Designs verwendet und sind unter anderem f\u00fcr Sportkleidung gefragt, vor allem wegen ihrer Geschmeidigkeit und Feinheit. Diese k\u00f6nnen maximal 10 verschiedene Farben enthalten und sind bis 40 \u00b0C waschbar. Eine Bestellung von &#171;gewebten&#187; Aufn\u00e4hern muss mindestens [&hellip;]<\/p>","protected":false},"featured_media":25970,"template":"","meta":{"_acf_changed":false},"product_cat":[18],"product_tag":[],"class_list":{"0":"post-279","1":"product","2":"type-product","3":"status-publish","4":"has-post-thumbnail","6":"product_cat-emblemen","8":"first","9":"instock","10":"taxable","11":"shipping-taxable","12":"purchasable","13":"product-type-simple"},"acf":[],"yoast_head":"<!-- This site is optimized with the Yoast SEO plugin v22.0 - https:\/\/yoast.com\/wordpress\/plugins\/seo\/ -->\n<title>Gewebte Abzeichen - blackgoodies.ch<\/title>\n<meta name=\"robots\" content=\"index, follow, max-snippet:-1, max-image-preview:large, max-video-preview:-1\" \/>\n<link rel=\"canonical\" href=\"https:\/\/www.blackgoodies.ch\/fr\/produit\/gewebte-abzeichen\/\" \/>\n<meta property=\"og:locale\" content=\"fr_FR\" \/>\n<meta property=\"og:type\" content=\"article\" \/>\n<meta property=\"og:title\" content=\"Gewebte Abzeichen - blackgoodies.ch\" \/>\n<meta property=\"og:description\" content=\"Gewebte Abzeichen sind flacher und glatter. Sie erfordern eine technischere Arbeit und erm\u00f6glichen pr\u00e4zisere Arbeiten. Sie werden f\u00fcr komplexere Designs verwendet und sind unter anderem f\u00fcr Sportkleidung gefragt, vor allem wegen ihrer Geschmeidigkeit und Feinheit. Diese k\u00f6nnen maximal 10 verschiedene Farben enthalten und sind bis 40 \u00b0C waschbar. Eine Bestellung von &#171;gewebten&#187; Aufn\u00e4hern muss mindestens [&hellip;]\" \/>\n<meta property=\"og:url\" content=\"https:\/\/www.blackgoodies.ch\/fr\/produit\/gewebte-abzeichen\/\" \/>\n<meta property=\"og:site_name\" content=\"blackgoodies.ch\" \/>\n<meta property=\"article:publisher\" content=\"https:\/\/www.facebook.com\/profile.php?id=100089695582463\" \/>\n<meta property=\"article:modified_time\" content=\"2024-10-28T15:20:10+00:00\" \/>\n<meta property=\"og:image\" content=\"https:\/\/www.blackgoodies.ch\/wp-content\/uploads\/2019\/02\/WQM7802-PATCH-TISSE-03.jpg\" \/>\n\t<meta property=\"og:image:width\" content=\"720\" \/>\n\t<meta property=\"og:image:height\" content=\"720\" \/>\n\t<meta property=\"og:image:type\" content=\"image\/jpeg\" \/>\n<meta name=\"twitter:card\" content=\"summary_large_image\" \/>\n<meta name=\"twitter:label1\" content=\"Dur\u00e9e de lecture estim\u00e9e\" \/>\n\t<meta name=\"twitter:data1\" content=\"1 minute\" \/>\n<script type=\"application\/ld+json\" class=\"yoast-schema-graph\">{\"@context\":\"https:\/\/schema.org\",\"@graph\":[{\"@type\":\"WebPage\",\"@id\":\"https:\/\/www.blackgoodies.ch\/produkt\/gewebte-abzeichen\/\",\"url\":\"https:\/\/www.blackgoodies.ch\/produkt\/gewebte-abzeichen\/\",\"name\":\"Gewebte Abzeichen - blackgoodies.ch\",\"isPartOf\":{\"@id\":\"https:\/\/www.blackgoodies.ch\/#website\"},\"datePublished\":\"2019-02-21T09:28:44+00:00\",\"dateModified\":\"2024-10-28T15:20:10+00:00\",\"breadcrumb\":{\"@id\":\"https:\/\/www.blackgoodies.ch\/produkt\/gewebte-abzeichen\/#breadcrumb\"},\"inLanguage\":\"fr-FR\",\"potentialAction\":[{\"@type\":\"ReadAction\",\"target\":[\"https:\/\/www.blackgoodies.ch\/produkt\/gewebte-abzeichen\/\"]}]},{\"@type\":\"BreadcrumbList\",\"@id\":\"https:\/\/www.blackgoodies.ch\/produkt\/gewebte-abzeichen\/#breadcrumb\",\"itemListElement\":[{\"@type\":\"ListItem\",\"position\":1,\"name\":\"Das Gesch\u00e4ft\",\"item\":\"https:\/\/www.blackgoodies.ch\/shop\/\"},{\"@type\":\"ListItem\",\"position\":2,\"name\":\"Gewebte Abzeichen\"}]},{\"@type\":\"WebSite\",\"@id\":\"https:\/\/www.blackgoodies.ch\/#website\",\"url\":\"https:\/\/www.blackgoodies.ch\/\",\"name\":\"blackgoodies\",\"description\":\"Emblemen - Flammen - Merchandising\",\"publisher\":{\"@id\":\"https:\/\/www.blackgoodies.ch\/#organization\"},\"potentialAction\":[{\"@type\":\"SearchAction\",\"target\":{\"@type\":\"EntryPoint\",\"urlTemplate\":\"https:\/\/www.blackgoodies.ch\/?s={search_term_string}\"},\"query-input\":\"required name=search_term_string\"}],\"inLanguage\":\"fr-FR\"},{\"@type\":\"Organization\",\"@id\":\"https:\/\/www.blackgoodies.ch\/#organization\",\"name\":\"Blackgoodies\",\"url\":\"https:\/\/www.blackgoodies.ch\/\",\"logo\":{\"@type\":\"ImageObject\",\"inLanguage\":\"fr-FR\",\"@id\":\"https:\/\/www.blackgoodies.ch\/#\/schema\/logo\/image\/\",\"url\":\"https:\/\/www.blackgoodies.ch\/wp-content\/uploads\/2023\/03\/favicon.png\",\"contentUrl\":\"https:\/\/www.blackgoodies.ch\/wp-content\/uploads\/2023\/03\/favicon.png\",\"width\":209,\"height\":209,\"caption\":\"Blackgoodies\"},\"image\":{\"@id\":\"https:\/\/www.blackgoodies.ch\/#\/schema\/logo\/image\/\"},\"sameAs\":[\"https:\/\/www.facebook.com\/profile.php?id=100089695582463\",\"https:\/\/www.instagram.com\/blackgoodiesFR\/\"]}]}<\/script>\n<!-- \/ Yoast SEO plugin. -->","yoast_head_json":{"title":"Gewebte Abzeichen - blackgoodies.ch","robots":{"index":"index","follow":"follow","max-snippet":"max-snippet:-1","max-image-preview":"max-image-preview:large","max-video-preview":"max-video-preview:-1"},"canonical":"https:\/\/www.blackgoodies.ch\/fr\/produit\/gewebte-abzeichen\/","og_locale":"fr_FR","og_type":"article","og_title":"Gewebte Abzeichen - blackgoodies.ch","og_description":"Gewebte Abzeichen sind flacher und glatter. Sie erfordern eine technischere Arbeit und erm\u00f6glichen pr\u00e4zisere Arbeiten. Sie werden f\u00fcr komplexere Designs verwendet und sind unter anderem f\u00fcr Sportkleidung gefragt, vor allem wegen ihrer Geschmeidigkeit und Feinheit. Diese k\u00f6nnen maximal 10 verschiedene Farben enthalten und sind bis 40 \u00b0C waschbar. Eine Bestellung von &#171;gewebten&#187; Aufn\u00e4hern muss mindestens [&hellip;]","og_url":"https:\/\/www.blackgoodies.ch\/fr\/produit\/gewebte-abzeichen\/","og_site_name":"blackgoodies.ch","article_publisher":"https:\/\/www.facebook.com\/profile.php?id=100089695582463","article_modified_time":"2024-10-28T15:20:10+00:00","og_image":[{"width":720,"height":720,"url":"https:\/\/www.blackgoodies.ch\/wp-content\/uploads\/2019\/02\/WQM7802-PATCH-TISSE-03.jpg","type":"image\/jpeg"}],"twitter_card":"summary_large_image","twitter_misc":{"Dur\u00e9e de lecture estim\u00e9e":"1 minute"},"schema":{"@context":"https:\/\/schema.org","@graph":[{"@type":"WebPage","@id":"https:\/\/www.blackgoodies.ch\/produkt\/gewebte-abzeichen\/","url":"https:\/\/www.blackgoodies.ch\/produkt\/gewebte-abzeichen\/","name":"Gewebte Abzeichen - blackgoodies.ch","isPartOf":{"@id":"https:\/\/www.blackgoodies.ch\/#website"},"datePublished":"2019-02-21T09:28:44+00:00","dateModified":"2024-10-28T15:20:10+00:00","breadcrumb":{"@id":"https:\/\/www.blackgoodies.ch\/produkt\/gewebte-abzeichen\/#breadcrumb"},"inLanguage":"fr-FR","potentialAction":[{"@type":"ReadAction","target":["https:\/\/www.blackgoodies.ch\/produkt\/gewebte-abzeichen\/"]}]},{"@type":"BreadcrumbList","@id":"https:\/\/www.blackgoodies.ch\/produkt\/gewebte-abzeichen\/#breadcrumb","itemListElement":[{"@type":"ListItem","position":1,"name":"Das Gesch\u00e4ft","item":"https:\/\/www.blackgoodies.ch\/shop\/"},{"@type":"ListItem","position":2,"name":"Gewebte Abzeichen"}]},{"@type":"WebSite","@id":"https:\/\/www.blackgoodies.ch\/#website","url":"https:\/\/www.blackgoodies.ch\/","name":"blackgoodies","description":"Emblemen - Flammen - Merchandising","publisher":{"@id":"https:\/\/www.blackgoodies.ch\/#organization"},"potentialAction":[{"@type":"SearchAction","target":{"@type":"EntryPoint","urlTemplate":"https:\/\/www.blackgoodies.ch\/?s={search_term_string}"},"query-input":"required name=search_term_string"}],"inLanguage":"fr-FR"},{"@type":"Organization","@id":"https:\/\/www.blackgoodies.ch\/#organization","name":"Blackgoodies","url":"https:\/\/www.blackgoodies.ch\/","logo":{"@type":"ImageObject","inLanguage":"fr-FR","@id":"https:\/\/www.blackgoodies.ch\/#\/schema\/logo\/image\/","url":"https:\/\/www.blackgoodies.ch\/wp-content\/uploads\/2023\/03\/favicon.png","contentUrl":"https:\/\/www.blackgoodies.ch\/wp-content\/uploads\/2023\/03\/favicon.png","width":209,"height":209,"caption":"Blackgoodies"},"image":{"@id":"https:\/\/www.blackgoodies.ch\/#\/schema\/logo\/image\/"},"sameAs":["https:\/\/www.facebook.com\/profile.php?id=100089695582463","https:\/\/www.instagram.com\/blackgoodiesFR\/"]}]}},"_links":{"self":[{"href":"https:\/\/www.blackgoodies.ch\/fr\/wp-json\/wp\/v2\/product\/279"}],"collection":[{"href":"https:\/\/www.blackgoodies.ch\/fr\/wp-json\/wp\/v2\/product"}],"about":[{"href":"https:\/\/www.blackgoodies.ch\/fr\/wp-json\/wp\/v2\/types\/product"}],"wp:featuredmedia":[{"embeddable":true,"href":"https:\/\/www.blackgoodies.ch\/fr\/wp-json\/wp\/v2\/media\/25970"}],"wp:attachment":[{"href":"https:\/\/www.blackgoodies.ch\/fr\/wp-json\/wp\/v2\/media?parent=279"}],"wp:term":[{"taxonomy":"product_cat","embeddable":true,"href":"https:\/\/www.blackgoodies.ch\/fr\/wp-json\/wp\/v2\/product_cat?post=279"},{"taxonomy":"product_tag","embeddable":true,"href":"https:\/\/www.blackgoodies.ch\/fr\/wp-json\/wp\/v2\/product_tag?post=279"}],"curies":[{"name":"wp","href":"https:\/\/api.w.org\/{rel}","templated":true}]}}