{"id":281,"date":"2019-02-21T10:30:32","date_gmt":"2019-02-21T09:30:32","guid":{"rendered":"https:\/\/www.blackgoodies.ch\/?post_type=product&#038;p=281"},"modified":"2024-10-28T17:05:18","modified_gmt":"2024-10-28T16:05:18","slug":"pvc-abzeichen","status":"publish","type":"product","link":"https:\/\/www.blackgoodies.ch\/fr\/produit\/pvc-abzeichen\/","title":{"rendered":"Ecussons PVC"},"content":{"rendered":"<p>PVC-Abzeichen (Polyvinylchlorid) werden mit speziellen Formen f\u00fcr jedes Schild hergestellt und k\u00f6nnen in 2D oder 3D hergestellt werden. Ihr Konzept ist neuer als das andere Arten von Abzeichen. Letztere werden haupts\u00e4chlich f\u00fcr Paintball Clubs, Gendarmerie, Polizei, Zoll, Milit\u00e4rregimenter usw. bestellt.<\/p>\n<p>Die Bestellung muss mindestens 25 St\u00fcck umfassen.<\/p>","protected":false},"excerpt":{"rendered":"<p>PVC-Abzeichen (Polyvinylchlorid) werden mit speziellen Formen f\u00fcr jedes Schild hergestellt und k\u00f6nnen in 2D oder 3D hergestellt werden. Ihr Konzept ist neuer als das andere Arten von Abzeichen. Letztere werden haupts\u00e4chlich f\u00fcr Paintball Clubs, Gendarmerie, Polizei, Zoll, Milit\u00e4rregimenter usw. bestellt. Die Bestellung muss mindestens 25 St\u00fcck umfassen.<\/p>","protected":false},"featured_media":25973,"template":"","meta":{"_acf_changed":false},"product_cat":[18],"product_tag":[],"class_list":{"0":"post-281","1":"product","2":"type-product","3":"status-publish","4":"has-post-thumbnail","6":"product_cat-emblemen","8":"first","9":"instock","10":"taxable","11":"shipping-taxable","12":"purchasable","13":"product-type-simple"},"acf":[],"yoast_head":"<!-- This site is optimized with the Yoast SEO plugin v22.0 - https:\/\/yoast.com\/wordpress\/plugins\/seo\/ -->\n<title>PVC-Abzeichen - blackgoodies.ch<\/title>\n<meta name=\"robots\" content=\"index, follow, max-snippet:-1, max-image-preview:large, max-video-preview:-1\" \/>\n<link rel=\"canonical\" href=\"https:\/\/www.blackgoodies.ch\/fr\/produit\/pvc-abzeichen\/\" \/>\n<meta property=\"og:locale\" content=\"fr_FR\" \/>\n<meta property=\"og:type\" content=\"article\" \/>\n<meta property=\"og:title\" content=\"PVC-Abzeichen - blackgoodies.ch\" \/>\n<meta property=\"og:description\" content=\"PVC-Abzeichen (Polyvinylchlorid) werden mit speziellen Formen f\u00fcr jedes Schild hergestellt und k\u00f6nnen in 2D oder 3D hergestellt werden. Ihr Konzept ist neuer als das andere Arten von Abzeichen. Letztere werden haupts\u00e4chlich f\u00fcr Paintball Clubs, Gendarmerie, Polizei, Zoll, Milit\u00e4rregimenter usw. bestellt. Die Bestellung muss mindestens 25 St\u00fcck umfassen.\" \/>\n<meta property=\"og:url\" content=\"https:\/\/www.blackgoodies.ch\/fr\/produit\/pvc-abzeichen\/\" \/>\n<meta property=\"og:site_name\" content=\"blackgoodies.ch\" \/>\n<meta property=\"article:publisher\" content=\"https:\/\/www.facebook.com\/profile.php?id=100089695582463\" \/>\n<meta property=\"article:modified_time\" content=\"2024-10-28T16:05:18+00:00\" \/>\n<meta property=\"og:image\" content=\"https:\/\/www.blackgoodies.ch\/wp-content\/uploads\/2019\/02\/PVC-patch-3.jpg\" \/>\n\t<meta property=\"og:image:width\" content=\"894\" \/>\n\t<meta property=\"og:image:height\" content=\"901\" \/>\n\t<meta property=\"og:image:type\" content=\"image\/jpeg\" \/>\n<meta name=\"twitter:card\" content=\"summary_large_image\" \/>\n<meta name=\"twitter:label1\" content=\"Dur\u00e9e de lecture estim\u00e9e\" \/>\n\t<meta name=\"twitter:data1\" content=\"1 minute\" \/>\n<script type=\"application\/ld+json\" class=\"yoast-schema-graph\">{\"@context\":\"https:\/\/schema.org\",\"@graph\":[{\"@type\":\"WebPage\",\"@id\":\"https:\/\/www.blackgoodies.ch\/produkt\/pvc-abzeichen\/\",\"url\":\"https:\/\/www.blackgoodies.ch\/produkt\/pvc-abzeichen\/\",\"name\":\"PVC-Abzeichen - blackgoodies.ch\",\"isPartOf\":{\"@id\":\"https:\/\/www.blackgoodies.ch\/#website\"},\"datePublished\":\"2019-02-21T09:30:32+00:00\",\"dateModified\":\"2024-10-28T16:05:18+00:00\",\"breadcrumb\":{\"@id\":\"https:\/\/www.blackgoodies.ch\/produkt\/pvc-abzeichen\/#breadcrumb\"},\"inLanguage\":\"fr-FR\",\"potentialAction\":[{\"@type\":\"ReadAction\",\"target\":[\"https:\/\/www.blackgoodies.ch\/produkt\/pvc-abzeichen\/\"]}]},{\"@type\":\"BreadcrumbList\",\"@id\":\"https:\/\/www.blackgoodies.ch\/produkt\/pvc-abzeichen\/#breadcrumb\",\"itemListElement\":[{\"@type\":\"ListItem\",\"position\":1,\"name\":\"Das Gesch\u00e4ft\",\"item\":\"https:\/\/www.blackgoodies.ch\/shop\/\"},{\"@type\":\"ListItem\",\"position\":2,\"name\":\"PVC-Abzeichen\"}]},{\"@type\":\"WebSite\",\"@id\":\"https:\/\/www.blackgoodies.ch\/#website\",\"url\":\"https:\/\/www.blackgoodies.ch\/\",\"name\":\"blackgoodies\",\"description\":\"Emblemen - Flammen - Merchandising\",\"publisher\":{\"@id\":\"https:\/\/www.blackgoodies.ch\/#organization\"},\"potentialAction\":[{\"@type\":\"SearchAction\",\"target\":{\"@type\":\"EntryPoint\",\"urlTemplate\":\"https:\/\/www.blackgoodies.ch\/?s={search_term_string}\"},\"query-input\":\"required name=search_term_string\"}],\"inLanguage\":\"fr-FR\"},{\"@type\":\"Organization\",\"@id\":\"https:\/\/www.blackgoodies.ch\/#organization\",\"name\":\"Blackgoodies\",\"url\":\"https:\/\/www.blackgoodies.ch\/\",\"logo\":{\"@type\":\"ImageObject\",\"inLanguage\":\"fr-FR\",\"@id\":\"https:\/\/www.blackgoodies.ch\/#\/schema\/logo\/image\/\",\"url\":\"https:\/\/www.blackgoodies.ch\/wp-content\/uploads\/2023\/03\/favicon.png\",\"contentUrl\":\"https:\/\/www.blackgoodies.ch\/wp-content\/uploads\/2023\/03\/favicon.png\",\"width\":209,\"height\":209,\"caption\":\"Blackgoodies\"},\"image\":{\"@id\":\"https:\/\/www.blackgoodies.ch\/#\/schema\/logo\/image\/\"},\"sameAs\":[\"https:\/\/www.facebook.com\/profile.php?id=100089695582463\",\"https:\/\/www.instagram.com\/blackgoodiesFR\/\"]}]}<\/script>\n<!-- \/ Yoast SEO plugin. -->","yoast_head_json":{"title":"PVC-Abzeichen - blackgoodies.ch","robots":{"index":"index","follow":"follow","max-snippet":"max-snippet:-1","max-image-preview":"max-image-preview:large","max-video-preview":"max-video-preview:-1"},"canonical":"https:\/\/www.blackgoodies.ch\/fr\/produit\/pvc-abzeichen\/","og_locale":"fr_FR","og_type":"article","og_title":"PVC-Abzeichen - blackgoodies.ch","og_description":"PVC-Abzeichen (Polyvinylchlorid) werden mit speziellen Formen f\u00fcr jedes Schild hergestellt und k\u00f6nnen in 2D oder 3D hergestellt werden. Ihr Konzept ist neuer als das andere Arten von Abzeichen. Letztere werden haupts\u00e4chlich f\u00fcr Paintball Clubs, Gendarmerie, Polizei, Zoll, Milit\u00e4rregimenter usw. bestellt. Die Bestellung muss mindestens 25 St\u00fcck umfassen.","og_url":"https:\/\/www.blackgoodies.ch\/fr\/produit\/pvc-abzeichen\/","og_site_name":"blackgoodies.ch","article_publisher":"https:\/\/www.facebook.com\/profile.php?id=100089695582463","article_modified_time":"2024-10-28T16:05:18+00:00","og_image":[{"width":894,"height":901,"url":"https:\/\/www.blackgoodies.ch\/wp-content\/uploads\/2019\/02\/PVC-patch-3.jpg","type":"image\/jpeg"}],"twitter_card":"summary_large_image","twitter_misc":{"Dur\u00e9e de lecture estim\u00e9e":"1 minute"},"schema":{"@context":"https:\/\/schema.org","@graph":[{"@type":"WebPage","@id":"https:\/\/www.blackgoodies.ch\/produkt\/pvc-abzeichen\/","url":"https:\/\/www.blackgoodies.ch\/produkt\/pvc-abzeichen\/","name":"PVC-Abzeichen - blackgoodies.ch","isPartOf":{"@id":"https:\/\/www.blackgoodies.ch\/#website"},"datePublished":"2019-02-21T09:30:32+00:00","dateModified":"2024-10-28T16:05:18+00:00","breadcrumb":{"@id":"https:\/\/www.blackgoodies.ch\/produkt\/pvc-abzeichen\/#breadcrumb"},"inLanguage":"fr-FR","potentialAction":[{"@type":"ReadAction","target":["https:\/\/www.blackgoodies.ch\/produkt\/pvc-abzeichen\/"]}]},{"@type":"BreadcrumbList","@id":"https:\/\/www.blackgoodies.ch\/produkt\/pvc-abzeichen\/#breadcrumb","itemListElement":[{"@type":"ListItem","position":1,"name":"Das Gesch\u00e4ft","item":"https:\/\/www.blackgoodies.ch\/shop\/"},{"@type":"ListItem","position":2,"name":"PVC-Abzeichen"}]},{"@type":"WebSite","@id":"https:\/\/www.blackgoodies.ch\/#website","url":"https:\/\/www.blackgoodies.ch\/","name":"blackgoodies","description":"Emblemen - Flammen - Merchandising","publisher":{"@id":"https:\/\/www.blackgoodies.ch\/#organization"},"potentialAction":[{"@type":"SearchAction","target":{"@type":"EntryPoint","urlTemplate":"https:\/\/www.blackgoodies.ch\/?s={search_term_string}"},"query-input":"required name=search_term_string"}],"inLanguage":"fr-FR"},{"@type":"Organization","@id":"https:\/\/www.blackgoodies.ch\/#organization","name":"Blackgoodies","url":"https:\/\/www.blackgoodies.ch\/","logo":{"@type":"ImageObject","inLanguage":"fr-FR","@id":"https:\/\/www.blackgoodies.ch\/#\/schema\/logo\/image\/","url":"https:\/\/www.blackgoodies.ch\/wp-content\/uploads\/2023\/03\/favicon.png","contentUrl":"https:\/\/www.blackgoodies.ch\/wp-content\/uploads\/2023\/03\/favicon.png","width":209,"height":209,"caption":"Blackgoodies"},"image":{"@id":"https:\/\/www.blackgoodies.ch\/#\/schema\/logo\/image\/"},"sameAs":["https:\/\/www.facebook.com\/profile.php?id=100089695582463","https:\/\/www.instagram.com\/blackgoodiesFR\/"]}]}},"_links":{"self":[{"href":"https:\/\/www.blackgoodies.ch\/fr\/wp-json\/wp\/v2\/product\/281"}],"collection":[{"href":"https:\/\/www.blackgoodies.ch\/fr\/wp-json\/wp\/v2\/product"}],"about":[{"href":"https:\/\/www.blackgoodies.ch\/fr\/wp-json\/wp\/v2\/types\/product"}],"wp:featuredmedia":[{"embeddable":true,"href":"https:\/\/www.blackgoodies.ch\/fr\/wp-json\/wp\/v2\/media\/25973"}],"wp:attachment":[{"href":"https:\/\/www.blackgoodies.ch\/fr\/wp-json\/wp\/v2\/media?parent=281"}],"wp:term":[{"taxonomy":"product_cat","embeddable":true,"href":"https:\/\/www.blackgoodies.ch\/fr\/wp-json\/wp\/v2\/product_cat?post=281"},{"taxonomy":"product_tag","embeddable":true,"href":"https:\/\/www.blackgoodies.ch\/fr\/wp-json\/wp\/v2\/product_tag?post=281"}],"curies":[{"name":"wp","href":"https:\/\/api.w.org\/{rel}","templated":true}]}}