{"id":14,"date":"2019-02-15T14:29:15","date_gmt":"2019-02-15T13:29:15","guid":{"rendered":"https:\/\/www.blackgoodies.ch\/?page_id=14"},"modified":"2023-06-15T14:39:23","modified_gmt":"2023-06-15T12:39:23","slug":"startseite","status":"publish","type":"page","link":"https:\/\/www.blackgoodies.ch\/it\/","title":{"rendered":"Benvenuti in Blackgoodies"},"content":{"rendered":"<p class=\"has-text-align-center\">La societ\u00e0 Blackgoodies \u00e8 specializzata nella realizzazione di stemmi, portachiavi fiamma e nel Merchandising<\/p>\n\n\n\n<p class=\"has-text-align-center\">Dalla A alla Z ci occupiamo di tutto fino alla consegna (gratuita) dei vostri prodotti.<\/p>\n\n\n\n<p class=\"has-text-align-center\">Tutto \u201c\u00e0 la carte\u201d in base alle vostre esigenze e mezzi. I nostri prodotti sono adatti a tutte le tasche. Affidateci i vostri progetti e li metteremo in forma.<\/p>","protected":false},"excerpt":{"rendered":"<p>Die Firma Black Goodies ist auf die Herstellung von Emblemen, Flammenschl\u00fcsselanh\u00e4ngern und Merchandising spezialisiert. Von A bis Z k\u00fcmmern wir uns um alles bis zur (kostenlosen) Lieferung Ihrer Produkte. Alles \u00e0 la carte nach Ihren Bed\u00fcrfnissen und Mitteln. Unsere Produkte sind f\u00fcr jedes Budget geeignet. Vertrauen Sie uns Ihre Projekte an und wir werden sie [&hellip;]<\/p>","protected":false},"author":1,"featured_media":0,"parent":0,"menu_order":0,"comment_status":"closed","ping_status":"closed","template":"template-homepage.php","meta":{"_acf_changed":false,"footnotes":""},"class_list":["post-14","page","type-page","status-publish","hentry"],"acf":[],"yoast_head":"<!-- This site is optimized with the Yoast SEO plugin v22.0 - https:\/\/yoast.com\/wordpress\/plugins\/seo\/ -->\n<title>Personalisierte Abzeichen - Flammen - Merchandising<\/title>\n<meta name=\"description\" content=\"Diese Website ist auf die auf Personalisierung und Herstellung von Abzeichen &quot;Flammen&quot; Schl\u00fcsselanh\u00e4nger und im Merchandising spezialisiert\" \/>\n<meta name=\"robots\" content=\"index, follow, max-snippet:-1, max-image-preview:large, max-video-preview:-1\" \/>\n<link rel=\"canonical\" href=\"https:\/\/www.blackgoodies.ch\/it\/\" \/>\n<meta property=\"og:locale\" content=\"it_IT\" \/>\n<meta property=\"og:type\" content=\"article\" \/>\n<meta property=\"og:title\" content=\"Personalisierte Abzeichen - Flammen - Merchandising\" \/>\n<meta property=\"og:description\" content=\"Diese Website ist auf die auf Personalisierung und Herstellung von Abzeichen &quot;Flammen&quot; Schl\u00fcsselanh\u00e4nger und im Merchandising spezialisiert\" \/>\n<meta property=\"og:url\" content=\"https:\/\/www.blackgoodies.ch\/it\/\" \/>\n<meta property=\"og:site_name\" content=\"blackgoodies.ch\" \/>\n<meta property=\"article:publisher\" content=\"https:\/\/www.facebook.com\/profile.php?id=100089695582463\" \/>\n<meta property=\"article:modified_time\" content=\"2023-06-15T12:39:23+00:00\" \/>\n<meta property=\"og:image\" content=\"https:\/\/www.blackgoodies.ch\/wp-content\/uploads\/2023\/03\/favicon.png\" \/>\n\t<meta property=\"og:image:width\" content=\"209\" \/>\n\t<meta property=\"og:image:height\" content=\"209\" \/>\n\t<meta property=\"og:image:type\" content=\"image\/png\" \/>\n<meta name=\"twitter:card\" content=\"summary_large_image\" \/>\n<meta name=\"twitter:label1\" content=\"Tempo di lettura stimato\" \/>\n\t<meta name=\"twitter:data1\" content=\"1 minuto\" \/>\n<script type=\"application\/ld+json\" class=\"yoast-schema-graph\">{\"@context\":\"https:\/\/schema.org\",\"@graph\":[{\"@type\":\"WebPage\",\"@id\":\"https:\/\/www.blackgoodies.ch\/\",\"url\":\"https:\/\/www.blackgoodies.ch\/\",\"name\":\"Personalisierte Abzeichen - Flammen - Merchandising\",\"isPartOf\":{\"@id\":\"https:\/\/www.blackgoodies.ch\/#website\"},\"datePublished\":\"2019-02-15T13:29:15+00:00\",\"dateModified\":\"2023-06-15T12:39:23+00:00\",\"description\":\"Diese Website ist auf die auf Personalisierung und Herstellung von Abzeichen \\\"Flammen\\\" Schl\u00fcsselanh\u00e4nger und im Merchandising spezialisiert\",\"inLanguage\":\"it-IT\",\"potentialAction\":[{\"@type\":\"ReadAction\",\"target\":[\"https:\/\/www.blackgoodies.ch\/\"]}]},{\"@type\":\"WebSite\",\"@id\":\"https:\/\/www.blackgoodies.ch\/#website\",\"url\":\"https:\/\/www.blackgoodies.ch\/\",\"name\":\"blackgoodies\",\"description\":\"Emblemen - Flammen - Merchandising\",\"publisher\":{\"@id\":\"https:\/\/www.blackgoodies.ch\/#organization\"},\"potentialAction\":[{\"@type\":\"SearchAction\",\"target\":{\"@type\":\"EntryPoint\",\"urlTemplate\":\"https:\/\/www.blackgoodies.ch\/?s={search_term_string}\"},\"query-input\":\"required name=search_term_string\"}],\"inLanguage\":\"it-IT\"},{\"@type\":\"Organization\",\"@id\":\"https:\/\/www.blackgoodies.ch\/#organization\",\"name\":\"Blackgoodies\",\"url\":\"https:\/\/www.blackgoodies.ch\/\",\"logo\":{\"@type\":\"ImageObject\",\"inLanguage\":\"it-IT\",\"@id\":\"https:\/\/www.blackgoodies.ch\/#\/schema\/logo\/image\/\",\"url\":\"https:\/\/www.blackgoodies.ch\/wp-content\/uploads\/2023\/03\/favicon.png\",\"contentUrl\":\"https:\/\/www.blackgoodies.ch\/wp-content\/uploads\/2023\/03\/favicon.png\",\"width\":209,\"height\":209,\"caption\":\"Blackgoodies\"},\"image\":{\"@id\":\"https:\/\/www.blackgoodies.ch\/#\/schema\/logo\/image\/\"},\"sameAs\":[\"https:\/\/www.facebook.com\/profile.php?id=100089695582463\",\"https:\/\/www.instagram.com\/blackgoodiesFR\/\"]}]}<\/script>\n<!-- \/ Yoast SEO plugin. -->","yoast_head_json":{"title":"Personalisierte Abzeichen - Flammen - Merchandising","description":"Diese Website ist auf die auf Personalisierung und Herstellung von Abzeichen \"Flammen\" Schl\u00fcsselanh\u00e4nger und im Merchandising spezialisiert","robots":{"index":"index","follow":"follow","max-snippet":"max-snippet:-1","max-image-preview":"max-image-preview:large","max-video-preview":"max-video-preview:-1"},"canonical":"https:\/\/www.blackgoodies.ch\/it\/","og_locale":"it_IT","og_type":"article","og_title":"Personalisierte Abzeichen - Flammen - Merchandising","og_description":"Diese Website ist auf die auf Personalisierung und Herstellung von Abzeichen \"Flammen\" Schl\u00fcsselanh\u00e4nger und im Merchandising spezialisiert","og_url":"https:\/\/www.blackgoodies.ch\/it\/","og_site_name":"blackgoodies.ch","article_publisher":"https:\/\/www.facebook.com\/profile.php?id=100089695582463","article_modified_time":"2023-06-15T12:39:23+00:00","og_image":[{"width":209,"height":209,"url":"https:\/\/www.blackgoodies.ch\/wp-content\/uploads\/2023\/03\/favicon.png","type":"image\/png"}],"twitter_card":"summary_large_image","twitter_misc":{"Tempo di lettura stimato":"1 minuto"},"schema":{"@context":"https:\/\/schema.org","@graph":[{"@type":"WebPage","@id":"https:\/\/www.blackgoodies.ch\/","url":"https:\/\/www.blackgoodies.ch\/","name":"Personalisierte Abzeichen - Flammen - Merchandising","isPartOf":{"@id":"https:\/\/www.blackgoodies.ch\/#website"},"datePublished":"2019-02-15T13:29:15+00:00","dateModified":"2023-06-15T12:39:23+00:00","description":"Diese Website ist auf die auf Personalisierung und Herstellung von Abzeichen \"Flammen\" Schl\u00fcsselanh\u00e4nger und im Merchandising spezialisiert","inLanguage":"it-IT","potentialAction":[{"@type":"ReadAction","target":["https:\/\/www.blackgoodies.ch\/"]}]},{"@type":"WebSite","@id":"https:\/\/www.blackgoodies.ch\/#website","url":"https:\/\/www.blackgoodies.ch\/","name":"blackgoodies","description":"Emblemen - Flammen - Merchandising","publisher":{"@id":"https:\/\/www.blackgoodies.ch\/#organization"},"potentialAction":[{"@type":"SearchAction","target":{"@type":"EntryPoint","urlTemplate":"https:\/\/www.blackgoodies.ch\/?s={search_term_string}"},"query-input":"required name=search_term_string"}],"inLanguage":"it-IT"},{"@type":"Organization","@id":"https:\/\/www.blackgoodies.ch\/#organization","name":"Blackgoodies","url":"https:\/\/www.blackgoodies.ch\/","logo":{"@type":"ImageObject","inLanguage":"it-IT","@id":"https:\/\/www.blackgoodies.ch\/#\/schema\/logo\/image\/","url":"https:\/\/www.blackgoodies.ch\/wp-content\/uploads\/2023\/03\/favicon.png","contentUrl":"https:\/\/www.blackgoodies.ch\/wp-content\/uploads\/2023\/03\/favicon.png","width":209,"height":209,"caption":"Blackgoodies"},"image":{"@id":"https:\/\/www.blackgoodies.ch\/#\/schema\/logo\/image\/"},"sameAs":["https:\/\/www.facebook.com\/profile.php?id=100089695582463","https:\/\/www.instagram.com\/blackgoodiesFR\/"]}]}},"_links":{"self":[{"href":"https:\/\/www.blackgoodies.ch\/it\/wp-json\/wp\/v2\/pages\/14"}],"collection":[{"href":"https:\/\/www.blackgoodies.ch\/it\/wp-json\/wp\/v2\/pages"}],"about":[{"href":"https:\/\/www.blackgoodies.ch\/it\/wp-json\/wp\/v2\/types\/page"}],"author":[{"embeddable":true,"href":"https:\/\/www.blackgoodies.ch\/it\/wp-json\/wp\/v2\/users\/1"}],"replies":[{"embeddable":true,"href":"https:\/\/www.blackgoodies.ch\/it\/wp-json\/wp\/v2\/comments?post=14"}],"version-history":[{"count":0,"href":"https:\/\/www.blackgoodies.ch\/it\/wp-json\/wp\/v2\/pages\/14\/revisions"}],"wp:attachment":[{"href":"https:\/\/www.blackgoodies.ch\/it\/wp-json\/wp\/v2\/media?parent=14"}],"curies":[{"name":"wp","href":"https:\/\/api.w.org\/{rel}","templated":true}]}}