{"id":25906,"date":"2023-03-01T11:11:55","date_gmt":"2023-03-01T10:11:55","guid":{"rendered":"https:\/\/www.blackgoodies.ch\/?page_id=25906"},"modified":"2025-06-17T16:05:02","modified_gmt":"2025-06-17T14:05:02","slug":"abzeichen","status":"publish","type":"page","link":"https:\/\/www.blackgoodies.ch\/it\/abzeichen\/","title":{"rendered":"Stemma"},"content":{"rendered":"<p class=\"has-text-align-center\"><strong>Ob gestickt, gewebt, sublimiert\/gemischt oder aus PVC, Ihre Abzeichen werden mit gr\u00f6\u00dfter Sorgfalt hergestellt. Ob f\u00fcr 10 St\u00fcck (Minimum) oder mehr, wir k\u00fcmmern uns um Ihr Projekt.<\/strong><\/p>\n\n\n\n<p class=\"has-text-align-center\">Su <a href=\"https:\/\/www.blackgoodies.ch\/it\/\">www.blackgoodies.ch<\/a> Hai la possibilit\u00e0 di creare un preventivo o porre un ordine di stemmi direttamente online essendo guidato passo dopo passo.<\/p>\n\n\n\n<p class=\"has-text-align-center\">Sie m\u00fcssen nur noch die Lieferadresse w\u00e4hlen, zu Hause oder an der Abholstelle.<\/p>\n\n\n\n<p class=\"has-text-align-center\">Questo sito \u00e8 principalmente dedicato a privati, associazioni, ecc... Siete un professionista e volete approfittare delle nostre tariffe per rivenditori, compilate il modulo apposito. <a href=\"https:\/\/www.blackgoodies.ch\/it\/wiederverkaufer-werden\/\">Modulo <\/a>aus.<\/p>\n\n\n\n<p class=\"has-text-align-center\">Per ulteriori informazioni, visita la sezione FAQ e consigli del sito web o semplicemente contattaci tramite il nostro modulo di contatto.<\/p>\n\n\n\n<p class=\"has-text-align-center\">Akzeptierte Zahlungen: CB\/PayPal.<\/p>\n\n\n\n<figure class=\"wp-block-image aligncenter size-large\"><img decoding=\"async\" width=\"1024\" height=\"512\" src=\"https:\/\/www.blackgoodies.ch\/wp-content\/uploads\/2025\/06\/promo-site-BG-CH-25-1024x512.png\" alt=\"\" class=\"wp-image-27229\" srcset=\"https:\/\/www.blackgoodies.ch\/wp-content\/uploads\/2025\/06\/promo-site-BG-CH-25-1024x512.png 1024w, https:\/\/www.blackgoodies.ch\/wp-content\/uploads\/2025\/06\/promo-site-BG-CH-25-300x150.png 300w, https:\/\/www.blackgoodies.ch\/wp-content\/uploads\/2025\/06\/promo-site-BG-CH-25-150x75.png 150w, https:\/\/www.blackgoodies.ch\/wp-content\/uploads\/2025\/06\/promo-site-BG-CH-25-768x384.png 768w, https:\/\/www.blackgoodies.ch\/wp-content\/uploads\/2025\/06\/promo-site-BG-CH-25-18x9.png 18w, https:\/\/www.blackgoodies.ch\/wp-content\/uploads\/2025\/06\/promo-site-BG-CH-25-416x208.png 416w, https:\/\/www.blackgoodies.ch\/wp-content\/uploads\/2025\/06\/promo-site-BG-CH-25.png 1123w\" sizes=\"(max-width: 1024px) 100vw, 1024px\" \/><\/figure>","protected":false},"excerpt":{"rendered":"<p>Ob gestickt, gewebt, sublimiert\/gemischt oder aus PVC, Ihre Abzeichen werden mit gr\u00f6\u00dfter Sorgfalt hergestellt. Ob f\u00fcr 10 St\u00fcck (Minimum) oder mehr, wir k\u00fcmmern uns um Ihr Projekt. Auf www.blackgoodies.ch haben Sie die M\u00f6glichkeit, ein Angebot zu erstellen oder eine Bestellung von Abzeichen direkt online aufzugeben und sich Schritt f\u00fcr Schritt f\u00fchren zu lassen. Sie m\u00fcssen [&hellip;]<\/p>","protected":false},"author":1,"featured_media":25964,"parent":0,"menu_order":0,"comment_status":"closed","ping_status":"closed","template":"template-page-produit.php","meta":{"_acf_changed":false,"footnotes":""},"class_list":["post-25906","page","type-page","status-publish","has-post-thumbnail","hentry"],"acf":[],"yoast_head":"<!-- This site is optimized with the Yoast SEO plugin v22.0 - https:\/\/yoast.com\/wordpress\/plugins\/seo\/ -->\n<title>www.blackgoodies.ch -Abzeichen<\/title>\n<meta name=\"description\" content=\"Gestickte, gewebte, sublimierte, individuelle PVC-Abzeichen! Ab 10 St\u00fcck. Lieferung nach Hause oder im Abholpunkt. Ihre personalisierten gewebten Abzeichen\" \/>\n<meta name=\"robots\" content=\"index, follow, max-snippet:-1, max-image-preview:large, max-video-preview:-1\" \/>\n<link rel=\"canonical\" href=\"https:\/\/www.blackgoodies.ch\/it\/abzeichen\/\" \/>\n<meta property=\"og:locale\" content=\"it_IT\" \/>\n<meta property=\"og:type\" content=\"article\" \/>\n<meta property=\"og:title\" content=\"www.blackgoodies.ch -Abzeichen\" \/>\n<meta property=\"og:description\" content=\"Gestickte, gewebte, sublimierte, individuelle PVC-Abzeichen! Ab 10 St\u00fcck. Lieferung nach Hause oder im Abholpunkt. Ihre personalisierten gewebten Abzeichen\" \/>\n<meta property=\"og:url\" content=\"https:\/\/www.blackgoodies.ch\/it\/abzeichen\/\" \/>\n<meta property=\"og:site_name\" content=\"blackgoodies.ch\" \/>\n<meta property=\"article:publisher\" content=\"https:\/\/www.facebook.com\/profile.php?id=100089695582463\" \/>\n<meta property=\"article:modified_time\" content=\"2025-06-17T14:05:02+00:00\" \/>\n<meta property=\"og:image\" content=\"https:\/\/www.blackgoodies.ch\/wp-content\/uploads\/slider1\/banniere-ecusson-1.jpeg\" \/>\n\t<meta property=\"og:image:width\" content=\"1920\" \/>\n\t<meta property=\"og:image:height\" content=\"480\" \/>\n\t<meta property=\"og:image:type\" content=\"image\/jpeg\" \/>\n<meta name=\"twitter:card\" content=\"summary_large_image\" \/>\n<meta name=\"twitter:label1\" content=\"Tempo di lettura stimato\" \/>\n\t<meta name=\"twitter:data1\" content=\"1 minuto\" \/>\n<script type=\"application\/ld+json\" class=\"yoast-schema-graph\">{\"@context\":\"https:\/\/schema.org\",\"@graph\":[{\"@type\":\"WebPage\",\"@id\":\"https:\/\/www.blackgoodies.ch\/abzeichen\/\",\"url\":\"https:\/\/www.blackgoodies.ch\/abzeichen\/\",\"name\":\"www.blackgoodies.ch -Abzeichen\",\"isPartOf\":{\"@id\":\"https:\/\/www.blackgoodies.ch\/#website\"},\"datePublished\":\"2023-03-01T10:11:55+00:00\",\"dateModified\":\"2025-06-17T14:05:02+00:00\",\"description\":\"Gestickte, gewebte, sublimierte, individuelle PVC-Abzeichen! Ab 10 St\u00fcck. Lieferung nach Hause oder im Abholpunkt. Ihre personalisierten gewebten Abzeichen\",\"inLanguage\":\"it-IT\",\"potentialAction\":[{\"@type\":\"ReadAction\",\"target\":[\"https:\/\/www.blackgoodies.ch\/abzeichen\/\"]}]},{\"@type\":\"WebSite\",\"@id\":\"https:\/\/www.blackgoodies.ch\/#website\",\"url\":\"https:\/\/www.blackgoodies.ch\/\",\"name\":\"blackgoodies\",\"description\":\"Emblemen - Flammen - Merchandising\",\"publisher\":{\"@id\":\"https:\/\/www.blackgoodies.ch\/#organization\"},\"potentialAction\":[{\"@type\":\"SearchAction\",\"target\":{\"@type\":\"EntryPoint\",\"urlTemplate\":\"https:\/\/www.blackgoodies.ch\/?s={search_term_string}\"},\"query-input\":\"required name=search_term_string\"}],\"inLanguage\":\"it-IT\"},{\"@type\":\"Organization\",\"@id\":\"https:\/\/www.blackgoodies.ch\/#organization\",\"name\":\"Blackgoodies\",\"url\":\"https:\/\/www.blackgoodies.ch\/\",\"logo\":{\"@type\":\"ImageObject\",\"inLanguage\":\"it-IT\",\"@id\":\"https:\/\/www.blackgoodies.ch\/#\/schema\/logo\/image\/\",\"url\":\"https:\/\/www.blackgoodies.ch\/wp-content\/uploads\/2023\/03\/favicon.png\",\"contentUrl\":\"https:\/\/www.blackgoodies.ch\/wp-content\/uploads\/2023\/03\/favicon.png\",\"width\":209,\"height\":209,\"caption\":\"Blackgoodies\"},\"image\":{\"@id\":\"https:\/\/www.blackgoodies.ch\/#\/schema\/logo\/image\/\"},\"sameAs\":[\"https:\/\/www.facebook.com\/profile.php?id=100089695582463\",\"https:\/\/www.instagram.com\/blackgoodiesFR\/\"]}]}<\/script>\n<!-- \/ Yoast SEO plugin. -->","yoast_head_json":{"title":"www.blackgoodies.ch -Abzeichen","description":"Gestickte, gewebte, sublimierte, individuelle PVC-Abzeichen! Ab 10 St\u00fcck. Lieferung nach Hause oder im Abholpunkt. Ihre personalisierten gewebten Abzeichen","robots":{"index":"index","follow":"follow","max-snippet":"max-snippet:-1","max-image-preview":"max-image-preview:large","max-video-preview":"max-video-preview:-1"},"canonical":"https:\/\/www.blackgoodies.ch\/it\/abzeichen\/","og_locale":"it_IT","og_type":"article","og_title":"www.blackgoodies.ch -Abzeichen","og_description":"Gestickte, gewebte, sublimierte, individuelle PVC-Abzeichen! Ab 10 St\u00fcck. Lieferung nach Hause oder im Abholpunkt. Ihre personalisierten gewebten Abzeichen","og_url":"https:\/\/www.blackgoodies.ch\/it\/abzeichen\/","og_site_name":"blackgoodies.ch","article_publisher":"https:\/\/www.facebook.com\/profile.php?id=100089695582463","article_modified_time":"2025-06-17T14:05:02+00:00","og_image":[{"width":1920,"height":480,"url":"https:\/\/www.blackgoodies.ch\/wp-content\/uploads\/slider1\/banniere-ecusson-1.jpeg","type":"image\/jpeg"}],"twitter_card":"summary_large_image","twitter_misc":{"Tempo di lettura stimato":"1 minuto"},"schema":{"@context":"https:\/\/schema.org","@graph":[{"@type":"WebPage","@id":"https:\/\/www.blackgoodies.ch\/abzeichen\/","url":"https:\/\/www.blackgoodies.ch\/abzeichen\/","name":"www.blackgoodies.ch -Abzeichen","isPartOf":{"@id":"https:\/\/www.blackgoodies.ch\/#website"},"datePublished":"2023-03-01T10:11:55+00:00","dateModified":"2025-06-17T14:05:02+00:00","description":"Gestickte, gewebte, sublimierte, individuelle PVC-Abzeichen! Ab 10 St\u00fcck. Lieferung nach Hause oder im Abholpunkt. Ihre personalisierten gewebten Abzeichen","inLanguage":"it-IT","potentialAction":[{"@type":"ReadAction","target":["https:\/\/www.blackgoodies.ch\/abzeichen\/"]}]},{"@type":"WebSite","@id":"https:\/\/www.blackgoodies.ch\/#website","url":"https:\/\/www.blackgoodies.ch\/","name":"blackgoodies","description":"Emblemen - Flammen - Merchandising","publisher":{"@id":"https:\/\/www.blackgoodies.ch\/#organization"},"potentialAction":[{"@type":"SearchAction","target":{"@type":"EntryPoint","urlTemplate":"https:\/\/www.blackgoodies.ch\/?s={search_term_string}"},"query-input":"required name=search_term_string"}],"inLanguage":"it-IT"},{"@type":"Organization","@id":"https:\/\/www.blackgoodies.ch\/#organization","name":"Blackgoodies","url":"https:\/\/www.blackgoodies.ch\/","logo":{"@type":"ImageObject","inLanguage":"it-IT","@id":"https:\/\/www.blackgoodies.ch\/#\/schema\/logo\/image\/","url":"https:\/\/www.blackgoodies.ch\/wp-content\/uploads\/2023\/03\/favicon.png","contentUrl":"https:\/\/www.blackgoodies.ch\/wp-content\/uploads\/2023\/03\/favicon.png","width":209,"height":209,"caption":"Blackgoodies"},"image":{"@id":"https:\/\/www.blackgoodies.ch\/#\/schema\/logo\/image\/"},"sameAs":["https:\/\/www.facebook.com\/profile.php?id=100089695582463","https:\/\/www.instagram.com\/blackgoodiesFR\/"]}]}},"_links":{"self":[{"href":"https:\/\/www.blackgoodies.ch\/it\/wp-json\/wp\/v2\/pages\/25906"}],"collection":[{"href":"https:\/\/www.blackgoodies.ch\/it\/wp-json\/wp\/v2\/pages"}],"about":[{"href":"https:\/\/www.blackgoodies.ch\/it\/wp-json\/wp\/v2\/types\/page"}],"author":[{"embeddable":true,"href":"https:\/\/www.blackgoodies.ch\/it\/wp-json\/wp\/v2\/users\/1"}],"replies":[{"embeddable":true,"href":"https:\/\/www.blackgoodies.ch\/it\/wp-json\/wp\/v2\/comments?post=25906"}],"version-history":[{"count":0,"href":"https:\/\/www.blackgoodies.ch\/it\/wp-json\/wp\/v2\/pages\/25906\/revisions"}],"wp:featuredmedia":[{"embeddable":true,"href":"https:\/\/www.blackgoodies.ch\/it\/wp-json\/wp\/v2\/media\/25964"}],"wp:attachment":[{"href":"https:\/\/www.blackgoodies.ch\/it\/wp-json\/wp\/v2\/media?parent=25906"}],"curies":[{"name":"wp","href":"https:\/\/api.w.org\/{rel}","templated":true}]}}