{"id":48,"date":"2019-02-18T10:40:06","date_gmt":"2019-02-18T09:40:06","guid":{"rendered":"https:\/\/www.blackgoodies.ch\/?page_id=48"},"modified":"2023-05-15T17:04:35","modified_gmt":"2023-05-15T15:04:35","slug":"tipps-zur-erstellung-deines-emblems","status":"publish","type":"page","link":"https:\/\/www.blackgoodies.ch\/it\/tipps-zur-erstellung-deines-emblems\/","title":{"rendered":"Tipps zur Erstellung deines Emblems"},"content":{"rendered":"<div class=\"wp-block-media-text alignwide is-stacked-on-mobile\"><figure class=\"wp-block-media-text__media\"><img decoding=\"async\" width=\"400\" height=\"264\" src=\"https:\/\/www.blackgoodies.ch\/wp-content\/uploads\/2019\/03\/ecusson-maquette.jpg\" alt=\"\" class=\"wp-image-583 size-full\" srcset=\"https:\/\/www.blackgoodies.ch\/wp-content\/uploads\/2019\/03\/ecusson-maquette.jpg 400w, https:\/\/www.blackgoodies.ch\/wp-content\/uploads\/2019\/03\/ecusson-maquette-300x198.jpg 300w\" sizes=\"(max-width: 400px) 100vw, 400px\" \/><\/figure><div class=\"wp-block-media-text__content\">\n<ul class=\"liste wp-block-list\">\n<li>Vermeiden Sie Verl\u00e4ufe im Hintergrund (schwierig in der Stickerei umzusetzen).<\/li>\n\n\n\n<li>Verwenden Sie f\u00fcr die Beschriftung eine standardm\u00e4\u00dfige, fette Schriftart.<\/li>\n\n\n\n<li>F\u00fcgen Sie keinen Rahmen um kleine Texte hinzu.<\/li>\n\n\n\n<li>Mindestgr\u00f6\u00dfe f\u00fcr einen Buchstaben: ca. 5 mm H\u00f6he und 3 mm Breite.<\/li>\n\n\n\n<li>Vermeiden Sie Konturen um kleine Elemente in Ihrem Entwurf.<\/li>\n\n\n\n<li>Versuchen Sie, nicht mehr als 10 Farben zu verwenden, es sei denn, es ist unbedingt erforderlich (maximal 11 Farben).<\/li>\n\n\n\n<li>Ber\u00fccksichtigen Sie die Gr\u00f6\u00dfe Ihres Abzeichens, wenn Sie viele Elemente darauf haben.<\/li>\n\n\n\n<li>F\u00fcr eine Gr\u00f6\u00dfe von 5 cm oder weniger w\u00e4hlen Sie &#171;Gebordeter Rand&#187; f\u00fcr ein besseres Erscheinungsbild.<\/li>\n\n\n\n<li>Verwenden Sie vorzugsweise Standardfarben.<\/li>\n<\/ul>\n<\/div><\/div>","protected":false},"excerpt":{"rendered":"","protected":false},"author":1,"featured_media":0,"parent":0,"menu_order":0,"comment_status":"closed","ping_status":"closed","template":"","meta":{"_acf_changed":false,"footnotes":""},"class_list":["post-48","page","type-page","status-publish","hentry"],"acf":[],"yoast_head":"<!-- This site is optimized with the Yoast SEO plugin v22.0 - https:\/\/yoast.com\/wordpress\/plugins\/seo\/ -->\n<title>Tipps zur Erstellung deines Emblems - blackgoodies.ch<\/title>\n<meta name=\"robots\" content=\"index, follow, max-snippet:-1, max-image-preview:large, max-video-preview:-1\" \/>\n<link rel=\"canonical\" href=\"https:\/\/www.blackgoodies.ch\/it\/tipps-zur-erstellung-deines-emblems\/\" \/>\n<meta property=\"og:locale\" content=\"it_IT\" \/>\n<meta property=\"og:type\" content=\"article\" \/>\n<meta property=\"og:title\" content=\"Tipps zur Erstellung deines Emblems - blackgoodies.ch\" \/>\n<meta property=\"og:url\" content=\"https:\/\/www.blackgoodies.ch\/it\/tipps-zur-erstellung-deines-emblems\/\" \/>\n<meta property=\"og:site_name\" content=\"blackgoodies.ch\" \/>\n<meta property=\"article:publisher\" content=\"https:\/\/www.facebook.com\/profile.php?id=100089695582463\" \/>\n<meta property=\"article:modified_time\" content=\"2023-05-15T15:04:35+00:00\" \/>\n<meta property=\"og:image\" content=\"https:\/\/www.blackgoodies.ch\/wp-content\/uploads\/2019\/03\/ecusson-maquette.jpg\" \/>\n<meta name=\"twitter:card\" content=\"summary_large_image\" \/>\n<meta name=\"twitter:label1\" content=\"Tempo di lettura stimato\" \/>\n\t<meta name=\"twitter:data1\" content=\"1 minuto\" \/>\n<script type=\"application\/ld+json\" class=\"yoast-schema-graph\">{\"@context\":\"https:\/\/schema.org\",\"@graph\":[{\"@type\":\"WebPage\",\"@id\":\"https:\/\/www.blackgoodies.ch\/tipps-zur-erstellung-deines-emblems\/\",\"url\":\"https:\/\/www.blackgoodies.ch\/tipps-zur-erstellung-deines-emblems\/\",\"name\":\"Tipps zur Erstellung deines Emblems - blackgoodies.ch\",\"isPartOf\":{\"@id\":\"https:\/\/www.blackgoodies.ch\/#website\"},\"datePublished\":\"2019-02-18T09:40:06+00:00\",\"dateModified\":\"2023-05-15T15:04:35+00:00\",\"inLanguage\":\"it-IT\",\"potentialAction\":[{\"@type\":\"ReadAction\",\"target\":[\"https:\/\/www.blackgoodies.ch\/tipps-zur-erstellung-deines-emblems\/\"]}]},{\"@type\":\"WebSite\",\"@id\":\"https:\/\/www.blackgoodies.ch\/#website\",\"url\":\"https:\/\/www.blackgoodies.ch\/\",\"name\":\"blackgoodies\",\"description\":\"Emblemen - Flammen - Merchandising\",\"publisher\":{\"@id\":\"https:\/\/www.blackgoodies.ch\/#organization\"},\"potentialAction\":[{\"@type\":\"SearchAction\",\"target\":{\"@type\":\"EntryPoint\",\"urlTemplate\":\"https:\/\/www.blackgoodies.ch\/?s={search_term_string}\"},\"query-input\":\"required name=search_term_string\"}],\"inLanguage\":\"it-IT\"},{\"@type\":\"Organization\",\"@id\":\"https:\/\/www.blackgoodies.ch\/#organization\",\"name\":\"Blackgoodies\",\"url\":\"https:\/\/www.blackgoodies.ch\/\",\"logo\":{\"@type\":\"ImageObject\",\"inLanguage\":\"it-IT\",\"@id\":\"https:\/\/www.blackgoodies.ch\/#\/schema\/logo\/image\/\",\"url\":\"https:\/\/www.blackgoodies.ch\/wp-content\/uploads\/2023\/03\/favicon.png\",\"contentUrl\":\"https:\/\/www.blackgoodies.ch\/wp-content\/uploads\/2023\/03\/favicon.png\",\"width\":209,\"height\":209,\"caption\":\"Blackgoodies\"},\"image\":{\"@id\":\"https:\/\/www.blackgoodies.ch\/#\/schema\/logo\/image\/\"},\"sameAs\":[\"https:\/\/www.facebook.com\/profile.php?id=100089695582463\",\"https:\/\/www.instagram.com\/blackgoodiesFR\/\"]}]}<\/script>\n<!-- \/ Yoast SEO plugin. -->","yoast_head_json":{"title":"Tipps zur Erstellung deines Emblems - blackgoodies.ch","robots":{"index":"index","follow":"follow","max-snippet":"max-snippet:-1","max-image-preview":"max-image-preview:large","max-video-preview":"max-video-preview:-1"},"canonical":"https:\/\/www.blackgoodies.ch\/it\/tipps-zur-erstellung-deines-emblems\/","og_locale":"it_IT","og_type":"article","og_title":"Tipps zur Erstellung deines Emblems - blackgoodies.ch","og_url":"https:\/\/www.blackgoodies.ch\/it\/tipps-zur-erstellung-deines-emblems\/","og_site_name":"blackgoodies.ch","article_publisher":"https:\/\/www.facebook.com\/profile.php?id=100089695582463","article_modified_time":"2023-05-15T15:04:35+00:00","og_image":[{"url":"https:\/\/www.blackgoodies.ch\/wp-content\/uploads\/2019\/03\/ecusson-maquette.jpg"}],"twitter_card":"summary_large_image","twitter_misc":{"Tempo di lettura stimato":"1 minuto"},"schema":{"@context":"https:\/\/schema.org","@graph":[{"@type":"WebPage","@id":"https:\/\/www.blackgoodies.ch\/tipps-zur-erstellung-deines-emblems\/","url":"https:\/\/www.blackgoodies.ch\/tipps-zur-erstellung-deines-emblems\/","name":"Tipps zur Erstellung deines Emblems - blackgoodies.ch","isPartOf":{"@id":"https:\/\/www.blackgoodies.ch\/#website"},"datePublished":"2019-02-18T09:40:06+00:00","dateModified":"2023-05-15T15:04:35+00:00","inLanguage":"it-IT","potentialAction":[{"@type":"ReadAction","target":["https:\/\/www.blackgoodies.ch\/tipps-zur-erstellung-deines-emblems\/"]}]},{"@type":"WebSite","@id":"https:\/\/www.blackgoodies.ch\/#website","url":"https:\/\/www.blackgoodies.ch\/","name":"blackgoodies","description":"Emblemen - Flammen - Merchandising","publisher":{"@id":"https:\/\/www.blackgoodies.ch\/#organization"},"potentialAction":[{"@type":"SearchAction","target":{"@type":"EntryPoint","urlTemplate":"https:\/\/www.blackgoodies.ch\/?s={search_term_string}"},"query-input":"required name=search_term_string"}],"inLanguage":"it-IT"},{"@type":"Organization","@id":"https:\/\/www.blackgoodies.ch\/#organization","name":"Blackgoodies","url":"https:\/\/www.blackgoodies.ch\/","logo":{"@type":"ImageObject","inLanguage":"it-IT","@id":"https:\/\/www.blackgoodies.ch\/#\/schema\/logo\/image\/","url":"https:\/\/www.blackgoodies.ch\/wp-content\/uploads\/2023\/03\/favicon.png","contentUrl":"https:\/\/www.blackgoodies.ch\/wp-content\/uploads\/2023\/03\/favicon.png","width":209,"height":209,"caption":"Blackgoodies"},"image":{"@id":"https:\/\/www.blackgoodies.ch\/#\/schema\/logo\/image\/"},"sameAs":["https:\/\/www.facebook.com\/profile.php?id=100089695582463","https:\/\/www.instagram.com\/blackgoodiesFR\/"]}]}},"_links":{"self":[{"href":"https:\/\/www.blackgoodies.ch\/it\/wp-json\/wp\/v2\/pages\/48"}],"collection":[{"href":"https:\/\/www.blackgoodies.ch\/it\/wp-json\/wp\/v2\/pages"}],"about":[{"href":"https:\/\/www.blackgoodies.ch\/it\/wp-json\/wp\/v2\/types\/page"}],"author":[{"embeddable":true,"href":"https:\/\/www.blackgoodies.ch\/it\/wp-json\/wp\/v2\/users\/1"}],"replies":[{"embeddable":true,"href":"https:\/\/www.blackgoodies.ch\/it\/wp-json\/wp\/v2\/comments?post=48"}],"version-history":[{"count":0,"href":"https:\/\/www.blackgoodies.ch\/it\/wp-json\/wp\/v2\/pages\/48\/revisions"}],"wp:attachment":[{"href":"https:\/\/www.blackgoodies.ch\/it\/wp-json\/wp\/v2\/media?parent=48"}],"curies":[{"name":"wp","href":"https:\/\/api.w.org\/{rel}","templated":true}]}}