{"id":635,"date":"2019-05-22T10:41:12","date_gmt":"2019-05-22T08:41:12","guid":{"rendered":"https:\/\/www.blackgoodies.ch\/?page_id=635"},"modified":"2025-06-20T09:34:25","modified_gmt":"2025-06-20T07:34:25","slug":"datenschutzrichtlinie","status":"publish","type":"page","link":"https:\/\/www.blackgoodies.ch\/it\/datenschutzrichtlinie\/","title":{"rendered":"politica sulla riservatezza"},"content":{"rendered":"<p><strong><strong>Introduzione<\/strong><\/strong><br><\/p>\n\n\n\n<p>Di fronte allo sviluppo di nuovi strumenti di comunicazione, \u00e8 necessario prestare particolare attenzione alla tutela della privacy. Questo \u00e8 il motivo per cui ci impegniamo a rispettare la riservatezza delle informazioni personali che raccogliamo.<\/p>\n\n\n\n<hr class=\"wp-block-separator has-css-opacity\"\/>\n\n\n\n<h2 class=\"wp-block-heading\">Raccolta di informazioni personali<\/h2>\n\n\n\n<p>Raccogliamo le seguenti informazioni:<\/p>\n\n\n\n<ul class=\"wp-block-list\">\n<li>Cognome<\/li>\n\n\n\n<li>Nome<\/li>\n\n\n\n<li>Indirizzo<\/li>\n\n\n\n<li>Codice postale<\/li>\n\n\n\n<li>Indirizzo E-Mail<\/li>\n\n\n\n<li>Numero di telefono<\/li>\n<\/ul>\n\n\n\n<p>Le informazioni personali che raccogliamo vengono raccolte tramite moduli e attraverso l'interattivit\u00e0 stabilita tra te e il nostro sito web. Utilizziamo inoltre, come indicato nella sezione seguente, cookie e\/o file di registro per raccogliere informazioni su di te.<\/p>\n\n\n\n<hr class=\"wp-block-separator has-css-opacity\"\/>\n\n\n\n<h2 class=\"wp-block-heading\">Forme e interattivit\u00e0:<\/h2>\n\n\n\n<p>Le tue informazioni personali sono raccolte attraverso un modulo, vale a dire:<\/p>\n\n\n\n<ul class=\"wp-block-list\">\n<li>Modulo di registrazione al sito web<\/li>\n\n\n\n<li>Modulo d'ordine<\/li>\n<\/ul>\n\n\n\n<p>Utilizziamo le informazioni cos\u00ec raccolte per i seguenti scopi:<\/p>\n\n\n\n<ul class=\"wp-block-list\">\n<li>Tracciamento dell'ordine<\/li>\n\n\n\n<li>Informazioni \/ Offerte promozionali<\/li>\n\n\n\n<li>Statistiche<\/li>\n\n\n\n<li>Contatti<\/li>\n<\/ul>\n\n\n\n<p>Le tue informazioni vengono raccolte anche attraverso l'interattivit\u00e0 che pu\u00f2 verificarsi tra te e il nostro sito web.<br><\/p>\n\n\n\n<hr class=\"wp-block-separator has-css-opacity\"\/>\n\n\n\n<h2 class=\"wp-block-heading\">Cookie<\/h2>\n\n\n\n<p>Wir sammeln bestimmte Informationen mithilfe von Cookies. Weitere Informationen zur Verwaltung von Cookies finden Sie unter folgendem Link: <a href=\"https:\/\/www.blackgoodies.ch\/it\/cookie-richtlinien\/\">https:\/\/www.blackgoodies.ch\/cookie-richtlinien\/<\/a><br><\/p>\n\n\n\n<hr class=\"wp-block-separator has-css-opacity\"\/>\n\n\n\n<h2 class=\"wp-block-heading\">Diritto di opposizione e recesso<\/h2>\n\n\n\n<p>Ci impegniamo a offrirti il \u200b\u200bdiritto di opporti e ritirare le tue informazioni personali.<\/p>\n\n\n\n<p>Il diritto di opposizione \u00e8 inteso come la possibilit\u00e0 offerta agli utenti di Internet di rifiutare che le loro informazioni personali vengano utilizzate per determinati scopi menzionati durante la raccolta.<\/p>\n\n\n\n<p>Il diritto di recesso \u00e8 inteso come la possibilit\u00e0 offerta agli utenti di Internet di richiedere che le loro informazioni personali non appaiano pi\u00f9, ad esempio, in una mailing list.<\/p>\n\n\n\n<p>Per poter esercitare tali diritti, puoi:<\/p>\n\n\n\n<p>Post: Haupstrasse 128 &#8211; 4415 LAUSEN<br>E-Mail: infot@blackgoodies.ch<\/p>\n\n\n\n<p>Sezione del sito web: <a href=\"https:\/\/www.blackgoodies.ch\/it\/datenschutzerklarung\/\">https:\/\/www.blackgoodies.ch\/datenschutzerklarung\/<\/a><\/p>\n\n\n\n<hr class=\"wp-block-separator has-css-opacity\"\/>\n\n\n\n<h2 class=\"wp-block-heading\">Autorizzazione all'accesso<\/h2>\n\n\n\n<p>Ci impegniamo a riconoscere un diritto di accesso e rettifica alle persone interessate che desiderano consultare, modificare o addirittura cancellare le informazioni che le riguardano.<\/p>\n\n\n\n<p>L'esercizio di tale diritto avverr\u00e0:<\/p>\n\n\n\n<p>Post: Haupstrasse 128 &#8211; 4415 LAUSEN<br>E-Mail: info@blackgoodies.ch<\/p>\n\n\n\n<hr class=\"wp-block-separator has-css-opacity\"\/>\n\n\n\n<h2 class=\"wp-block-heading\">Sicurezza<\/h2>\n\n\n\n<p>Le informazioni personali che raccogliamo sono conservate in un ambiente sicuro. Le persone che lavorano per noi sono tenute a rispettare la riservatezza delle informazioni.<\/p>\n\n\n\n<p>Per garantire la sicurezza delle tue informazioni personali, utilizziamo le seguenti misure:<\/p>\n\n\n\n<ul class=\"wp-block-list\">\n<li>Gestione degli accessi \u2013 persona autorizzata<\/li>\n\n\n\n<li>Gestione degli accessi \u2013 Interessato<\/li>\n\n\n\n<li>Backup del computer<\/li>\n\n\n\n<li>ID\/ Password<\/li>\n<\/ul>\n\n\n\n<p>Ci impegniamo a mantenere un elevato grado di riservatezza incorporando le ultime innovazioni tecnologiche per garantire la riservatezza delle vostre transazioni. Tuttavia, poich\u00e9 nessun meccanismo offre la massima sicurezza, c'\u00e8 sempre qualche rischio quando si utilizza Internet per trasmettere informazioni personali.<\/p>","protected":false},"excerpt":{"rendered":"<p>Einleitung Angesichts der Entwicklung neuer Kommunikationstools ist es wichtig, der Privatsph\u00e4re besondere Aufmerksamkeit zu schenken. Aus diesem Grund verpflichten wir uns, den Schutz personenbezogener Informationen, die wir sammeln, zu respektieren. Erhebung personenbezogener Informationen Wir erfassen folgende Informationen: Die von uns gesammelten personenbezogenen Informationen werden \u00fcber Formulare und die Interaktion zwischen Ihnen und unserer Website erfasst. [&hellip;]<\/p>","protected":false},"author":1,"featured_media":0,"parent":0,"menu_order":0,"comment_status":"closed","ping_status":"closed","template":"","meta":{"_acf_changed":false,"footnotes":""},"class_list":["post-635","page","type-page","status-publish","hentry"],"acf":[],"yoast_head":"<!-- This site is optimized with the Yoast SEO plugin v22.0 - https:\/\/yoast.com\/wordpress\/plugins\/seo\/ -->\n<title>Datenschutzrichtlinie - blackgoodies.ch<\/title>\n<meta name=\"robots\" content=\"index, follow, max-snippet:-1, max-image-preview:large, max-video-preview:-1\" \/>\n<link rel=\"canonical\" href=\"https:\/\/www.blackgoodies.ch\/it\/datenschutzrichtlinie\/\" \/>\n<meta property=\"og:locale\" content=\"it_IT\" \/>\n<meta property=\"og:type\" content=\"article\" \/>\n<meta property=\"og:title\" content=\"Datenschutzrichtlinie - blackgoodies.ch\" \/>\n<meta property=\"og:description\" content=\"Einleitung Angesichts der Entwicklung neuer Kommunikationstools ist es wichtig, der Privatsph\u00e4re besondere Aufmerksamkeit zu schenken. Aus diesem Grund verpflichten wir uns, den Schutz personenbezogener Informationen, die wir sammeln, zu respektieren. Erhebung personenbezogener Informationen Wir erfassen folgende Informationen: Die von uns gesammelten personenbezogenen Informationen werden \u00fcber Formulare und die Interaktion zwischen Ihnen und unserer Website erfasst. [&hellip;]\" \/>\n<meta property=\"og:url\" content=\"https:\/\/www.blackgoodies.ch\/it\/datenschutzrichtlinie\/\" \/>\n<meta property=\"og:site_name\" content=\"blackgoodies.ch\" \/>\n<meta property=\"article:publisher\" content=\"https:\/\/www.facebook.com\/profile.php?id=100089695582463\" \/>\n<meta property=\"article:modified_time\" content=\"2025-06-20T07:34:25+00:00\" \/>\n<meta property=\"og:image\" content=\"https:\/\/www.blackgoodies.ch\/wp-content\/uploads\/2023\/03\/favicon.png\" \/>\n\t<meta property=\"og:image:width\" content=\"209\" \/>\n\t<meta property=\"og:image:height\" content=\"209\" \/>\n\t<meta property=\"og:image:type\" content=\"image\/png\" \/>\n<meta name=\"twitter:card\" content=\"summary_large_image\" \/>\n<meta name=\"twitter:label1\" content=\"Tempo di lettura stimato\" \/>\n\t<meta name=\"twitter:data1\" content=\"2 minuti\" \/>\n<script type=\"application\/ld+json\" class=\"yoast-schema-graph\">{\"@context\":\"https:\/\/schema.org\",\"@graph\":[{\"@type\":\"WebPage\",\"@id\":\"https:\/\/www.blackgoodies.ch\/datenschutzrichtlinie\/\",\"url\":\"https:\/\/www.blackgoodies.ch\/datenschutzrichtlinie\/\",\"name\":\"Datenschutzrichtlinie - blackgoodies.ch\",\"isPartOf\":{\"@id\":\"https:\/\/www.blackgoodies.ch\/#website\"},\"datePublished\":\"2019-05-22T08:41:12+00:00\",\"dateModified\":\"2025-06-20T07:34:25+00:00\",\"inLanguage\":\"it-IT\",\"potentialAction\":[{\"@type\":\"ReadAction\",\"target\":[\"https:\/\/www.blackgoodies.ch\/datenschutzrichtlinie\/\"]}]},{\"@type\":\"WebSite\",\"@id\":\"https:\/\/www.blackgoodies.ch\/#website\",\"url\":\"https:\/\/www.blackgoodies.ch\/\",\"name\":\"blackgoodies\",\"description\":\"Emblemen - Flammen - Merchandising\",\"publisher\":{\"@id\":\"https:\/\/www.blackgoodies.ch\/#organization\"},\"potentialAction\":[{\"@type\":\"SearchAction\",\"target\":{\"@type\":\"EntryPoint\",\"urlTemplate\":\"https:\/\/www.blackgoodies.ch\/?s={search_term_string}\"},\"query-input\":\"required name=search_term_string\"}],\"inLanguage\":\"it-IT\"},{\"@type\":\"Organization\",\"@id\":\"https:\/\/www.blackgoodies.ch\/#organization\",\"name\":\"Blackgoodies\",\"url\":\"https:\/\/www.blackgoodies.ch\/\",\"logo\":{\"@type\":\"ImageObject\",\"inLanguage\":\"it-IT\",\"@id\":\"https:\/\/www.blackgoodies.ch\/#\/schema\/logo\/image\/\",\"url\":\"https:\/\/www.blackgoodies.ch\/wp-content\/uploads\/2023\/03\/favicon.png\",\"contentUrl\":\"https:\/\/www.blackgoodies.ch\/wp-content\/uploads\/2023\/03\/favicon.png\",\"width\":209,\"height\":209,\"caption\":\"Blackgoodies\"},\"image\":{\"@id\":\"https:\/\/www.blackgoodies.ch\/#\/schema\/logo\/image\/\"},\"sameAs\":[\"https:\/\/www.facebook.com\/profile.php?id=100089695582463\",\"https:\/\/www.instagram.com\/blackgoodiesFR\/\"]}]}<\/script>\n<!-- \/ Yoast SEO plugin. -->","yoast_head_json":{"title":"Datenschutzrichtlinie - blackgoodies.ch","robots":{"index":"index","follow":"follow","max-snippet":"max-snippet:-1","max-image-preview":"max-image-preview:large","max-video-preview":"max-video-preview:-1"},"canonical":"https:\/\/www.blackgoodies.ch\/it\/datenschutzrichtlinie\/","og_locale":"it_IT","og_type":"article","og_title":"Datenschutzrichtlinie - blackgoodies.ch","og_description":"Einleitung Angesichts der Entwicklung neuer Kommunikationstools ist es wichtig, der Privatsph\u00e4re besondere Aufmerksamkeit zu schenken. Aus diesem Grund verpflichten wir uns, den Schutz personenbezogener Informationen, die wir sammeln, zu respektieren. Erhebung personenbezogener Informationen Wir erfassen folgende Informationen: Die von uns gesammelten personenbezogenen Informationen werden \u00fcber Formulare und die Interaktion zwischen Ihnen und unserer Website erfasst. [&hellip;]","og_url":"https:\/\/www.blackgoodies.ch\/it\/datenschutzrichtlinie\/","og_site_name":"blackgoodies.ch","article_publisher":"https:\/\/www.facebook.com\/profile.php?id=100089695582463","article_modified_time":"2025-06-20T07:34:25+00:00","og_image":[{"width":209,"height":209,"url":"https:\/\/www.blackgoodies.ch\/wp-content\/uploads\/2023\/03\/favicon.png","type":"image\/png"}],"twitter_card":"summary_large_image","twitter_misc":{"Tempo di lettura stimato":"2 minuti"},"schema":{"@context":"https:\/\/schema.org","@graph":[{"@type":"WebPage","@id":"https:\/\/www.blackgoodies.ch\/datenschutzrichtlinie\/","url":"https:\/\/www.blackgoodies.ch\/datenschutzrichtlinie\/","name":"Datenschutzrichtlinie - blackgoodies.ch","isPartOf":{"@id":"https:\/\/www.blackgoodies.ch\/#website"},"datePublished":"2019-05-22T08:41:12+00:00","dateModified":"2025-06-20T07:34:25+00:00","inLanguage":"it-IT","potentialAction":[{"@type":"ReadAction","target":["https:\/\/www.blackgoodies.ch\/datenschutzrichtlinie\/"]}]},{"@type":"WebSite","@id":"https:\/\/www.blackgoodies.ch\/#website","url":"https:\/\/www.blackgoodies.ch\/","name":"blackgoodies","description":"Emblemen - Flammen - Merchandising","publisher":{"@id":"https:\/\/www.blackgoodies.ch\/#organization"},"potentialAction":[{"@type":"SearchAction","target":{"@type":"EntryPoint","urlTemplate":"https:\/\/www.blackgoodies.ch\/?s={search_term_string}"},"query-input":"required name=search_term_string"}],"inLanguage":"it-IT"},{"@type":"Organization","@id":"https:\/\/www.blackgoodies.ch\/#organization","name":"Blackgoodies","url":"https:\/\/www.blackgoodies.ch\/","logo":{"@type":"ImageObject","inLanguage":"it-IT","@id":"https:\/\/www.blackgoodies.ch\/#\/schema\/logo\/image\/","url":"https:\/\/www.blackgoodies.ch\/wp-content\/uploads\/2023\/03\/favicon.png","contentUrl":"https:\/\/www.blackgoodies.ch\/wp-content\/uploads\/2023\/03\/favicon.png","width":209,"height":209,"caption":"Blackgoodies"},"image":{"@id":"https:\/\/www.blackgoodies.ch\/#\/schema\/logo\/image\/"},"sameAs":["https:\/\/www.facebook.com\/profile.php?id=100089695582463","https:\/\/www.instagram.com\/blackgoodiesFR\/"]}]}},"_links":{"self":[{"href":"https:\/\/www.blackgoodies.ch\/it\/wp-json\/wp\/v2\/pages\/635"}],"collection":[{"href":"https:\/\/www.blackgoodies.ch\/it\/wp-json\/wp\/v2\/pages"}],"about":[{"href":"https:\/\/www.blackgoodies.ch\/it\/wp-json\/wp\/v2\/types\/page"}],"author":[{"embeddable":true,"href":"https:\/\/www.blackgoodies.ch\/it\/wp-json\/wp\/v2\/users\/1"}],"replies":[{"embeddable":true,"href":"https:\/\/www.blackgoodies.ch\/it\/wp-json\/wp\/v2\/comments?post=635"}],"version-history":[{"count":0,"href":"https:\/\/www.blackgoodies.ch\/it\/wp-json\/wp\/v2\/pages\/635\/revisions"}],"wp:attachment":[{"href":"https:\/\/www.blackgoodies.ch\/it\/wp-json\/wp\/v2\/media?parent=635"}],"curies":[{"name":"wp","href":"https:\/\/api.w.org\/{rel}","templated":true}]}}