{"id":660,"date":"2019-05-22T11:32:35","date_gmt":"2019-05-22T09:32:35","guid":{"rendered":"https:\/\/www.blackgoodies.ch\/?page_id=660"},"modified":"2023-05-16T11:57:47","modified_gmt":"2023-05-16T09:57:47","slug":"cookie-richtlinien","status":"publish","type":"page","link":"https:\/\/www.blackgoodies.ch\/it\/cookie-richtlinien\/","title":{"rendered":"Saperne di pi\u00f9 sui cookie"},"content":{"rendered":"<h2 class=\"wp-block-heading\"><strong>Accettazione o rifiuto dei cookie<\/strong><\/h2>\n\n\n\n<p>Esistono diversi modi per gestire i cookie.<\/p>\n\n\n\n<p>Le impostazioni del tuo browser Internet<\/p>\n\n\n\n<p>Puoi scegliere di disabilitare questi cookie in qualsiasi momento. Il tuo browser pu\u00f2 anche essere impostato per avvisarti quando i cookie vengono inseriti sul tuo computer e chiedere il tuo consenso per farlo. \u00c8 possibile accettare o rifiutare i cookie singolarmente o rifiutarli in generale.<\/p>\n\n\n\n<p>Si prega di notare che la modifica delle impostazioni pu\u00f2 influire sull'accesso ai nostri servizi che richiedono l'uso di cookie.<\/p>\n\n\n\n<p>Se il tuo browser \u00e8 configurato per rifiutare tutti i cookie, potresti non essere in grado di utilizzare alcune funzionalit\u00e0 di base del nostro sito web. Al fine di gestire i cookie nel miglior modo possibile, ti consigliamo di impostare il tuo browser in base alle finalit\u00e0 dei cookie sopra menzionate.<\/p>\n\n\n\n<p>Ecco come controllare o bloccare la memorizzazione dei cookie:<\/p>\n\n\n\n<p>La configurazione di ogni browser \u00e8 diversa. \u00c8 descritto nel menu di aiuto del tuo browser, dove puoi scoprire come modificare le impostazioni dei cookie.<\/p>\n\n\n\n<p>Vous pouvez d\u00e9sactiver les cookies comme suit :<\/p>\n\n\n\n<p><strong>a) Se si utilizza Internet Explorer<\/strong><\/p>\n\n\n\n<p>1.Fare clic sull'icona a forma di ingranaggio in alto a destra dello schermo.<br>2.Opzioni Internet<br>3.Scheda Privacy &gt; siti web<br>4.Klicken Sie auf &#171;Alle l\u00f6schen&#187; (oder w\u00e4hlen Sie das gew\u00fcnschte Cookie aus und klicken Sie auf &#171;L\u00f6schen&#187;).<\/p>\n\n\n\n<p><strong>b) Se si utilizza Firefox<\/strong><\/p>\n\n\n\n<p>1.Vai al menu home&gt; Impostazioni<br>2.W\u00e4hlen Sie im angezeigten Fenster &#171;Datenschutz und Sicherheit&#187; aus und klicken Sie auf &#171;Cookies und Websitedaten&#187; &gt; &#171;Daten verwalten&#8230;&#187;<br>3.Suchen Sie nach Dateien, die den Namen &#171;Ihre Website&#187; enthalten. W\u00e4hlen Sie sie aus und l\u00f6schen Sie sie.<\/p>\n\n\n\n<p><strong>c) Se stai usando Safari<\/strong><\/p>\n\n\n\n<p>1.Apri Safari.<br>2.Fare clic su Safari nella barra dei menu.<br>3.W\u00e4hlen Sie &#171;Einstellungen&#8230;&#187;<br>4.W\u00e4hlen Sie den Tab &#171;Datenschutz&#187;.<br>5.Klicken Sie auf &#171;Details&#187; und dann auf &#171;Cookies und andere Websitedaten entfernen&#187; und entfernen Sie diese.<\/p>\n\n\n\n<p><strong>d) Se si utilizza Google Chrome<\/strong><\/p>\n\n\n\n<p>1.Apri Chrome sul tuo computer.<br>2.Fare clic sull'icona con i tre punti nell'angolo in alto a destra.<br>3.Klicken Sie unten auf &#171;Einstellungen&#187;.<br>4.Klicken Sie unten auf &#171;Erweitert&#187;.<br>5.Klicken Sie im Abschnitt &#171;Datenschutz und Sicherheit&#187; auf &#171;Inhaltseinstellungen&#187;.<br>6.Klicken Sie auf &#171;Cookies&#187;.<br>7.Suchen Sie im Abschnitt &#171;Alle Cookies und Websitedaten&#187; nach dem Namen der Website.<br>8.Klicken Sie rechts neben der Website auf &#171;L\u00f6schen&#187;.<\/p>","protected":false},"excerpt":{"rendered":"<p>Cookies akzeptieren oder ablehnen Sie haben verschiedene M\u00f6glichkeiten, Cookies zu verwalten. Die Einstellungen Ihres Internetbrowsers Sie k\u00f6nnen jederzeit w\u00e4hlen, diese Cookies zu deaktivieren. Ihr Browser kann auch so eingestellt werden, dass er Sie benachrichtigt, wenn Cookies auf Ihrem Computer abgelegt werden, und Sie um Ihre Zustimmung dazu bittet. Sie k\u00f6nnen Cookies einzeln akzeptieren oder ablehnen [&hellip;]<\/p>","protected":false},"author":1,"featured_media":0,"parent":0,"menu_order":0,"comment_status":"closed","ping_status":"closed","template":"","meta":{"_acf_changed":false,"footnotes":""},"class_list":["post-660","page","type-page","status-publish","hentry"],"acf":[],"yoast_head":"<!-- This site is optimized with the Yoast SEO plugin v22.0 - https:\/\/yoast.com\/wordpress\/plugins\/seo\/ -->\n<title>Cookie-richtlinien - blackgoodies.ch<\/title>\n<meta name=\"robots\" content=\"index, follow, max-snippet:-1, max-image-preview:large, max-video-preview:-1\" \/>\n<link rel=\"canonical\" href=\"https:\/\/www.blackgoodies.ch\/it\/cookie-richtlinien\/\" \/>\n<meta property=\"og:locale\" content=\"it_IT\" \/>\n<meta property=\"og:type\" content=\"article\" \/>\n<meta property=\"og:title\" content=\"Cookie-richtlinien - blackgoodies.ch\" \/>\n<meta property=\"og:description\" content=\"Cookies akzeptieren oder ablehnen Sie haben verschiedene M\u00f6glichkeiten, Cookies zu verwalten. Die Einstellungen Ihres Internetbrowsers Sie k\u00f6nnen jederzeit w\u00e4hlen, diese Cookies zu deaktivieren. Ihr Browser kann auch so eingestellt werden, dass er Sie benachrichtigt, wenn Cookies auf Ihrem Computer abgelegt werden, und Sie um Ihre Zustimmung dazu bittet. Sie k\u00f6nnen Cookies einzeln akzeptieren oder ablehnen [&hellip;]\" \/>\n<meta property=\"og:url\" content=\"https:\/\/www.blackgoodies.ch\/it\/cookie-richtlinien\/\" \/>\n<meta property=\"og:site_name\" content=\"blackgoodies.ch\" \/>\n<meta property=\"article:publisher\" content=\"https:\/\/www.facebook.com\/profile.php?id=100089695582463\" \/>\n<meta property=\"article:modified_time\" content=\"2023-05-16T09:57:47+00:00\" \/>\n<meta property=\"og:image\" content=\"https:\/\/www.blackgoodies.ch\/wp-content\/uploads\/2023\/03\/favicon.png\" \/>\n\t<meta property=\"og:image:width\" content=\"209\" \/>\n\t<meta property=\"og:image:height\" content=\"209\" \/>\n\t<meta property=\"og:image:type\" content=\"image\/png\" \/>\n<meta name=\"twitter:card\" content=\"summary_large_image\" \/>\n<meta name=\"twitter:label1\" content=\"Tempo di lettura stimato\" \/>\n\t<meta name=\"twitter:data1\" content=\"2 minuti\" \/>\n<script type=\"application\/ld+json\" class=\"yoast-schema-graph\">{\"@context\":\"https:\/\/schema.org\",\"@graph\":[{\"@type\":\"WebPage\",\"@id\":\"https:\/\/www.blackgoodies.ch\/cookie-richtlinien\/\",\"url\":\"https:\/\/www.blackgoodies.ch\/cookie-richtlinien\/\",\"name\":\"Cookie-richtlinien - blackgoodies.ch\",\"isPartOf\":{\"@id\":\"https:\/\/www.blackgoodies.ch\/#website\"},\"datePublished\":\"2019-05-22T09:32:35+00:00\",\"dateModified\":\"2023-05-16T09:57:47+00:00\",\"inLanguage\":\"it-IT\",\"potentialAction\":[{\"@type\":\"ReadAction\",\"target\":[\"https:\/\/www.blackgoodies.ch\/cookie-richtlinien\/\"]}]},{\"@type\":\"WebSite\",\"@id\":\"https:\/\/www.blackgoodies.ch\/#website\",\"url\":\"https:\/\/www.blackgoodies.ch\/\",\"name\":\"blackgoodies\",\"description\":\"Emblemen - Flammen - Merchandising\",\"publisher\":{\"@id\":\"https:\/\/www.blackgoodies.ch\/#organization\"},\"potentialAction\":[{\"@type\":\"SearchAction\",\"target\":{\"@type\":\"EntryPoint\",\"urlTemplate\":\"https:\/\/www.blackgoodies.ch\/?s={search_term_string}\"},\"query-input\":\"required name=search_term_string\"}],\"inLanguage\":\"it-IT\"},{\"@type\":\"Organization\",\"@id\":\"https:\/\/www.blackgoodies.ch\/#organization\",\"name\":\"Blackgoodies\",\"url\":\"https:\/\/www.blackgoodies.ch\/\",\"logo\":{\"@type\":\"ImageObject\",\"inLanguage\":\"it-IT\",\"@id\":\"https:\/\/www.blackgoodies.ch\/#\/schema\/logo\/image\/\",\"url\":\"https:\/\/www.blackgoodies.ch\/wp-content\/uploads\/2023\/03\/favicon.png\",\"contentUrl\":\"https:\/\/www.blackgoodies.ch\/wp-content\/uploads\/2023\/03\/favicon.png\",\"width\":209,\"height\":209,\"caption\":\"Blackgoodies\"},\"image\":{\"@id\":\"https:\/\/www.blackgoodies.ch\/#\/schema\/logo\/image\/\"},\"sameAs\":[\"https:\/\/www.facebook.com\/profile.php?id=100089695582463\",\"https:\/\/www.instagram.com\/blackgoodiesFR\/\"]}]}<\/script>\n<!-- \/ Yoast SEO plugin. -->","yoast_head_json":{"title":"Cookie-richtlinien - blackgoodies.ch","robots":{"index":"index","follow":"follow","max-snippet":"max-snippet:-1","max-image-preview":"max-image-preview:large","max-video-preview":"max-video-preview:-1"},"canonical":"https:\/\/www.blackgoodies.ch\/it\/cookie-richtlinien\/","og_locale":"it_IT","og_type":"article","og_title":"Cookie-richtlinien - blackgoodies.ch","og_description":"Cookies akzeptieren oder ablehnen Sie haben verschiedene M\u00f6glichkeiten, Cookies zu verwalten. Die Einstellungen Ihres Internetbrowsers Sie k\u00f6nnen jederzeit w\u00e4hlen, diese Cookies zu deaktivieren. Ihr Browser kann auch so eingestellt werden, dass er Sie benachrichtigt, wenn Cookies auf Ihrem Computer abgelegt werden, und Sie um Ihre Zustimmung dazu bittet. Sie k\u00f6nnen Cookies einzeln akzeptieren oder ablehnen [&hellip;]","og_url":"https:\/\/www.blackgoodies.ch\/it\/cookie-richtlinien\/","og_site_name":"blackgoodies.ch","article_publisher":"https:\/\/www.facebook.com\/profile.php?id=100089695582463","article_modified_time":"2023-05-16T09:57:47+00:00","og_image":[{"width":209,"height":209,"url":"https:\/\/www.blackgoodies.ch\/wp-content\/uploads\/2023\/03\/favicon.png","type":"image\/png"}],"twitter_card":"summary_large_image","twitter_misc":{"Tempo di lettura stimato":"2 minuti"},"schema":{"@context":"https:\/\/schema.org","@graph":[{"@type":"WebPage","@id":"https:\/\/www.blackgoodies.ch\/cookie-richtlinien\/","url":"https:\/\/www.blackgoodies.ch\/cookie-richtlinien\/","name":"Cookie-richtlinien - blackgoodies.ch","isPartOf":{"@id":"https:\/\/www.blackgoodies.ch\/#website"},"datePublished":"2019-05-22T09:32:35+00:00","dateModified":"2023-05-16T09:57:47+00:00","inLanguage":"it-IT","potentialAction":[{"@type":"ReadAction","target":["https:\/\/www.blackgoodies.ch\/cookie-richtlinien\/"]}]},{"@type":"WebSite","@id":"https:\/\/www.blackgoodies.ch\/#website","url":"https:\/\/www.blackgoodies.ch\/","name":"blackgoodies","description":"Emblemen - Flammen - Merchandising","publisher":{"@id":"https:\/\/www.blackgoodies.ch\/#organization"},"potentialAction":[{"@type":"SearchAction","target":{"@type":"EntryPoint","urlTemplate":"https:\/\/www.blackgoodies.ch\/?s={search_term_string}"},"query-input":"required name=search_term_string"}],"inLanguage":"it-IT"},{"@type":"Organization","@id":"https:\/\/www.blackgoodies.ch\/#organization","name":"Blackgoodies","url":"https:\/\/www.blackgoodies.ch\/","logo":{"@type":"ImageObject","inLanguage":"it-IT","@id":"https:\/\/www.blackgoodies.ch\/#\/schema\/logo\/image\/","url":"https:\/\/www.blackgoodies.ch\/wp-content\/uploads\/2023\/03\/favicon.png","contentUrl":"https:\/\/www.blackgoodies.ch\/wp-content\/uploads\/2023\/03\/favicon.png","width":209,"height":209,"caption":"Blackgoodies"},"image":{"@id":"https:\/\/www.blackgoodies.ch\/#\/schema\/logo\/image\/"},"sameAs":["https:\/\/www.facebook.com\/profile.php?id=100089695582463","https:\/\/www.instagram.com\/blackgoodiesFR\/"]}]}},"_links":{"self":[{"href":"https:\/\/www.blackgoodies.ch\/it\/wp-json\/wp\/v2\/pages\/660"}],"collection":[{"href":"https:\/\/www.blackgoodies.ch\/it\/wp-json\/wp\/v2\/pages"}],"about":[{"href":"https:\/\/www.blackgoodies.ch\/it\/wp-json\/wp\/v2\/types\/page"}],"author":[{"embeddable":true,"href":"https:\/\/www.blackgoodies.ch\/it\/wp-json\/wp\/v2\/users\/1"}],"replies":[{"embeddable":true,"href":"https:\/\/www.blackgoodies.ch\/it\/wp-json\/wp\/v2\/comments?post=660"}],"version-history":[{"count":0,"href":"https:\/\/www.blackgoodies.ch\/it\/wp-json\/wp\/v2\/pages\/660\/revisions"}],"wp:attachment":[{"href":"https:\/\/www.blackgoodies.ch\/it\/wp-json\/wp\/v2\/media?parent=660"}],"curies":[{"name":"wp","href":"https:\/\/api.w.org\/{rel}","templated":true}]}}