{"id":280,"date":"2019-02-21T10:29:52","date_gmt":"2019-02-21T09:29:52","guid":{"rendered":"https:\/\/www.blackgoodies.ch\/?post_type=product&#038;p=280"},"modified":"2024-10-28T16:19:30","modified_gmt":"2024-10-28T15:19:30","slug":"sublimierte-gemischte-abzeichen","status":"publish","type":"product","link":"https:\/\/www.blackgoodies.ch\/it\/prodotto\/sublimierte-gemischte-abzeichen\/","title":{"rendered":"Sublimierte\/gemischte Abzeichen"},"content":{"rendered":"<p>Die \u00abgemischten\u00bb Aufn\u00e4her, auch \u00absublimiert\u00bb genannt, sind eine effektive Alternative zu Zeichnungen oder Mustern, die f\u00fcr Stickereien oder Weben zu komplex sind. Sie bestehen aus einem Stoff aus 100% Polyester, der speziell f\u00fcr den High-Definition-Druck entwickelt wurde. Auf diesen wird das Bild direkt auf den Stoff gedruckt, um Detailverluste zu vermeiden, beispielsweise bei Fotos oder der Vierfarbgebung *. Diese Art von Aufn\u00e4hern erm\u00f6glicht Drucke mit Farbverl\u00e4ufen, sehr feinen Linien, Reproduktionen von Schatten, Details oder auch kleinen Buchstaben, die nicht in Stickerei oder Weberei reproduzierbar sind und bis 40\u00b0C waschbar sind.<\/p>\n<p>Eine Bestellung von \u00abgemischten\u00bb Emblemen muss mindestens 25 St\u00fcck umfassen.<\/p>","protected":false},"excerpt":{"rendered":"<p>Die \u00abgemischten\u00bb Aufn\u00e4her, auch \u00absublimiert\u00bb genannt, sind eine effektive Alternative zu Zeichnungen oder Mustern, die f\u00fcr Stickereien oder Weben zu komplex sind. Sie bestehen aus einem Stoff aus 100% Polyester, der speziell f\u00fcr den High-Definition-Druck entwickelt wurde. Auf diesen wird das Bild direkt auf den Stoff gedruckt, um Detailverluste zu vermeiden, beispielsweise bei Fotos oder [&hellip;]<\/p>","protected":false},"featured_media":25977,"template":"","meta":{"_acf_changed":false},"product_cat":[18],"product_tag":[],"class_list":{"0":"post-280","1":"product","2":"type-product","3":"status-publish","4":"has-post-thumbnail","6":"product_cat-emblemen","8":"first","9":"instock","10":"taxable","11":"shipping-taxable","12":"purchasable","13":"product-type-simple"},"acf":[],"yoast_head":"<!-- This site is optimized with the Yoast SEO plugin v22.0 - https:\/\/yoast.com\/wordpress\/plugins\/seo\/ -->\n<title>Sublimierte\/gemischte Abzeichen - blackgoodies.ch<\/title>\n<meta name=\"robots\" content=\"index, follow, max-snippet:-1, max-image-preview:large, max-video-preview:-1\" \/>\n<link rel=\"canonical\" href=\"https:\/\/www.blackgoodies.ch\/it\/prodotto\/sublimierte-gemischte-abzeichen\/\" \/>\n<meta property=\"og:locale\" content=\"it_IT\" \/>\n<meta property=\"og:type\" content=\"article\" \/>\n<meta property=\"og:title\" content=\"Sublimierte\/gemischte Abzeichen - blackgoodies.ch\" \/>\n<meta property=\"og:description\" content=\"Die \u00abgemischten\u00bb Aufn\u00e4her, auch \u00absublimiert\u00bb genannt, sind eine effektive Alternative zu Zeichnungen oder Mustern, die f\u00fcr Stickereien oder Weben zu komplex sind. Sie bestehen aus einem Stoff aus 100% Polyester, der speziell f\u00fcr den High-Definition-Druck entwickelt wurde. Auf diesen wird das Bild direkt auf den Stoff gedruckt, um Detailverluste zu vermeiden, beispielsweise bei Fotos oder [&hellip;]\" \/>\n<meta property=\"og:url\" content=\"https:\/\/www.blackgoodies.ch\/it\/prodotto\/sublimierte-gemischte-abzeichen\/\" \/>\n<meta property=\"og:site_name\" content=\"blackgoodies.ch\" \/>\n<meta property=\"article:publisher\" content=\"https:\/\/www.facebook.com\/profile.php?id=100089695582463\" \/>\n<meta property=\"article:modified_time\" content=\"2024-10-28T15:19:30+00:00\" \/>\n<meta property=\"og:image\" content=\"https:\/\/www.blackgoodies.ch\/wp-content\/uploads\/2019\/02\/imprime-patch-seul-02.jpg\" \/>\n\t<meta property=\"og:image:width\" content=\"750\" \/>\n\t<meta property=\"og:image:height\" content=\"750\" \/>\n\t<meta property=\"og:image:type\" content=\"image\/jpeg\" \/>\n<meta name=\"twitter:card\" content=\"summary_large_image\" \/>\n<meta name=\"twitter:label1\" content=\"Tempo di lettura stimato\" \/>\n\t<meta name=\"twitter:data1\" content=\"1 minuto\" \/>\n<script type=\"application\/ld+json\" class=\"yoast-schema-graph\">{\"@context\":\"https:\/\/schema.org\",\"@graph\":[{\"@type\":\"WebPage\",\"@id\":\"https:\/\/www.blackgoodies.ch\/produkt\/sublimierte-gemischte-abzeichen\/\",\"url\":\"https:\/\/www.blackgoodies.ch\/produkt\/sublimierte-gemischte-abzeichen\/\",\"name\":\"Sublimierte\/gemischte Abzeichen - blackgoodies.ch\",\"isPartOf\":{\"@id\":\"https:\/\/www.blackgoodies.ch\/#website\"},\"datePublished\":\"2019-02-21T09:29:52+00:00\",\"dateModified\":\"2024-10-28T15:19:30+00:00\",\"breadcrumb\":{\"@id\":\"https:\/\/www.blackgoodies.ch\/produkt\/sublimierte-gemischte-abzeichen\/#breadcrumb\"},\"inLanguage\":\"it-IT\",\"potentialAction\":[{\"@type\":\"ReadAction\",\"target\":[\"https:\/\/www.blackgoodies.ch\/produkt\/sublimierte-gemischte-abzeichen\/\"]}]},{\"@type\":\"BreadcrumbList\",\"@id\":\"https:\/\/www.blackgoodies.ch\/produkt\/sublimierte-gemischte-abzeichen\/#breadcrumb\",\"itemListElement\":[{\"@type\":\"ListItem\",\"position\":1,\"name\":\"Das Gesch\u00e4ft\",\"item\":\"https:\/\/www.blackgoodies.ch\/shop\/\"},{\"@type\":\"ListItem\",\"position\":2,\"name\":\"Sublimierte\/gemischte Abzeichen\"}]},{\"@type\":\"WebSite\",\"@id\":\"https:\/\/www.blackgoodies.ch\/#website\",\"url\":\"https:\/\/www.blackgoodies.ch\/\",\"name\":\"blackgoodies\",\"description\":\"Emblemen - Flammen - Merchandising\",\"publisher\":{\"@id\":\"https:\/\/www.blackgoodies.ch\/#organization\"},\"potentialAction\":[{\"@type\":\"SearchAction\",\"target\":{\"@type\":\"EntryPoint\",\"urlTemplate\":\"https:\/\/www.blackgoodies.ch\/?s={search_term_string}\"},\"query-input\":\"required name=search_term_string\"}],\"inLanguage\":\"it-IT\"},{\"@type\":\"Organization\",\"@id\":\"https:\/\/www.blackgoodies.ch\/#organization\",\"name\":\"Blackgoodies\",\"url\":\"https:\/\/www.blackgoodies.ch\/\",\"logo\":{\"@type\":\"ImageObject\",\"inLanguage\":\"it-IT\",\"@id\":\"https:\/\/www.blackgoodies.ch\/#\/schema\/logo\/image\/\",\"url\":\"https:\/\/www.blackgoodies.ch\/wp-content\/uploads\/2023\/03\/favicon.png\",\"contentUrl\":\"https:\/\/www.blackgoodies.ch\/wp-content\/uploads\/2023\/03\/favicon.png\",\"width\":209,\"height\":209,\"caption\":\"Blackgoodies\"},\"image\":{\"@id\":\"https:\/\/www.blackgoodies.ch\/#\/schema\/logo\/image\/\"},\"sameAs\":[\"https:\/\/www.facebook.com\/profile.php?id=100089695582463\",\"https:\/\/www.instagram.com\/blackgoodiesFR\/\"]}]}<\/script>\n<!-- \/ Yoast SEO plugin. -->","yoast_head_json":{"title":"Sublimierte\/gemischte Abzeichen - blackgoodies.ch","robots":{"index":"index","follow":"follow","max-snippet":"max-snippet:-1","max-image-preview":"max-image-preview:large","max-video-preview":"max-video-preview:-1"},"canonical":"https:\/\/www.blackgoodies.ch\/it\/prodotto\/sublimierte-gemischte-abzeichen\/","og_locale":"it_IT","og_type":"article","og_title":"Sublimierte\/gemischte Abzeichen - blackgoodies.ch","og_description":"Die \u00abgemischten\u00bb Aufn\u00e4her, auch \u00absublimiert\u00bb genannt, sind eine effektive Alternative zu Zeichnungen oder Mustern, die f\u00fcr Stickereien oder Weben zu komplex sind. Sie bestehen aus einem Stoff aus 100% Polyester, der speziell f\u00fcr den High-Definition-Druck entwickelt wurde. Auf diesen wird das Bild direkt auf den Stoff gedruckt, um Detailverluste zu vermeiden, beispielsweise bei Fotos oder [&hellip;]","og_url":"https:\/\/www.blackgoodies.ch\/it\/prodotto\/sublimierte-gemischte-abzeichen\/","og_site_name":"blackgoodies.ch","article_publisher":"https:\/\/www.facebook.com\/profile.php?id=100089695582463","article_modified_time":"2024-10-28T15:19:30+00:00","og_image":[{"width":750,"height":750,"url":"https:\/\/www.blackgoodies.ch\/wp-content\/uploads\/2019\/02\/imprime-patch-seul-02.jpg","type":"image\/jpeg"}],"twitter_card":"summary_large_image","twitter_misc":{"Tempo di lettura stimato":"1 minuto"},"schema":{"@context":"https:\/\/schema.org","@graph":[{"@type":"WebPage","@id":"https:\/\/www.blackgoodies.ch\/produkt\/sublimierte-gemischte-abzeichen\/","url":"https:\/\/www.blackgoodies.ch\/produkt\/sublimierte-gemischte-abzeichen\/","name":"Sublimierte\/gemischte Abzeichen - blackgoodies.ch","isPartOf":{"@id":"https:\/\/www.blackgoodies.ch\/#website"},"datePublished":"2019-02-21T09:29:52+00:00","dateModified":"2024-10-28T15:19:30+00:00","breadcrumb":{"@id":"https:\/\/www.blackgoodies.ch\/produkt\/sublimierte-gemischte-abzeichen\/#breadcrumb"},"inLanguage":"it-IT","potentialAction":[{"@type":"ReadAction","target":["https:\/\/www.blackgoodies.ch\/produkt\/sublimierte-gemischte-abzeichen\/"]}]},{"@type":"BreadcrumbList","@id":"https:\/\/www.blackgoodies.ch\/produkt\/sublimierte-gemischte-abzeichen\/#breadcrumb","itemListElement":[{"@type":"ListItem","position":1,"name":"Das Gesch\u00e4ft","item":"https:\/\/www.blackgoodies.ch\/shop\/"},{"@type":"ListItem","position":2,"name":"Sublimierte\/gemischte Abzeichen"}]},{"@type":"WebSite","@id":"https:\/\/www.blackgoodies.ch\/#website","url":"https:\/\/www.blackgoodies.ch\/","name":"blackgoodies","description":"Emblemen - Flammen - Merchandising","publisher":{"@id":"https:\/\/www.blackgoodies.ch\/#organization"},"potentialAction":[{"@type":"SearchAction","target":{"@type":"EntryPoint","urlTemplate":"https:\/\/www.blackgoodies.ch\/?s={search_term_string}"},"query-input":"required name=search_term_string"}],"inLanguage":"it-IT"},{"@type":"Organization","@id":"https:\/\/www.blackgoodies.ch\/#organization","name":"Blackgoodies","url":"https:\/\/www.blackgoodies.ch\/","logo":{"@type":"ImageObject","inLanguage":"it-IT","@id":"https:\/\/www.blackgoodies.ch\/#\/schema\/logo\/image\/","url":"https:\/\/www.blackgoodies.ch\/wp-content\/uploads\/2023\/03\/favicon.png","contentUrl":"https:\/\/www.blackgoodies.ch\/wp-content\/uploads\/2023\/03\/favicon.png","width":209,"height":209,"caption":"Blackgoodies"},"image":{"@id":"https:\/\/www.blackgoodies.ch\/#\/schema\/logo\/image\/"},"sameAs":["https:\/\/www.facebook.com\/profile.php?id=100089695582463","https:\/\/www.instagram.com\/blackgoodiesFR\/"]}]}},"_links":{"self":[{"href":"https:\/\/www.blackgoodies.ch\/it\/wp-json\/wp\/v2\/product\/280"}],"collection":[{"href":"https:\/\/www.blackgoodies.ch\/it\/wp-json\/wp\/v2\/product"}],"about":[{"href":"https:\/\/www.blackgoodies.ch\/it\/wp-json\/wp\/v2\/types\/product"}],"wp:featuredmedia":[{"embeddable":true,"href":"https:\/\/www.blackgoodies.ch\/it\/wp-json\/wp\/v2\/media\/25977"}],"wp:attachment":[{"href":"https:\/\/www.blackgoodies.ch\/it\/wp-json\/wp\/v2\/media?parent=280"}],"wp:term":[{"taxonomy":"product_cat","embeddable":true,"href":"https:\/\/www.blackgoodies.ch\/it\/wp-json\/wp\/v2\/product_cat?post=280"},{"taxonomy":"product_tag","embeddable":true,"href":"https:\/\/www.blackgoodies.ch\/it\/wp-json\/wp\/v2\/product_tag?post=280"}],"curies":[{"name":"wp","href":"https:\/\/api.w.org\/{rel}","templated":true}]}}